{"id":540,"date":"2024-06-12T10:57:50","date_gmt":"2024-06-12T10:57:50","guid":{"rendered":"http:\/\/bracketweb.com\/easilonwp\/?page_id=540"},"modified":"2026-03-23T17:45:53","modified_gmt":"2026-03-23T17:45:53","slug":"pret-immobilier","status":"publish","type":"page","link":"https:\/\/emprunty.com\/it\/pret-immobilier\/","title":{"rendered":"prestito ipotecario"},"content":{"rendered":"<div data-elementor-type=\"wp-page\" data-elementor-id=\"540\" class=\"elementor elementor-540\" data-elementor-post-type=\"page\">\n\t\t\t\t<div class=\"elementor-element elementor-element-4316727 service-details section-space e-flex e-con-boxed e-con e-parent\" data-id=\"4316727\" data-element_type=\"container\" data-e-type=\"container\">\n\t\t\t\t\t<div class=\"e-con-inner\">\n\t\t<div class=\"elementor-element elementor-element-f5e897c e-con-full e-flex e-con e-child\" data-id=\"f5e897c\" data-element_type=\"container\" data-e-type=\"container\">\n\t\t\t\t<div class=\"elementor-element elementor-element-3481250 elementor-widget elementor-widget-sidebar-nav\" data-id=\"3481250\" data-element_type=\"widget\" data-e-type=\"widget\" data-widget_type=\"sidebar-nav.default\">\n\t\t\t\t<div class=\"elementor-widget-container\">\n\t\t\t\t\t\t<div class=\"service-sidebar__info service-sidebar__single wow fadeInLeft\" data-wow-duration=\"1500ms\">\r\n\t\t<div class=\"menu-service-list-menu-container\"><ul id=\"menu-service-list-menu\" class=\"list-unstyled service-sidebar__nav\"><li id=\"menu-item-568\" class=\"menu-item menu-item-type-post_type menu-item-object-page menu-item-568\"><a href=\"https:\/\/emprunty.com\/it\/rachat-de-credit\/\">Consolidamento del debito<\/a><\/li>\n<li id=\"menu-item-567\" class=\"menu-item menu-item-type-post_type menu-item-object-page menu-item-567\"><a href=\"https:\/\/emprunty.com\/it\/credit-automobile\/\">Prestito auto<\/a><\/li>\n<li id=\"menu-item-566\" class=\"menu-item menu-item-type-post_type menu-item-object-page menu-item-566\"><a href=\"https:\/\/emprunty.com\/it\/pret-personnel\/\">Prestito personale<\/a><\/li>\n<li id=\"menu-item-564\" class=\"menu-item menu-item-type-post_type menu-item-object-page menu-item-564\"><a href=\"https:\/\/emprunty.com\/it\/assurance-pret\/\">Assicurazione sui prestiti<\/a><\/li>\n<li id=\"menu-item-563\" class=\"menu-item menu-item-type-post_type menu-item-object-page menu-item-563\"><a href=\"https:\/\/emprunty.com\/it\/credit-a-la-consommation\/\">credito al consumo<\/a><\/li>\n<li id=\"menu-item-562\" class=\"menu-item menu-item-type-post_type menu-item-object-page menu-item-562\"><a href=\"https:\/\/emprunty.com\/it\/pret-immobilier\/\">prestito ipotecario<\/a><\/li>\n<\/ul><\/div>\t<\/div><!-- \/.service-sidebar__info service-sidebar__single -->\r\n\t\t\t\t<\/div>\n\t\t\t\t<\/div>\n\t\t\t\t<div class=\"elementor-element elementor-element-dbbd205 elementor-widget elementor-widget-easilon-sidebar-call-to-action\" data-id=\"dbbd205\" data-element_type=\"widget\" data-e-type=\"widget\" data-widget_type=\"easilon-sidebar-call-to-action.default\">\n\t\t\t\t<div class=\"elementor-widget-container\">\n\t\t\t\t\t\t<div class=\"service-sidebar__single\">\r\n\t\t<div class=\"service-sidebar__contact wow fadeInLeft\" data-wow-duration=\"1500ms\" data-wow-delay=\"100ms\">\r\n\t\t\t<div class=\"service-sidebar__contact__bg\">\r\n\t\t\t\t<div class=\"service-sidebar__contact__bg__inner\"><\/div><!-- \/.service-sidebar__contact__bg__inner -->\r\n\t\t\t<\/div><!-- \/.service-sidebar__contact__bg -->\r\n\t\t\t<div class=\"service-sidebar__contact__inner\">\r\n\t\t\t\t\t\t\t\t\t<div class=\"service-sidebar__contact__icon\">\r\n\t\t\t\t\t\t<i aria-hidden=\"true\" class=\"icon-telephone\"><\/i>\t\t\t\t\t<\/div><!-- \/.service-sidebar__contact__icon -->\r\n\t\t\t\t\t\t\t\t<div class=\"service-sidebar__contact__content\">\r\n\t\t\t\t\t\t\t\t\t\t\t<h4 class=\"service-sidebar__contact__time\">\r\n\t\t\t\t\t\t\tONLINE 24 ORE SU 24, 7 GIORNI SU 7\t\t\t\t\t\t<\/h4><!-- \/.service-sidebar__contact__time -->\r\n\t\t\t\t\t\t\t\t\t\t\t\t\t\t\t\t<h4 class=\"service-sidebar__contact__number\">\r\n\t\t\t\t\t\t\t<a href=\"tel:0684032691\" >\r\n\t\t\t\t\t\t\t\t06 84 03 26 91\t\t\t\t\t\t\t<\/a>\r\n\t\t\t\t\t\t<\/h4><!-- \/.service-sidebar__contact__number -->\r\n\t\t\t\t\t\t\t\t\t<\/div><!-- \/.service-sidebar__contact__content -->\r\n\t\t\t<\/div><!-- \/.service-sidebar__contact__inner -->\r\n\t\t<\/div><!-- \/.service-sidebar__contact -->\r\n\t<\/div><!-- \/.service-sidebar__single -->\r\n\t\t\t\t<\/div>\n\t\t\t\t<\/div>\n\t\t\t\t<div class=\"elementor-element elementor-element-e22c362 elementor-widget elementor-widget-easilon-book-appointment\" data-id=\"e22c362\" data-element_type=\"widget\" data-e-type=\"widget\" data-widget_type=\"easilon-book-appointment.default\">\n\t\t\t\t<div class=\"elementor-widget-container\">\n\t\t\t\t\t    <div class=\"service-sidebar__single wow fadeInLeft\" data-wow-duration=\"1500ms\" data-wow-delay=\"200ms\">\r\n        <div class=\"service-sidebar__appointment\">\r\n            <h3 class=\"service-sidebar__appointment__title\">Fissa un appuntamento<\/h3>            <!-- \/.service-sidebar__appointment__title -->\r\n                            <div class=\"service-sidebar__appointment__form form-one contact-form-validated\">\r\n                    <div class=\"wpcf7 no-js\" id=\"wpcf7-f620-o1\" lang=\"en-US\" dir=\"ltr\" data-wpcf7-id=\"620\">\n<div class=\"screen-reader-response\"><p role=\"status\" aria-live=\"polite\" aria-atomic=\"true\"><\/p> <ul><\/ul><\/div>\n<form action=\"\/it\/wp-json\/wp\/v2\/pages\/540#wpcf7-f620-o1\" method=\"post\" class=\"wpcf7-form init\" aria-label=\"Contact form\" novalidate=\"novalidate\" data-status=\"init\" data-trp-original-action=\"\/it\/wp-json\/wp\/v2\/pages\/540#wpcf7-f620-o1\">\n<fieldset class=\"hidden-fields-container\"><input type=\"hidden\" name=\"_wpcf7\" value=\"620\" \/><input type=\"hidden\" name=\"_wpcf7_version\" value=\"6.1.5\" \/><input type=\"hidden\" name=\"_wpcf7_locale\" value=\"en_US\" \/><input type=\"hidden\" name=\"_wpcf7_unit_tag\" value=\"wpcf7-f620-o1\" \/><input type=\"hidden\" name=\"_wpcf7_container_post\" value=\"0\" \/><input type=\"hidden\" name=\"_wpcf7_posted_data_hash\" value=\"\" \/>\n<\/fieldset>\n<div class=\"form-one__group\">\n    <div class=\"form-one__control form-one__control--full\">\n        <span class=\"wpcf7-form-control-wrap\" data-name=\"fname\"><input size=\"40\" maxlength=\"400\" class=\"wpcf7-form-control wpcf7-text wpcf7-validates-as-required\" aria-required=\"true\" aria-invalid=\"false\" placeholder=\"Nome\" value=\"\" type=\"text\" name=\"fname\" \/><\/span>\n    <\/div>\n    <div class=\"form-one__control form-one__control--full\">\n        <span class=\"wpcf7-form-control-wrap\" data-name=\"email\"><input size=\"40\" maxlength=\"400\" class=\"wpcf7-form-control wpcf7-email wpcf7-validates-as-required wpcf7-text wpcf7-validates-as-email\" aria-required=\"true\" aria-invalid=\"false\" placeholder=\"E-mail\" value=\"\" type=\"email\" name=\"email\" \/><\/span>\n    <\/div>\n    <div class=\"form-one__control form-one__control--full\">\n        <span class=\"wpcf7-form-control-wrap\" data-name=\"phone-no\"><input size=\"40\" maxlength=\"400\" class=\"wpcf7-form-control wpcf7-tel wpcf7-text wpcf7-validates-as-tel\" aria-invalid=\"false\" placeholder=\"Numero di telefono\" value=\"\" type=\"tel\" name=\"phone-no\" \/><\/span>\n    <\/div>\n    <div class=\"form-one__control form-one__control--full\">\n        <button type=\"submit\" class=\"service-sidebar__appointment__form__btn easilon-btn\">\n            <span>Invia ora<\/span>\n            <span class=\"easilon-btn__icon\">\n                <i class=\"icon-double-right-arrow\"><\/i>\n            <\/span>\n        <\/button>\n    <\/div>\n<\/div><div class=\"wpcf7-response-output\" aria-hidden=\"true\"><\/div>\n<input type=\"hidden\" name=\"trp-form-language\" value=\"it\"\/><\/form>\n<\/div>                <\/div>\r\n                    <\/div><!-- \/.service-sidebar__company -->\r\n    <\/div><!-- \/.service-sidebar__single -->\r\n\t\t\t\t<\/div>\n\t\t\t\t<\/div>\n\t\t\t\t<\/div>\n\t\t<div class=\"elementor-element elementor-element-5a594d5 e-flex e-con-boxed e-con e-child\" data-id=\"5a594d5\" data-element_type=\"container\" data-e-type=\"container\">\n\t\t\t\t\t<div class=\"e-con-inner\">\n\t\t\t\t<div class=\"elementor-element elementor-element-01f6132 service-details__thumbnail elementor-widget elementor-widget-image\" data-id=\"01f6132\" data-element_type=\"widget\" data-e-type=\"widget\" data-widget_type=\"image.default\">\n\t\t\t\t\t\t\t\t\t\t\t\t\t\t\t<img decoding=\"async\" src=\"http:\/\/emprunty.com\/wp-content\/uploads\/2024\/06\/service-d-1-7.jpg\" title=\"\" alt=\"\" loading=\"lazy\" \/>\t\t\t\t\t\t\t\t\t\t\t\t\t\t\t<\/div>\n\t\t\t\t<div class=\"elementor-element elementor-element-d6db311 elementor-widget elementor-widget-easilon-heading\" data-id=\"d6db311\" data-element_type=\"widget\" data-e-type=\"widget\" data-widget_type=\"easilon-heading.default\">\n\t\t\t\t<div class=\"elementor-widget-container\">\n\t\t\t\t\t            <h3 class=\"easilon_heading__title\">Mutui ipotecari: trova il mutuo al miglior tasso<\/h3>    \t\t\t\t<\/div>\n\t\t\t\t<\/div>\n\t\t\t\t<div class=\"elementor-element elementor-element-e138146 elementor-widget elementor-widget-text-editor\" data-id=\"e138146\" data-element_type=\"widget\" data-e-type=\"widget\" data-widget_type=\"text-editor.default\">\n\t\t\t\t\t\t\t\t\t<h1 id=\"page-title\" class=\"titre\">prestito ipotecario<\/h1><p class=\"description-txt\">EMPRUNTY ti aiuta a trovare il mutuo perfetto e a realizzare il tuo progetto. Ottieni il miglior tasso di interesse e la migliore offerta di prestito da una delle nostre banche partner.<\/p>\t\t\t\t\t\t\t\t<\/div>\n\t\t\t\t<div class=\"elementor-element elementor-element-6f478cb elementor-widget elementor-widget-easilon-heading\" data-id=\"6f478cb\" data-element_type=\"widget\" data-e-type=\"widget\" data-widget_type=\"easilon-heading.default\">\n\t\t\t\t<div class=\"elementor-widget-container\">\n\t\t\t\t\t            <h3 class=\"easilon_heading__title\">Che cos'\u00e8 un mutuo ipotecario?<\/h3>    \t\t\t\t<\/div>\n\t\t\t\t<\/div>\n\t\t\t\t<div class=\"elementor-element elementor-element-6ad2ffc elementor-widget elementor-widget-text-editor\" data-id=\"6ad2ffc\" data-element_type=\"widget\" data-e-type=\"widget\" data-widget_type=\"text-editor.default\">\n\t\t\t\t\t\t\t\t\t<p>Un prestito ipotecario \u00e8\u00a0<strong>un prestito concesso da una banca per l'acquisto di un immobile<\/strong>\u00a0Per uso residenziale (o per uso professionale e residenziale). Finanzia una residenza principale, una residenza secondaria o un investimento a reddito.<\/p><p>\u00c8 garantito da una fideiussione o da un'ipoteca e viene concesso a lungo termine, poich\u00e9 riguarda importi significativi.<\/p><p>\u00a0<\/p>\t\t\t\t\t\t\t\t<\/div>\n\t\t\t\t<div class=\"elementor-element elementor-element-b0ef588 elementor-widget elementor-widget-easilon-service-info\" data-id=\"b0ef588\" data-element_type=\"widget\" data-e-type=\"widget\" data-widget_type=\"easilon-service-info.default\">\n\t\t\t\t<div class=\"elementor-widget-container\">\n\t\t\t\t\t\t<div class=\"service-details__info wow fadeInUp\" data-wow-duration=\"1500ms\" data-wow-delay=\"00ms\">\r\n        <ul class=\"list-unstyled service-details__list\">\r\n                            <li>\r\n                                            <span class=\"service-details__list__icon\">\r\n                            <i aria-hidden=\"true\" class=\"icon-check\"><\/i>                        <\/span>\r\n                                        Simulazione gratuita                <\/li>\r\n                            <li>\r\n                                            <span class=\"service-details__list__icon\">\r\n                            <i aria-hidden=\"true\" class=\"icon-check\"><\/i>                        <\/span>\r\n                                        Risposta entro 24 ore                <\/li>\r\n                            <li>\r\n                                            <span class=\"service-details__list__icon\">\r\n                            <i aria-hidden=\"true\" class=\"icon-check\"><\/i>                        <\/span>\r\n                                        Tracciamento personalizzato                <\/li>\r\n                            <li>\r\n                                            <span class=\"service-details__list__icon\">\r\n                            <i aria-hidden=\"true\" class=\"icon-check\"><\/i>                        <\/span>\r\n                                        Sicurezza garantita al 100%.                <\/li>\r\n                    <\/ul><!-- \/.list-unstyled team-details__list -->\r\n        <img decoding=\"async\" src=\"https:\/\/emprunty.com\/wp-content\/uploads\/2024\/06\/service-d-list-1.jpg\" alt=\"portfolio-1\" title=\"portfolio-1\" class=\"service-details__info__image\" >    <\/div><!-- \/.service-details__info -->\r\n\t\t\t\t<\/div>\n\t\t\t\t<\/div>\n\t\t\t\t<div class=\"elementor-element elementor-element-cfa9012 elementor-widget elementor-widget-text-editor\" data-id=\"cfa9012\" data-element_type=\"widget\" data-e-type=\"widget\" data-widget_type=\"text-editor.default\">\n\t\t\t\t\t\t\t\t\t<h2 id=\"t_1\">Come funziona un mutuo?<\/h2><p>\u00c8 possibile finanziare diversi progetti tramite un mutuo:\u00a0<strong>una propriet\u00e0 nuova o vecchia, ma anche un terreno edificabile<\/strong>Puoi anche\u00a0<strong>costruire o eseguire opere importanti<\/strong>\u00a0o un ampliamento all'interno di un'abitazione esistente.<\/p><p>La regola per questi progetti \u00e8 la seguente: per importi superiori a 70.000 euro, si tratta di un mutuo. Altrimenti, sar\u00e0 un prestito al consumo.<\/p><p>Esistono diverse tipologie di mutui ipotecari, tra cui:<\/p><ul><li><strong>Il mutuo ipotecario tradizionale:<\/strong>\u00a0Il rimborso comprende una parte di interessi, una di assicurazione e una di capitale. Inizialmente, viene rimborsato principalmente l'interesse, mentre la parte di capitale aumenta nel tempo (e la parte di interessi diminuisce);<\/li><li><strong>Prestito a rata unica:<\/strong>\u00a0questo prestito \u00e8 destinato a\u00a0<strong>investimento locativo<\/strong>I suoi pagamenti mensili comprendono solo gli interessi e l'assicurazione del mutuatario, mentre il capitale viene rimborsato in un'unica soluzione all'ultima data di scadenza (di solito con l'aiuto di una polizza vita offerta in garanzia dalla banca);<\/li><li><strong>Il prestito ponte:<\/strong>\u00a0un prestito\u00a0<strong>a breve termine<\/strong>\u00a0che ti permette di acquistare un nuovo immobile prima di aver venduto il tuo;<\/li><li><strong>Il prestito per il risparmio sulla casa:<\/strong>\u00a0Viene concesso in base al livello di risparmio presente in un conto di risparmio domestico o in un piano di risparmio domestico;<\/li><li><strong>Il prestito a tasso zero:<\/strong>\u00a0un prestito agevolato\u00a0<strong>Destinato a chi acquista per la prima volta<\/strong>\u00a0e concesso a condizioni che consentono di finanziare parte dell'acquisto di un immobile senza spese di istruttoria n\u00e9 interessi;<\/li><li><strong>Il prestito per l'acquisto della casa:<\/strong>\u00a0Esiste anche un prestito agevolato, concesso a determinate condizioni ai dipendenti del settore privato, che consente loro di finanziare parte dell'acquisto dell'immobile a un tasso di interesse ridotto (1%);<\/li><li><strong>Il prestito per i dipendenti pubblici:<\/strong>\u00a0un prestito riservato ai dipendenti pubblici e concesso a determinate condizioni.<\/li><li><strong>Il prestito agevolato:<\/strong>\u00a0un prestito agevolato, concesso dal Fondo per gli assegni familiari;<\/li><\/ul><p>\u00c8 possibile combinare diversi prestiti: ad esempio, un prestito a tasso zero e un prestito tradizionale, oppure due prestiti tradizionali.<\/p><p>Per ottenere un mutuo, \u00e8 necessario soddisfare determinati criteri di ammissibilit\u00e0:<\/p><ul><li>una situazione professionale stabile;<\/li><li><strong>un contributo personale<\/strong>\u00a0Sufficiente: in genere, si consiglia di prevedere il 10% dell'importo della transazione per coprire le spese notarili e di garanzia. A volte \u00e8 possibile ottenere un prestito senza acconto, ma ci\u00f2 dipende da fattori quali il clima economico, le politiche bancarie e il profilo e il progetto del\/dei mutuatario\/i;<\/li><li>Conti senza scoperto:\u00a0<strong>buona gestione del budget<\/strong>\u00a0Questo \u00e8 fondamentale: la banca analizza gli ultimi tre estratti conto. I segnali di risparmio sono molto apprezzati!<\/li><li><strong>un basso rapporto di indebitamento\u00a0<\/strong>: deve essere compatibile con la stipula di un mutuo ipotecario e pertanto non deve superare il 35% con questo nuovo prestito, inclusa l'assicurazione sul credito.<\/li><\/ul><p>\u00a0<\/p>\t\t\t\t\t\t\t\t<\/div>\n\t\t\t\t\t<\/div>\n\t\t\t\t<\/div>\n\t\t\t\t\t<\/div>\n\t\t\t\t<\/div>\n\t\t<div class=\"elementor-element elementor-element-1b627d2 e-flex e-con-boxed e-con e-parent\" data-id=\"1b627d2\" data-element_type=\"container\" data-e-type=\"container\">\n\t\t\t\t\t<div class=\"e-con-inner\">\n\t\t\t\t<div class=\"elementor-element elementor-element-f4b0329 elementor-align-center elementor-widget elementor-widget-button\" data-id=\"f4b0329\" data-element_type=\"widget\" data-e-type=\"widget\" data-widget_type=\"button.default\">\n\t\t\t\t\t\t\t\t\t\t<a class=\"elementor-button elementor-button-link elementor-size-sm\" href=\"https:\/\/emprunty.com\/it\/demander-un-pret\/\">\n\t\t\t\t\t\t<span class=\"elementor-button-content-wrapper\">\n\t\t\t\t\t\t\t\t\t<span class=\"elementor-button-text\">RICHIEDI UN PRESTITO<\/span>\n\t\t\t\t\t<\/span>\n\t\t\t\t\t<\/a>\n\t\t\t\t\t\t\t\t<\/div>\n\t\t\t\t\t<\/div>\n\t\t\t\t<\/div>\n\t\t\t\t<\/div>","protected":false},"excerpt":{"rendered":"<p>Rachat de Cr\u00e9dit Cr\u00e9dit Automobile Pr\u00eat Personnel water-sports-about-page-video-img Assurance pr\u00eat Cr\u00e9dit \u00e0 la Consommation Pr\u00eat Immobilier EN LIGNE 24H\/24 06 84 03 26 91 Prendre rendez-vous submit now Cr\u00e9dit immobilier : trouvez votre pr\u00eat au meilleur taux immobilier Cr\u00e9dit immobilier EMPRUNTY vous accompagne pour trouver votre pr\u00eat immobilier et concr\u00e9tiser votre projet. Obtenez le meilleur [&hellip;]<\/p>\n","protected":false},"author":1,"featured_media":0,"parent":0,"menu_order":0,"comment_status":"closed","ping_status":"closed","template":"elementor_header_footer","meta":{"footnotes":""},"class_list":["post-540","page","type-page","status-publish","hentry"],"_hostinger_reach_plugin_has_subscription_block":false,"_hostinger_reach_plugin_is_elementor":false,"_links":{"self":[{"href":"https:\/\/emprunty.com\/it\/wp-json\/wp\/v2\/pages\/540","targetHints":{"allow":["GET"]}}],"collection":[{"href":"https:\/\/emprunty.com\/it\/wp-json\/wp\/v2\/pages"}],"about":[{"href":"https:\/\/emprunty.com\/it\/wp-json\/wp\/v2\/types\/page"}],"author":[{"embeddable":true,"href":"https:\/\/emprunty.com\/it\/wp-json\/wp\/v2\/users\/1"}],"replies":[{"embeddable":true,"href":"https:\/\/emprunty.com\/it\/wp-json\/wp\/v2\/comments?post=540"}],"version-history":[{"count":11,"href":"https:\/\/emprunty.com\/it\/wp-json\/wp\/v2\/pages\/540\/revisions"}],"predecessor-version":[{"id":4136,"href":"https:\/\/emprunty.com\/it\/wp-json\/wp\/v2\/pages\/540\/revisions\/4136"}],"wp:attachment":[{"href":"https:\/\/emprunty.com\/it\/wp-json\/wp\/v2\/media?parent=540"}],"curies":[{"name":"wp","href":"https:\/\/api.w.org\/{rel}","templated":true}]}}