{"id":538,"date":"2024-06-12T10:57:33","date_gmt":"2024-06-12T10:57:33","guid":{"rendered":"http:\/\/bracketweb.com\/easilonwp\/?page_id=538"},"modified":"2026-03-23T17:52:13","modified_gmt":"2026-03-23T17:52:13","slug":"credit-a-la-consommation","status":"publish","type":"page","link":"https:\/\/emprunty.com\/es\/credit-a-la-consommation\/","title":{"rendered":"Cr\u00e9dito al consumo"},"content":{"rendered":"<div data-elementor-type=\"wp-page\" data-elementor-id=\"538\" class=\"elementor elementor-538\" data-elementor-post-type=\"page\">\n\t\t\t\t<div class=\"elementor-element elementor-element-4681fbd service-details section-space e-flex e-con-boxed e-con e-parent\" data-id=\"4681fbd\" data-element_type=\"container\" data-e-type=\"container\">\n\t\t\t\t\t<div class=\"e-con-inner\">\n\t\t<div class=\"elementor-element elementor-element-986ac3e e-con-full e-flex e-con e-child\" data-id=\"986ac3e\" data-element_type=\"container\" data-e-type=\"container\">\n\t\t\t\t<div class=\"elementor-element elementor-element-d70d1c1 elementor-widget elementor-widget-sidebar-nav\" data-id=\"d70d1c1\" data-element_type=\"widget\" data-e-type=\"widget\" data-widget_type=\"sidebar-nav.default\">\n\t\t\t\t<div class=\"elementor-widget-container\">\n\t\t\t\t\t\t<div class=\"service-sidebar__info service-sidebar__single wow fadeInLeft\" data-wow-duration=\"1500ms\">\r\n\t\t<div class=\"menu-service-list-menu-container\"><ul id=\"menu-service-list-menu\" class=\"list-unstyled service-sidebar__nav\"><li id=\"menu-item-568\" class=\"menu-item menu-item-type-post_type menu-item-object-page menu-item-568\"><a href=\"https:\/\/emprunty.com\/es\/rachat-de-credit\/\">Consolidaci\u00f3n de deudas<\/a><\/li>\n<li id=\"menu-item-567\" class=\"menu-item menu-item-type-post_type menu-item-object-page menu-item-567\"><a href=\"https:\/\/emprunty.com\/es\/credit-automobile\/\">Pr\u00e9stamo para autom\u00f3vil<\/a><\/li>\n<li id=\"menu-item-566\" class=\"menu-item menu-item-type-post_type menu-item-object-page menu-item-566\"><a href=\"https:\/\/emprunty.com\/es\/pret-personnel\/\">Pr\u00e9stamo personal<\/a><\/li>\n<li id=\"menu-item-564\" class=\"menu-item menu-item-type-post_type menu-item-object-page menu-item-564\"><a href=\"https:\/\/emprunty.com\/es\/assurance-pret\/\">Seguro de pr\u00e9stamo<\/a><\/li>\n<li id=\"menu-item-563\" class=\"menu-item menu-item-type-post_type menu-item-object-page menu-item-563\"><a href=\"https:\/\/emprunty.com\/es\/credit-a-la-consommation\/\">Cr\u00e9dito al consumo<\/a><\/li>\n<li id=\"menu-item-562\" class=\"menu-item menu-item-type-post_type menu-item-object-page menu-item-562\"><a href=\"https:\/\/emprunty.com\/es\/pret-immobilier\/\">Pr\u00e9stamo hipotecario<\/a><\/li>\n<\/ul><\/div>\t<\/div><!-- \/.service-sidebar__info service-sidebar__single -->\r\n\t\t\t\t<\/div>\n\t\t\t\t<\/div>\n\t\t\t\t<div class=\"elementor-element elementor-element-1f76a12 elementor-widget elementor-widget-easilon-sidebar-call-to-action\" data-id=\"1f76a12\" data-element_type=\"widget\" data-e-type=\"widget\" data-widget_type=\"easilon-sidebar-call-to-action.default\">\n\t\t\t\t<div class=\"elementor-widget-container\">\n\t\t\t\t\t\t<div class=\"service-sidebar__single\">\r\n\t\t<div class=\"service-sidebar__contact wow fadeInLeft\" data-wow-duration=\"1500ms\" data-wow-delay=\"100ms\">\r\n\t\t\t<div class=\"service-sidebar__contact__bg\">\r\n\t\t\t\t<div class=\"service-sidebar__contact__bg__inner\"><\/div><!-- \/.service-sidebar__contact__bg__inner -->\r\n\t\t\t<\/div><!-- \/.service-sidebar__contact__bg -->\r\n\t\t\t<div class=\"service-sidebar__contact__inner\">\r\n\t\t\t\t\t\t\t\t\t<div class=\"service-sidebar__contact__icon\">\r\n\t\t\t\t\t\t<i aria-hidden=\"true\" class=\"icon-telephone\"><\/i>\t\t\t\t\t<\/div><!-- \/.service-sidebar__contact__icon -->\r\n\t\t\t\t\t\t\t\t<div class=\"service-sidebar__contact__content\">\r\n\t\t\t\t\t\t\t\t\t\t\t<h4 class=\"service-sidebar__contact__time\">\r\n\t\t\t\t\t\t\tEN L\u00cdNEA 24\/7\t\t\t\t\t\t<\/h4><!-- \/.service-sidebar__contact__time -->\r\n\t\t\t\t\t\t\t\t\t\t\t\t\t\t\t\t<h4 class=\"service-sidebar__contact__number\">\r\n\t\t\t\t\t\t\t<a href=\"tel:0684032691\" >\r\n\t\t\t\t\t\t\t\t06 84 03 26 91\t\t\t\t\t\t\t<\/a>\r\n\t\t\t\t\t\t<\/h4><!-- \/.service-sidebar__contact__number -->\r\n\t\t\t\t\t\t\t\t\t<\/div><!-- \/.service-sidebar__contact__content -->\r\n\t\t\t<\/div><!-- \/.service-sidebar__contact__inner -->\r\n\t\t<\/div><!-- \/.service-sidebar__contact -->\r\n\t<\/div><!-- \/.service-sidebar__single -->\r\n\t\t\t\t<\/div>\n\t\t\t\t<\/div>\n\t\t\t\t<div class=\"elementor-element elementor-element-0c2928f elementor-widget elementor-widget-easilon-book-appointment\" data-id=\"0c2928f\" data-element_type=\"widget\" data-e-type=\"widget\" data-widget_type=\"easilon-book-appointment.default\">\n\t\t\t\t<div class=\"elementor-widget-container\">\n\t\t\t\t\t    <div class=\"service-sidebar__single wow fadeInLeft\" data-wow-duration=\"1500ms\" data-wow-delay=\"200ms\">\r\n        <div class=\"service-sidebar__appointment\">\r\n            <h3 class=\"service-sidebar__appointment__title\">Pedir hora<\/h3>            <!-- \/.service-sidebar__appointment__title -->\r\n                            <div class=\"service-sidebar__appointment__form form-one contact-form-validated\">\r\n                    <div class=\"wpcf7 no-js\" id=\"wpcf7-f620-o1\" lang=\"en-US\" dir=\"ltr\" data-wpcf7-id=\"620\">\n<div class=\"screen-reader-response\"><p role=\"status\" aria-live=\"polite\" aria-atomic=\"true\"><\/p> <ul><\/ul><\/div>\n<form action=\"\/es\/wp-json\/wp\/v2\/pages\/538#wpcf7-f620-o1\" method=\"post\" class=\"wpcf7-form init\" aria-label=\"Contact form\" novalidate=\"novalidate\" data-status=\"init\" data-trp-original-action=\"\/es\/wp-json\/wp\/v2\/pages\/538#wpcf7-f620-o1\">\n<fieldset class=\"hidden-fields-container\"><input type=\"hidden\" name=\"_wpcf7\" value=\"620\" \/><input type=\"hidden\" name=\"_wpcf7_version\" value=\"6.1.5\" \/><input type=\"hidden\" name=\"_wpcf7_locale\" value=\"en_US\" \/><input type=\"hidden\" name=\"_wpcf7_unit_tag\" value=\"wpcf7-f620-o1\" \/><input type=\"hidden\" name=\"_wpcf7_container_post\" value=\"0\" \/><input type=\"hidden\" name=\"_wpcf7_posted_data_hash\" value=\"\" \/>\n<\/fieldset>\n<div class=\"form-one__group\">\n    <div class=\"form-one__control form-one__control--full\">\n        <span class=\"wpcf7-form-control-wrap\" data-name=\"fname\"><input size=\"40\" maxlength=\"400\" class=\"wpcf7-form-control wpcf7-text wpcf7-validates-as-required\" aria-required=\"true\" aria-invalid=\"false\" placeholder=\"Nombre\" value=\"\" type=\"text\" name=\"fname\" \/><\/span>\n    <\/div>\n    <div class=\"form-one__control form-one__control--full\">\n        <span class=\"wpcf7-form-control-wrap\" data-name=\"email\"><input size=\"40\" maxlength=\"400\" class=\"wpcf7-form-control wpcf7-email wpcf7-validates-as-required wpcf7-text wpcf7-validates-as-email\" aria-required=\"true\" aria-invalid=\"false\" placeholder=\"Correo electr\u00f3nico\" value=\"\" type=\"email\" name=\"email\" \/><\/span>\n    <\/div>\n    <div class=\"form-one__control form-one__control--full\">\n        <span class=\"wpcf7-form-control-wrap\" data-name=\"phone-no\"><input size=\"40\" maxlength=\"400\" class=\"wpcf7-form-control wpcf7-tel wpcf7-text wpcf7-validates-as-tel\" aria-invalid=\"false\" placeholder=\"N\u00famero de tel\u00e9fono\" value=\"\" type=\"tel\" name=\"phone-no\" \/><\/span>\n    <\/div>\n    <div class=\"form-one__control form-one__control--full\">\n        <button type=\"submit\" class=\"service-sidebar__appointment__form__btn easilon-btn\">\n            <span>Enviar ahora<\/span>\n            <span class=\"easilon-btn__icon\">\n                <i class=\"icon-double-right-arrow\"><\/i>\n            <\/span>\n        <\/button>\n    <\/div>\n<\/div><div class=\"wpcf7-response-output\" aria-hidden=\"true\"><\/div>\n<input type=\"hidden\" name=\"trp-form-language\" value=\"es\"\/><\/form>\n<\/div>                <\/div>\r\n                    <\/div><!-- \/.service-sidebar__company -->\r\n    <\/div><!-- \/.service-sidebar__single -->\r\n\t\t\t\t<\/div>\n\t\t\t\t<\/div>\n\t\t\t\t<\/div>\n\t\t<div class=\"elementor-element elementor-element-6737be7 e-con-full e-flex e-con e-child\" data-id=\"6737be7\" data-element_type=\"container\" data-e-type=\"container\">\n\t\t\t\t<div class=\"elementor-element elementor-element-3a2c965 service-details__thumbnail elementor-widget elementor-widget-image\" data-id=\"3a2c965\" data-element_type=\"widget\" data-e-type=\"widget\" data-widget_type=\"image.default\">\n\t\t\t\t\t\t\t\t\t\t\t\t\t\t\t<img fetchpriority=\"high\" decoding=\"async\" width=\"640\" height=\"420\" src=\"https:\/\/emprunty.com\/wp-content\/uploads\/2026\/03\/adobestock_1877009471.jpeg\" class=\"attachment-large size-large wp-image-3984\" alt=\"\" srcset=\"https:\/\/emprunty.com\/wp-content\/uploads\/2026\/03\/adobestock_1877009471.jpeg 880w, https:\/\/emprunty.com\/wp-content\/uploads\/2026\/03\/adobestock_1877009471-300x197.jpeg 300w, https:\/\/emprunty.com\/wp-content\/uploads\/2026\/03\/adobestock_1877009471-768x504.jpeg 768w, https:\/\/emprunty.com\/wp-content\/uploads\/2026\/03\/adobestock_1877009471-18x12.jpeg 18w\" sizes=\"(max-width: 640px) 100vw, 640px\" \/>\t\t\t\t\t\t\t\t\t\t\t\t\t\t\t<\/div>\n\t\t\t\t<div class=\"elementor-element elementor-element-068e94b elementor-widget elementor-widget-easilon-heading\" data-id=\"068e94b\" data-element_type=\"widget\" data-e-type=\"widget\" data-widget_type=\"easilon-heading.default\">\n\t\t\t\t<div class=\"elementor-widget-container\">\n\t\t\t\t\t            <h3 class=\"easilon_heading__title\">Obt\u00e9n tu cr\u00e9dito al consumo 100% online y r\u00e1pidamente.<\/h3>    \t\t\t\t<\/div>\n\t\t\t\t<\/div>\n\t\t\t\t<div class=\"elementor-element elementor-element-ca5b95e elementor-widget elementor-widget-text-editor\" data-id=\"ca5b95e\" data-element_type=\"widget\" data-e-type=\"widget\" data-widget_type=\"text-editor.default\">\n\t\t\t\t\t\t\t\t\t<h1 class=\"titre\">Cr\u00e9dito al consumo<\/h1><p class=\"description-txt\">\u00bfNecesitas un pr\u00e9stamo personal cuanto antes? Compara y encuentra online el mejor pr\u00e9stamo con la mejor tasa de inter\u00e9s. Financia tus proyectos con un contrato personalizado gracias a EMPRUNTY.\u00a0<\/p>\t\t\t\t\t\t\t\t<\/div>\n\t\t\t\t<div class=\"elementor-element elementor-element-ef558e4 elementor-widget elementor-widget-easilon-heading\" data-id=\"ef558e4\" data-element_type=\"widget\" data-e-type=\"widget\" data-widget_type=\"easilon-heading.default\">\n\t\t\t\t<div class=\"elementor-widget-container\">\n\t\t\t\t\t            <h3 class=\"easilon_heading__title\">\u00bfQu\u00e9 es un pr\u00e9stamo o cr\u00e9dito al consumo?<\/h3>    \t\t\t\t<\/div>\n\t\t\t\t<\/div>\n\t\t\t\t<div class=\"elementor-element elementor-element-86159d4 elementor-widget elementor-widget-text-editor\" data-id=\"86159d4\" data-element_type=\"widget\" data-e-type=\"widget\" data-widget_type=\"text-editor.default\">\n\t\t\t\t\t\t\t\t\t<p>\u00a0Un pr\u00e9stamo al consumo es un pr\u00e9stamo que te permite financiar diversos proyectos, como comprar un veh\u00edculo, reformar tu cocina o irte de viaje, por ejemplo.<\/p><p>Como ocurre con cualquier pr\u00e9stamo, el banco o la entidad de cr\u00e9dito recibe una compensaci\u00f3n a trav\u00e9s de los intereses que usted paga sobre el capital al devolver el pr\u00e9stamo.<\/p><p><strong class=\"info-titre\">Es bueno saberlo<\/strong>El coste del cr\u00e9dito al consumo se expresa mediante la TAE (Tasa Anual Equivalente).\u00a0<strong>(Tasa de Porcentaje Anual)<\/strong>\u00a0definido en el contrato, como en una hipoteca. Este pr\u00e9stamo tambi\u00e9n puede incluir seguro. Si bien es opcional en la mayor\u00eda de los casos, el seguro puede representar un costo adicional significativo. Por lo tanto, es esencial\u00a0<strong>Compara las ofertas y lee atentamente los t\u00e9rminos y condiciones.<\/strong>\u00a0para evitar sorpresas desagradables.<\/p>\t\t\t\t\t\t\t\t<\/div>\n\t\t\t\t<div class=\"elementor-element elementor-element-3e79a4b elementor-widget elementor-widget-text-editor\" data-id=\"3e79a4b\" data-element_type=\"widget\" data-e-type=\"widget\" data-widget_type=\"text-editor.default\">\n\t\t\t\t\t\t\t\t\t<h2 id=\"t_3\">Cr\u00e9dito al consumo: \u00bfqui\u00e9nes pueden beneficiarse de \u00e9l?<\/h2><p>Para obtener un pr\u00e9stamo al consumo, el prestatario debe:<\/p><ul><li>ser mayor de edad;<\/li><li>recibir un ingreso estable;<\/li><li>reside en Francia;<\/li><li>No debe estar inscrito en el registro nacional de incidencias de pago del Banco de Francia.<\/li><\/ul><p>Los criterios para obtener un pr\u00e9stamo al consumo est\u00e1n vinculados al tipo de proyecto que emprende el solicitante y a su perfil. Una buena solicitud suele combinar una baja relaci\u00f3n deuda-ingresos, una situaci\u00f3n laboral estable y cuentas bancarias sin incidencias. Adem\u00e1s, es necesario aportar a la entidad financiera justificantes de la situaci\u00f3n personal y econ\u00f3mica del solicitante.<\/p><h3>\u00bfQu\u00e9 documentos se necesitan para solicitar un pr\u00e9stamo?<\/h3><p>Como con cualquier pr\u00e9stamo, solicitar un cr\u00e9dito al consumo requiere presentar una solicitud con la documentaci\u00f3n justificativa. Dependiendo del tipo de cr\u00e9dito al consumo solicitado, es posible que deba proporcionar los siguientes documentos:<\/p><ul><li>documento de identidad;<\/li><li>contrato de trabajo, n\u00f3mina;<\/li><li>aviso de impuestos;<\/li><li>extractos bancarios;<\/li><li>Datos de la cuenta bancaria (RIB), IBAN, cheque anulado\u2026<\/li><\/ul><h2 id=\"t_4\">Tipos de inter\u00e9s actuales para un pr\u00e9stamo al consumo<\/h2><p>Los tipos de inter\u00e9s de los pr\u00e9stamos al consumo var\u00edan seg\u00fan el proyecto y el perfil del prestatario. A diferencia de las hipotecas, rara vez son negociables. Sin embargo, los tipos cambian cada mes; por lo tanto, conviene estar al tanto de las tendencias de los pr\u00e9stamos al consumo y solicitarlos en el momento m\u00e1s oportuno para conseguir una oferta adecuada.<\/p><p>Tambi\u00e9n puede hacerlo directamente desde nuestro sitio web de Empruntis:\u00a0<strong>Nuestros bar\u00f3metros le muestran las tasas<\/strong>\u00a0Seg\u00fan el tipo de pr\u00e9stamo que busques (para auto, motocicleta, personal o para mejoras del hogar), existen diversas herramientas de simulaci\u00f3n de pr\u00e9stamos al consumo. \u00dasalas; te ayudar\u00e1n a comprender mejor tu proyecto una vez que est\u00e9 listo. Podr\u00e1s ver los c\u00e1lculos del pr\u00e9stamo, as\u00ed como el plazo, la tasa de inter\u00e9s y la cuota mensual que ofrecen diferentes prestamistas.<\/p><p>\u00a0<\/p>\t\t\t\t\t\t\t\t<\/div>\n\t\t\t\t<div class=\"elementor-element elementor-element-599c9bf elementor-widget elementor-widget-easilon-service-info\" data-id=\"599c9bf\" data-element_type=\"widget\" data-e-type=\"widget\" data-widget_type=\"easilon-service-info.default\">\n\t\t\t\t<div class=\"elementor-widget-container\">\n\t\t\t\t\t\t<div class=\"service-details__info wow fadeInUp\" data-wow-duration=\"1500ms\" data-wow-delay=\"00ms\">\r\n        <ul class=\"list-unstyled service-details__list\">\r\n                            <li>\r\n                                            <span class=\"service-details__list__icon\">\r\n                            <i aria-hidden=\"true\" class=\"icon-check\"><\/i>                        <\/span>\r\n                                        Simulaci\u00f3n Gratuita                <\/li>\r\n                            <li>\r\n                                            <span class=\"service-details__list__icon\">\r\n                            <i aria-hidden=\"true\" class=\"icon-check\"><\/i>                        <\/span>\r\n                                        Respuesta en 24 horas                <\/li>\r\n                            <li>\r\n                                            <span class=\"service-details__list__icon\">\r\n                            <i aria-hidden=\"true\" class=\"icon-check\"><\/i>                        <\/span>\r\n                                        Seguimiento personalizado                <\/li>\r\n                            <li>\r\n                                            <span class=\"service-details__list__icon\">\r\n                            <i aria-hidden=\"true\" class=\"icon-check\"><\/i>                        <\/span>\r\n                                        Seguridad 100% garantizada                <\/li>\r\n                    <\/ul><!-- \/.list-unstyled team-details__list -->\r\n        <img decoding=\"async\" src=\"https:\/\/emprunty.com\/wp-content\/uploads\/2024\/06\/service-d-list-1.jpg\" alt=\"portafolio-1\" title=\"portafolio-1\" class=\"service-details__info__image\" >    <\/div><!-- \/.service-details__info -->\r\n\t\t\t\t<\/div>\n\t\t\t\t<\/div>\n\t\t\t\t<\/div>\n\t\t\t\t\t<\/div>\n\t\t\t\t<\/div>\n\t\t<div class=\"elementor-element elementor-element-e529f6d e-con-full e-flex e-con e-parent\" data-id=\"e529f6d\" data-element_type=\"container\" data-e-type=\"container\">\n\t\t\t\t<div class=\"elementor-element elementor-element-ec4745a elementor-widget elementor-widget-easilon-loan\" data-id=\"ec4745a\" data-element_type=\"widget\" data-e-type=\"widget\" data-widget_type=\"easilon-loan.default\">\n\t\t\t\t<div class=\"elementor-widget-container\">\n\t\t\t\t\t\t<section class=\"loan-eligibility section-space\">\r\n\t\t<div class=\"container\">\r\n\t\t\t<form action=\"#\" class=\"loan-eligibility__form\" data-trp-original-action=\"#\">\r\n\t\t\t\t<div class=\"row gutter-y-40\">\r\n\t\t\t\t\t<div class=\"col-lg-6 wow fadeInUp\" data-wow-duration=\"1500ms\" data-wow-delay=\"00ms\">\r\n\t\t\t\t\t\t<div class=\"loan-eligibility__form__left\">\r\n\t\t\t\t\t\t\t<h3 class=\"loan-eligibility__form__title\">Simulador de cr\u00e9dito<\/h3>\t\t\t\t\t\t\t<!-- \/.loan-eligibility__form__title -->\r\n\t\t\t\t\t\t\t<div class=\"loan-eligibility__form__inner\">\r\n\t\t\t\t\t\t\t\t\t\t\t\t\t\t\t\t\t<div class=\"loan-eligibility__single\">\r\n\t\t\t\t\t\t\t\t\t\t<div class=\"loan-eligibility__single__top\">\r\n\t\t\t\t\t\t\t\t\t\t\t<span class=\"loan-eligibility__single__title\">Monto del pr\u00e9stamo<\/span>\r\n\t\t\t\t\t\t\t\t\t\t\t<span class=\"loan-eligibility__single__count\">\u20ac90000<\/span>\r\n\t\t\t\t\t\t\t\t\t\t<\/div><!-- \/.loan-eligibility__single__top -->\r\n\t\t\t\t\t\t\t\t\t\t<div id=\"range-slider-loan-amount\" class=\"loan-eligibility__range-slider loan-range\" data-range-options='{\"start\": 45000,\"step\": 1000,\"suffix\": \"\u20ac\",\"range\": {\"min\": 2000,\"max\": 90000}}'>\r\n\t\t\t\t\t\t\t\t\t\t<\/div>\r\n\t\t\t\t\t\t\t\t\t<\/div><!-- \/.loan-eligibility__single -->\r\n\t\t\t\t\t\t\t\t\t\t\t\t\t\t\t\t\t\t\t\t\t\t\t\t\t<div class=\"loan-eligibility__single\">\r\n\t\t\t\t\t\t\t\t\t\t<div class=\"loan-eligibility__single__top\">\r\n\t\t\t\t\t\t\t\t\t\t\t<span class=\"loan-eligibility__single__title\">Ingresos brutos (mensuales)<\/span>\r\n\t\t\t\t\t\t\t\t\t\t\t<span class=\"loan-eligibility__single__count\">\u20ac6000<\/span>\r\n\t\t\t\t\t\t\t\t\t\t<\/div><!-- \/.loan-eligibility__single__top -->\r\n\t\t\t\t\t\t\t\t\t\t<div id=\"range-slider-gross-income\" class=\"loan-eligibility__range-slider loan-range\" data-range-options='{\"start\": 3000,\"step\": 100,\"suffix\": \"\u20ac\",\"range\": {\"min\": 100,\"max\": 6000}}'><\/div>\r\n\t\t\t\t\t\t\t\t\t<\/div><!-- \/.loan-eligibility__single -->\r\n\t\t\t\t\t\t\t\t\t\t\t\t\t\t\t\t\t\t\t\t\t\t\t\t\t<div class=\"loan-eligibility__single\">\r\n\t\t\t\t\t\t\t\t\t\t<div class=\"loan-eligibility__single__top\">\r\n\t\t\t\t\t\t\t\t\t\t\t<span class=\"loan-eligibility__single__title\">Duraci\u00f3n del pr\u00e9stamo (meses)<\/span>\r\n\t\t\t\t\t\t\t\t\t\t\t<span class=\"loan-eligibility__single__count\">120 meses<\/span>\r\n\t\t\t\t\t\t\t\t\t\t<\/div><!-- \/.loan-eligibility__single__top -->\r\n\t\t\t\t\t\t\t\t\t\t<div id=\"range-slider-tenure\" class=\"loan-eligibility__range-slider  loan-range\" data-range-options='{\"start\": 60,\"step\": 1,\"suffix\": \"Mois\",\"range\": {\"min\": 1,\"max\": 120}}'><\/div>\r\n\t\t\t\t\t\t\t\t\t<\/div><!-- \/.loan-eligibility__single -->\r\n\t\t\t\t\t\t\t\t\t\t\t\t\t\t\t\t\t\t\t\t\t\t\t\t\t<div class=\"loan-eligibility__single\">\r\n\t\t\t\t\t\t\t\t\t\t<div class=\"loan-eligibility__single__top\">\r\n\t\t\t\t\t\t\t\t\t\t\t<span class=\"loan-eligibility__single__title\">tipos de inter\u00e9s<\/span>\r\n\t\t\t\t\t\t\t\t\t\t\t<span class=\"loan-eligibility__single__count\">7%<\/span>\r\n\t\t\t\t\t\t\t\t\t\t<\/div><!-- \/.loan-eligibility__single__top -->\r\n\t\t\t\t\t\t\t\t\t\t<div id=\"range-slider-interest-rate\" class=\"loan-eligibility__range-slider loan-range\" data-range-options='{\"start\": 3,\"step\": 1,\"suffix\": \"%\",\"range\": {\"min\": 1,\"max\": 7}}'><\/div>\r\n\t\t\t\t\t\t\t\t\t<\/div><!-- \/.loan-eligibility__single -->\r\n\t\t\t\t\t\t\t\t\t\t\t\t\t\t\t\t\t\t\t\t\t\t\t<\/div><!-- \/.loan-eligibility__form__inner -->\r\n\t\t\t\t\t\t<\/div><!-- \/.loan-eligibility__form__left -->\r\n\t\t\t\t\t<\/div><!-- \/.col-lg-6 -->\r\n\t\t\t\t\t<div class=\"col-lg-6 wow fadeInUp\" data-wow-duration=\"1500ms\" data-wow-delay=\"100ms\">\r\n\t\t\t\t\t\t<div class=\"loan-eligibility__form__right\">\r\n\t\t\t\t\t\t\t\t\t\t\t\t\t\t<div class=\"loan-eligibility__content\">\r\n\t\t\t\t\t\t\t\t<div class=\"loan-eligibility__content__inner\">\r\n\t\t\t\t\t\t\t\t\t\t\t\t\t\t\t\t\t\t\t<div class=\"loan-eligibility__content__item\">\r\n\t\t\t\t\t\t\t\t\t\t\t\t\t\t\t\t\t\t\t\t\t\t\t<h2 class=\"loan-eligibility__content__title\">\r\n\t\t\t\t\t\t\t\t\t\t\t\t\tPago mensual\t\t\t\t\t\t\t\t\t\t\t\t<\/h2>\r\n\t\t\t\t\t\t\t\t\t\t\t\t\t\t\t\t\t\t\t\t\t\t\t\t\t\t\t\t\t\t\t\t\t\t<p class=\"loan-eligibility__content__amount\">\r\n\t\t\t\t\t\t\t\t\t\t\t\t\t\t\t\t\t\t\t\t\t\t\t\t\t\t915.49 \u20ac\t\t\t\t\t\t\t\t\t\t\t\t<\/p>\r\n\t\t\t\t\t\t\t\t\t\t\t\t\t\t\t\t\t\t\t\t\t\t\t\t\t\t\t\t\t\t\t\t<\/div><!-- \/.loan-eligibility__content__item -->\r\n\t\t\t\t\t\t\t\t\t\t\t\t\t\t\t\t\t<\/div><!-- \/.loan-eligibility__content__inner -->\r\n\t\t\t\t\t\t\t\t\t\t\t\t\t\t\t\t\t<button type=\"submit\" class=\"loan-eligibility__content__btn easilon-btn\">\r\n\t\t\t\t\t\t\t\t\t\t<span>Solicita un pr\u00e9stamo<\/span>\r\n\t\t\t\t\t\t\t\t\t\t\t\t\t\t\t\t\t\t\t\t\t<span class=\"easilon-btn__icon\">\r\n\t\t\t\t\t\t\t\t\t\t\t\t<i aria-hidden=\"true\" class=\"icon-right-arrow\"><\/i>\t\t\t\t\t\t\t\t\t\t\t<\/span>\r\n\t\t\t\t\t\t\t\t\t\t\t\t\t\t\t\t\t\t\t<\/button><!-- \/.loan-eligibility__content__btn -->\r\n\t\t\t\t\t\t\t\t\t\t\t\t\t\t\t<\/div><!-- \/.loan-eligibility__content -->\r\n\t\t\t\t\t\t<\/div><!-- \/.loan-eligibility__form__right -->\r\n\t\t\t\t\t<\/div><!-- \/.col-lg-6 -->\r\n\t\t\t\t<\/div><!-- \/.row gutter-y-40 -->\r\n\t\t\t<input type=\"hidden\" name=\"trp-form-language\" value=\"es\"\/><\/form><!-- \/.loan-eligibility__form -->\r\n\t\t<\/div><!-- \/.container -->\r\n\t<\/section><!-- \/.loan-eligibility section-space -->\r\n\t\t\t\t<\/div>\n\t\t\t\t<\/div>\n\t\t\t\t<\/div>\n\t\t\t\t<\/div>","protected":false},"excerpt":{"rendered":"<p>Rachat de Cr\u00e9dit Cr\u00e9dit Automobile Pr\u00eat Personnel water-sports-about-page-video-img Assurance pr\u00eat Cr\u00e9dit \u00e0 la Consommation Pr\u00eat Immobilier EN LIGNE 24H\/24 06 84 03 26 91 Prendre rendez-vous submit now Obtenez votre cr\u00e9dit \u00e0 la consommation 100% en ligne et rapidement. Cr\u00e9dit \u00e0 la consommation Besoin d&rsquo;un cr\u00e9dit \u00e0 la consommation dans les meilleurs d\u00e9lais ? Comparez [&hellip;]<\/p>\n","protected":false},"author":1,"featured_media":0,"parent":0,"menu_order":0,"comment_status":"closed","ping_status":"closed","template":"elementor_header_footer","meta":{"footnotes":""},"class_list":["post-538","page","type-page","status-publish","hentry"],"_hostinger_reach_plugin_has_subscription_block":false,"_hostinger_reach_plugin_is_elementor":false,"_links":{"self":[{"href":"https:\/\/emprunty.com\/es\/wp-json\/wp\/v2\/pages\/538","targetHints":{"allow":["GET"]}}],"collection":[{"href":"https:\/\/emprunty.com\/es\/wp-json\/wp\/v2\/pages"}],"about":[{"href":"https:\/\/emprunty.com\/es\/wp-json\/wp\/v2\/types\/page"}],"author":[{"embeddable":true,"href":"https:\/\/emprunty.com\/es\/wp-json\/wp\/v2\/users\/1"}],"replies":[{"embeddable":true,"href":"https:\/\/emprunty.com\/es\/wp-json\/wp\/v2\/comments?post=538"}],"version-history":[{"count":15,"href":"https:\/\/emprunty.com\/es\/wp-json\/wp\/v2\/pages\/538\/revisions"}],"predecessor-version":[{"id":4204,"href":"https:\/\/emprunty.com\/es\/wp-json\/wp\/v2\/pages\/538\/revisions\/4204"}],"wp:attachment":[{"href":"https:\/\/emprunty.com\/es\/wp-json\/wp\/v2\/media?parent=538"}],"curies":[{"name":"wp","href":"https:\/\/api.w.org\/{rel}","templated":true}]}}