{"id":529,"date":"2024-06-12T10:51:59","date_gmt":"2024-06-12T10:51:59","guid":{"rendered":"http:\/\/bracketweb.com\/easilonwp\/?page_id=529"},"modified":"2026-03-23T17:57:19","modified_gmt":"2026-03-23T17:57:19","slug":"credit-automobile","status":"publish","type":"page","link":"https:\/\/emprunty.com\/es\/credit-automobile\/","title":{"rendered":"Pr\u00e9stamo para autom\u00f3vil"},"content":{"rendered":"<div data-elementor-type=\"wp-page\" data-elementor-id=\"529\" class=\"elementor elementor-529\" data-elementor-post-type=\"page\">\n\t\t\t\t<div class=\"elementor-element elementor-element-fae6e85 service-details section-space e-flex e-con-boxed e-con e-parent\" data-id=\"fae6e85\" data-element_type=\"container\" data-e-type=\"container\">\n\t\t\t\t\t<div class=\"e-con-inner\">\n\t\t<div class=\"elementor-element elementor-element-1beb4fa e-con-full e-flex e-con e-child\" data-id=\"1beb4fa\" data-element_type=\"container\" data-e-type=\"container\">\n\t\t\t\t<div class=\"elementor-element elementor-element-1be7d5f elementor-widget elementor-widget-sidebar-nav\" data-id=\"1be7d5f\" data-element_type=\"widget\" data-e-type=\"widget\" data-widget_type=\"sidebar-nav.default\">\n\t\t\t\t<div class=\"elementor-widget-container\">\n\t\t\t\t\t\t<div class=\"service-sidebar__info service-sidebar__single wow fadeInLeft\" data-wow-duration=\"1500ms\">\r\n\t\t<div class=\"menu-service-list-menu-container\"><ul id=\"menu-service-list-menu\" class=\"list-unstyled service-sidebar__nav\"><li id=\"menu-item-568\" class=\"menu-item menu-item-type-post_type menu-item-object-page menu-item-568\"><a href=\"https:\/\/emprunty.com\/es\/rachat-de-credit\/\">Consolidaci\u00f3n de deudas<\/a><\/li>\n<li id=\"menu-item-567\" class=\"menu-item menu-item-type-post_type menu-item-object-page menu-item-567\"><a href=\"https:\/\/emprunty.com\/es\/credit-automobile\/\">Pr\u00e9stamo para autom\u00f3vil<\/a><\/li>\n<li id=\"menu-item-566\" class=\"menu-item menu-item-type-post_type menu-item-object-page menu-item-566\"><a href=\"https:\/\/emprunty.com\/es\/pret-personnel\/\">Pr\u00e9stamo personal<\/a><\/li>\n<li id=\"menu-item-564\" class=\"menu-item menu-item-type-post_type menu-item-object-page menu-item-564\"><a href=\"https:\/\/emprunty.com\/es\/assurance-pret\/\">Seguro de pr\u00e9stamo<\/a><\/li>\n<li id=\"menu-item-563\" class=\"menu-item menu-item-type-post_type menu-item-object-page menu-item-563\"><a href=\"https:\/\/emprunty.com\/es\/credit-a-la-consommation\/\">Cr\u00e9dito al consumo<\/a><\/li>\n<li id=\"menu-item-562\" class=\"menu-item menu-item-type-post_type menu-item-object-page menu-item-562\"><a href=\"https:\/\/emprunty.com\/es\/pret-immobilier\/\">Pr\u00e9stamo hipotecario<\/a><\/li>\n<\/ul><\/div>\t<\/div><!-- \/.service-sidebar__info service-sidebar__single -->\r\n\t\t\t\t<\/div>\n\t\t\t\t<\/div>\n\t\t\t\t<div class=\"elementor-element elementor-element-7f3cb0e elementor-widget elementor-widget-easilon-sidebar-call-to-action\" data-id=\"7f3cb0e\" data-element_type=\"widget\" data-e-type=\"widget\" data-widget_type=\"easilon-sidebar-call-to-action.default\">\n\t\t\t\t<div class=\"elementor-widget-container\">\n\t\t\t\t\t\t<div class=\"service-sidebar__single\">\r\n\t\t<div class=\"service-sidebar__contact wow fadeInLeft\" data-wow-duration=\"1500ms\" data-wow-delay=\"100ms\">\r\n\t\t\t<div class=\"service-sidebar__contact__bg\">\r\n\t\t\t\t<div class=\"service-sidebar__contact__bg__inner\"><\/div><!-- \/.service-sidebar__contact__bg__inner -->\r\n\t\t\t<\/div><!-- \/.service-sidebar__contact__bg -->\r\n\t\t\t<div class=\"service-sidebar__contact__inner\">\r\n\t\t\t\t\t\t\t\t\t<div class=\"service-sidebar__contact__icon\">\r\n\t\t\t\t\t\t<i aria-hidden=\"true\" class=\"icon-telephone\"><\/i>\t\t\t\t\t<\/div><!-- \/.service-sidebar__contact__icon -->\r\n\t\t\t\t\t\t\t\t<div class=\"service-sidebar__contact__content\">\r\n\t\t\t\t\t\t\t\t\t\t\t<h4 class=\"service-sidebar__contact__time\">\r\n\t\t\t\t\t\t\tEN L\u00cdNEA 24\/7\t\t\t\t\t\t<\/h4><!-- \/.service-sidebar__contact__time -->\r\n\t\t\t\t\t\t\t\t\t\t\t\t\t\t\t\t<h4 class=\"service-sidebar__contact__number\">\r\n\t\t\t\t\t\t\t<a href=\"tel:0684032691\" >\r\n\t\t\t\t\t\t\t\t06 84 03 26 91\t\t\t\t\t\t\t<\/a>\r\n\t\t\t\t\t\t<\/h4><!-- \/.service-sidebar__contact__number -->\r\n\t\t\t\t\t\t\t\t\t<\/div><!-- \/.service-sidebar__contact__content -->\r\n\t\t\t<\/div><!-- \/.service-sidebar__contact__inner -->\r\n\t\t<\/div><!-- \/.service-sidebar__contact -->\r\n\t<\/div><!-- \/.service-sidebar__single -->\r\n\t\t\t\t<\/div>\n\t\t\t\t<\/div>\n\t\t\t\t<div class=\"elementor-element elementor-element-d59b3aa elementor-widget elementor-widget-easilon-book-appointment\" data-id=\"d59b3aa\" data-element_type=\"widget\" data-e-type=\"widget\" data-widget_type=\"easilon-book-appointment.default\">\n\t\t\t\t<div class=\"elementor-widget-container\">\n\t\t\t\t\t    <div class=\"service-sidebar__single wow fadeInLeft\" data-wow-duration=\"1500ms\" data-wow-delay=\"200ms\">\r\n        <div class=\"service-sidebar__appointment\">\r\n            <h3 class=\"service-sidebar__appointment__title\">Pedir hora<\/h3>            <!-- \/.service-sidebar__appointment__title -->\r\n                            <div class=\"service-sidebar__appointment__form form-one contact-form-validated\">\r\n                    <div class=\"wpcf7 no-js\" id=\"wpcf7-f620-o1\" lang=\"en-US\" dir=\"ltr\" data-wpcf7-id=\"620\">\n<div class=\"screen-reader-response\"><p role=\"status\" aria-live=\"polite\" aria-atomic=\"true\"><\/p> <ul><\/ul><\/div>\n<form action=\"\/es\/wp-json\/wp\/v2\/pages\/529#wpcf7-f620-o1\" method=\"post\" class=\"wpcf7-form init\" aria-label=\"Contact form\" novalidate=\"novalidate\" data-status=\"init\" data-trp-original-action=\"\/es\/wp-json\/wp\/v2\/pages\/529#wpcf7-f620-o1\">\n<fieldset class=\"hidden-fields-container\"><input type=\"hidden\" name=\"_wpcf7\" value=\"620\" \/><input type=\"hidden\" name=\"_wpcf7_version\" value=\"6.1.5\" \/><input type=\"hidden\" name=\"_wpcf7_locale\" value=\"en_US\" \/><input type=\"hidden\" name=\"_wpcf7_unit_tag\" value=\"wpcf7-f620-o1\" \/><input type=\"hidden\" name=\"_wpcf7_container_post\" value=\"0\" \/><input type=\"hidden\" name=\"_wpcf7_posted_data_hash\" value=\"\" \/>\n<\/fieldset>\n<div class=\"form-one__group\">\n    <div class=\"form-one__control form-one__control--full\">\n        <span class=\"wpcf7-form-control-wrap\" data-name=\"fname\"><input size=\"40\" maxlength=\"400\" class=\"wpcf7-form-control wpcf7-text wpcf7-validates-as-required\" aria-required=\"true\" aria-invalid=\"false\" placeholder=\"Nombre\" value=\"\" type=\"text\" name=\"fname\" \/><\/span>\n    <\/div>\n    <div class=\"form-one__control form-one__control--full\">\n        <span class=\"wpcf7-form-control-wrap\" data-name=\"email\"><input size=\"40\" maxlength=\"400\" class=\"wpcf7-form-control wpcf7-email wpcf7-validates-as-required wpcf7-text wpcf7-validates-as-email\" aria-required=\"true\" aria-invalid=\"false\" placeholder=\"Correo electr\u00f3nico\" value=\"\" type=\"email\" name=\"email\" \/><\/span>\n    <\/div>\n    <div class=\"form-one__control form-one__control--full\">\n        <span class=\"wpcf7-form-control-wrap\" data-name=\"phone-no\"><input size=\"40\" maxlength=\"400\" class=\"wpcf7-form-control wpcf7-tel wpcf7-text wpcf7-validates-as-tel\" aria-invalid=\"false\" placeholder=\"N\u00famero de tel\u00e9fono\" value=\"\" type=\"tel\" name=\"phone-no\" \/><\/span>\n    <\/div>\n    <div class=\"form-one__control form-one__control--full\">\n        <button type=\"submit\" class=\"service-sidebar__appointment__form__btn easilon-btn\">\n            <span>Enviar ahora<\/span>\n            <span class=\"easilon-btn__icon\">\n                <i class=\"icon-double-right-arrow\"><\/i>\n            <\/span>\n        <\/button>\n    <\/div>\n<\/div><div class=\"wpcf7-response-output\" aria-hidden=\"true\"><\/div>\n<input type=\"hidden\" name=\"trp-form-language\" value=\"es\"\/><\/form>\n<\/div>                <\/div>\r\n                    <\/div><!-- \/.service-sidebar__company -->\r\n    <\/div><!-- \/.service-sidebar__single -->\r\n\t\t\t\t<\/div>\n\t\t\t\t<\/div>\n\t\t\t\t<\/div>\n\t\t<div class=\"elementor-element elementor-element-54e4252 e-flex e-con-boxed e-con e-child\" data-id=\"54e4252\" data-element_type=\"container\" data-e-type=\"container\">\n\t\t\t\t\t<div class=\"e-con-inner\">\n\t\t\t\t<div class=\"elementor-element elementor-element-653a743 service-details__thumbnail elementor-widget elementor-widget-image\" data-id=\"653a743\" data-element_type=\"widget\" data-e-type=\"widget\" data-widget_type=\"image.default\">\n\t\t\t\t\t\t\t\t\t\t\t\t\t\t\t<img fetchpriority=\"high\" decoding=\"async\" width=\"640\" height=\"314\" src=\"https:\/\/emprunty.com\/wp-content\/uploads\/2024\/06\/service-d-1-2.jpg\" class=\"attachment-large size-large wp-image-466\" alt=\"\" srcset=\"https:\/\/emprunty.com\/wp-content\/uploads\/2024\/06\/service-d-1-2.jpg 770w, https:\/\/emprunty.com\/wp-content\/uploads\/2024\/06\/service-d-1-2-570x280.jpg 570w, https:\/\/emprunty.com\/wp-content\/uploads\/2024\/06\/service-d-1-2-300x147.jpg 300w, https:\/\/emprunty.com\/wp-content\/uploads\/2024\/06\/service-d-1-2-768x377.jpg 768w\" sizes=\"(max-width: 640px) 100vw, 640px\" \/>\t\t\t\t\t\t\t\t\t\t\t\t\t\t\t<\/div>\n\t\t\t\t<div class=\"elementor-element elementor-element-c49411e elementor-widget elementor-widget-easilon-heading\" data-id=\"c49411e\" data-element_type=\"widget\" data-e-type=\"widget\" data-widget_type=\"easilon-heading.default\">\n\t\t\t\t<div class=\"elementor-widget-container\">\n\t\t\t\t\t            <h3 class=\"easilon_heading__title\">Pr\u00e9stamo para coche: su pr\u00e9stamo online con las mejores tasas<\/h3>    \t\t\t\t<\/div>\n\t\t\t\t<\/div>\n\t\t\t\t<div class=\"elementor-element elementor-element-a4052e0 elementor-widget elementor-widget-text-editor\" data-id=\"a4052e0\" data-element_type=\"widget\" data-e-type=\"widget\" data-widget_type=\"text-editor.default\">\n\t\t\t\t\t\t\t\t\t<p class=\"h2style\"><span class=\"emoji\">\u23f1<\/span>Tu pr\u00e9stamo para el coche en pocas palabras<\/p><div class=\"txt-content\"><p><strong>Su financiaci\u00f3n de coche a medida<\/strong><\/p><p>\u00bfBusca financiaci\u00f3n para un coche nuevo? \u00bfUn veh\u00edculo usado? \u00bfUn arrendamiento con opci\u00f3n a compra? M\u00e1s all\u00e1 de la mejor tasa de inter\u00e9s, necesita una financiaci\u00f3n a medida, adaptada a su proyecto de compra de veh\u00edculo.<\/p><p>Con <a href=\"https:\/\/emprunty.com\/es\/\">EMPRENDIMIENTO.COM<\/a>Compara las ofertas de nuestros socios en minutos con nuestro s\u00faper comparador y benef\u00edciate de la asistencia de expertos hasta que se liberen los fondos \ud83d\ude0a.<\/p><\/div>\t\t\t\t\t\t\t\t<\/div>\n\t\t\t\t<div class=\"elementor-element elementor-element-9f901ee elementor-widget elementor-widget-easilon-service-info\" data-id=\"9f901ee\" data-element_type=\"widget\" data-e-type=\"widget\" data-widget_type=\"easilon-service-info.default\">\n\t\t\t\t<div class=\"elementor-widget-container\">\n\t\t\t\t\t\t<div class=\"service-details__info wow fadeInUp\" data-wow-duration=\"1500ms\" data-wow-delay=\"00ms\">\r\n        <ul class=\"list-unstyled service-details__list\">\r\n                            <li>\r\n                                            <span class=\"service-details__list__icon\">\r\n                            <i aria-hidden=\"true\" class=\"icon-check\"><\/i>                        <\/span>\r\n                                        Simulaci\u00f3n Gratuita                <\/li>\r\n                            <li>\r\n                                            <span class=\"service-details__list__icon\">\r\n                            <i aria-hidden=\"true\" class=\"icon-check\"><\/i>                        <\/span>\r\n                                        Respuesta en 24 horas                <\/li>\r\n                            <li>\r\n                                            <span class=\"service-details__list__icon\">\r\n                            <i aria-hidden=\"true\" class=\"icon-check\"><\/i>                        <\/span>\r\n                                        Seguimiento personalizado                <\/li>\r\n                            <li>\r\n                                            <span class=\"service-details__list__icon\">\r\n                            <i aria-hidden=\"true\" class=\"icon-check\"><\/i>                        <\/span>\r\n                                        Seguridad 100% garantizada                <\/li>\r\n                    <\/ul><!-- \/.list-unstyled team-details__list -->\r\n        <img decoding=\"async\" src=\"https:\/\/emprunty.com\/wp-content\/uploads\/2024\/06\/service-d-list-1.jpg\" alt=\"portafolio-1\" title=\"portafolio-1\" class=\"service-details__info__image\" >    <\/div><!-- \/.service-details__info -->\r\n\t\t\t\t<\/div>\n\t\t\t\t<\/div>\n\t\t\t\t<div class=\"elementor-element elementor-element-31f0605 elementor-widget elementor-widget-text-editor\" data-id=\"31f0605\" data-element_type=\"widget\" data-e-type=\"widget\" data-widget_type=\"text-editor.default\">\n\t\t\t\t\t\t\t\t\t<h4 id=\"t_1\" style=\"margin: 1.5rem 0px 3rem; padding: 0px; border: 0px; font-size: 2.8rem; vertical-align: baseline; font-weight: bold; line-height: 1.3; color: #005187; scroll-margin-top: 8rem; font-family: Poppins, Arial, sans-serif;\">Pr\u00e9stamo para coche: lo que necesitas saber<\/h4><p style=\"margin-right: 0px; margin-bottom: 2.5rem; margin-left: 0px; padding: 0px; border: 0px; vertical-align: baseline; line-height: 1.5; color: #003050; font-family: Poppins, Arial, sans-serif;\">Para comprar un veh\u00edculo, su poder adquisitivo depender\u00e1 de:<\/p><ul style=\"margin-bottom: 2.5rem; margin-left: 0px; padding: 0px 0px 0px 2.5rem; border: 0px; vertical-align: baseline; list-style-type: none; line-height: 1.75; color: #003050; font-family: Poppins, Arial, sans-serif;\"><li style=\"margin: 0px 0px 1rem; padding: 0px 0px 0px 1.6rem; border: 0px; vertical-align: baseline; position: relative;\">su\u00a0<span style=\"margin: 0px; padding: 0px; border: 0px; vertical-align: baseline; font-weight: bold;\">contribuci\u00f3n personal<\/span>\u00a0Cuanto mayor sea la parte que pagues con tus ahorros, menos tendr\u00e1s que pedir prestado. Sin embargo, no siempre es ventajoso retirar el dinero que has invertido y que est\u00e1 generando intereses.<\/li><li style=\"margin: 0px 0px 1rem; padding: 0px 0px 0px 1.6rem; border: 0px; vertical-align: baseline; position: relative;\">su\u00a0<span style=\"margin: 0px; padding: 0px; border: 0px; vertical-align: baseline; font-weight: bold;\">capacidad de endeudamiento<\/span>\u00a0Este es el monto m\u00e1ximo de cr\u00e9dito que puede solicitar. La capacidad de endeudamiento es evaluada por el banco en funci\u00f3n de criterios relacionados con la fiabilidad de pago del prestatario. Esta capacidad es mayor si sus ingresos son altos y sus gastos promedio son bajos (alquiler, pagos de pr\u00e9stamos actuales, personas a su cargo, etc.).<\/li><li style=\"margin: 0px; padding: 0px 0px 0px 1.6rem; border: 0px; vertical-align: baseline; position: relative;\">el\u00a0<span style=\"margin: 0px; padding: 0px; border: 0px; vertical-align: baseline; font-weight: bold;\">tasas de pr\u00e9stamos para autom\u00f3viles<\/span>\u00a0La TAE (Tasa Anual Equivalente) es un indicador del coste total del cr\u00e9dito, incluidos los costes relacionados con los intereses del pr\u00e9stamo (a la tasa nominal), los relacionados con el seguro de cr\u00e9dito y los relacionados con las comisiones de tramitaci\u00f3n.<\/li><\/ul><p style=\"margin-right: 0px; margin-bottom: 2.5rem; margin-left: 0px; padding: 0px; border: 0px; vertical-align: baseline; line-height: 1.5; color: #003050; font-family: Poppins, Arial, sans-serif;\">Su\u00a0<span style=\"margin: 0px; padding: 0px; border: 0px; vertical-align: baseline; font-weight: bold;\">pago mensual del pr\u00e9stamo del autom\u00f3vil<\/span>\u00a0Esta es la cantidad que deber\u00e1 pagar cada mes. Cubre los intereses y parte del capital.<\/p><p style=\"margin-right: 0px; margin-bottom: 2.5rem; margin-left: 0px; padding: 0px; border: 0px; vertical-align: baseline; line-height: 1.5; color: #003050; font-family: Poppins, Arial, sans-serif;\">Seguro del prestatario o\u00a0<span style=\"margin: 0px; padding: 0px; border: 0px; vertical-align: baseline; font-weight: bold;\">seguro de pr\u00e9stamo de autom\u00f3vil<\/span>Aunque no es obligatorio, este seguro te permite cubrir el pago de tu pr\u00e9stamo para el coche en caso de imprevistos (problemas de salud, incapacidad laboral, etc.). \u00bfPor qu\u00e9 comparar ofertas de pr\u00e9stamos para coches? La respuesta es sencilla: \u00a1para obtener el mejor tipo de inter\u00e9s para tu proyecto! Cuanto mayor sea el tipo de inter\u00e9s, mayor ser\u00e1 el coste de tu pr\u00e9stamo. Nature Kredit compara las ofertas de pr\u00e9stamos para veh\u00edculos de sus bancos asociados y te ofrece las mejores condiciones. <span style=\"margin: 0px; padding: 0px; border: 0px; vertical-align: baseline; font-weight: bold;\">financiaci\u00f3n de autom\u00f3viles<\/span>.<\/p><p style=\"margin-right: 0px; margin-bottom: 2.5rem; margin-left: 0px; padding: 0px; border: 0px; vertical-align: baseline; line-height: 1.5; color: #003050; font-family: Poppins, Arial, sans-serif;\">\u00bfC\u00f3mo comparar r\u00e1pidamente pr\u00e9stamos para autom\u00f3viles? Para comparar ofertas de pr\u00e9stamos para autom\u00f3viles, simplemente complete algunos campos en nuestro formulario.\u00a0<span style=\"margin: 0px; padding: 0px; border: 0px; vertical-align: baseline; font-weight: bold;\">Comparaci\u00f3n de pr\u00e9stamos para autom\u00f3viles<\/span>\u00a0barato.<\/p><p style=\"margin-right: 0px; margin-bottom: 2.5rem; margin-left: 0px; padding: 0px; border: 0px; vertical-align: baseline; line-height: 1.5; color: #003050; font-family: Poppins, Arial, sans-serif;\">Para ello, primero indique el tipo de veh\u00edculo que desea comprar: \u00bfes nuevo, tiene menos de un a\u00f1o o m\u00e1s de dos a\u00f1os? \u00bfCu\u00e1l es la marca? \u00bfEl modelo? \u00bfEl tipo de motor? Despu\u00e9s de esta informaci\u00f3n sobre el coche, especifique el importe del pr\u00e9stamo que mejor se ajuste a sus necesidades y su plazo (entre 12 y 84 meses).<\/p><p style=\"margin-right: 0px; margin-bottom: 2.5rem; margin-left: 0px; padding: 0px; border: 0px; vertical-align: baseline; line-height: 1.5; color: #003050; font-family: Poppins, Arial, sans-serif;\">A continuaci\u00f3n, complete los detalles relacionados con su situaci\u00f3n profesional, como sus ingresos netos mensuales, su profesi\u00f3n y su antig\u00fcedad.<\/p><p style=\"margin-right: 0px; margin-bottom: 2.5rem; margin-left: 0px; padding: 0px; border: 0px; vertical-align: baseline; line-height: 1.5; color: #003050; font-family: Poppins, Arial, sans-serif;\">Por \u00faltimo, especifique si tiene alg\u00fan pr\u00e9stamo pendiente (hipoteca para su vivienda principal o pr\u00e9stamos al consumo). A continuaci\u00f3n, tendr\u00e1 acceso a\u00a0<span style=\"margin: 0px; padding: 0px; border: 0px; vertical-align: baseline; font-weight: bold;\">Las mejores ofertas de pr\u00e9stamos para autom\u00f3viles o motocicletas del mercado.<\/span>\u00a0y beneficiarse de\u00a0<span style=\"margin: 0px; padding: 0px; border: 0px; vertical-align: baseline; font-weight: bold;\">mejor tasa de inter\u00e9s para pr\u00e9stamos de autom\u00f3viles<\/span>\u00a0Para tu compra. La comparaci\u00f3n es r\u00e1pida y sin compromiso.<\/p><p style=\"margin-right: 0px; margin-bottom: 2.5rem; margin-left: 0px; padding: 0px; border: 0px; vertical-align: baseline; line-height: 1.5; color: #003050; font-family: Poppins, Arial, sans-serif;\">\u00a0<\/p>\t\t\t\t\t\t\t\t<\/div>\n\t\t\t\t\t<\/div>\n\t\t\t\t<\/div>\n\t\t\t\t\t<\/div>\n\t\t\t\t<\/div>\n\t\t<div class=\"elementor-element elementor-element-e8eac25 e-con-full e-flex e-con e-parent\" data-id=\"e8eac25\" data-element_type=\"container\" data-e-type=\"container\">\n\t\t\t\t<div class=\"elementor-element elementor-element-c9c1a9d elementor-widget elementor-widget-easilon-loan\" data-id=\"c9c1a9d\" data-element_type=\"widget\" data-e-type=\"widget\" data-widget_type=\"easilon-loan.default\">\n\t\t\t\t<div class=\"elementor-widget-container\">\n\t\t\t\t\t\t<section class=\"loan-eligibility section-space\">\r\n\t\t<div class=\"container\">\r\n\t\t\t<form action=\"#\" class=\"loan-eligibility__form\" data-trp-original-action=\"#\">\r\n\t\t\t\t<div class=\"row gutter-y-40\">\r\n\t\t\t\t\t<div class=\"col-lg-6 wow fadeInUp\" data-wow-duration=\"1500ms\" data-wow-delay=\"00ms\">\r\n\t\t\t\t\t\t<div class=\"loan-eligibility__form__left\">\r\n\t\t\t\t\t\t\t<h3 class=\"loan-eligibility__form__title\">Simulador de cr\u00e9dito<\/h3>\t\t\t\t\t\t\t<!-- \/.loan-eligibility__form__title -->\r\n\t\t\t\t\t\t\t<div class=\"loan-eligibility__form__inner\">\r\n\t\t\t\t\t\t\t\t\t\t\t\t\t\t\t\t\t<div class=\"loan-eligibility__single\">\r\n\t\t\t\t\t\t\t\t\t\t<div class=\"loan-eligibility__single__top\">\r\n\t\t\t\t\t\t\t\t\t\t\t<span class=\"loan-eligibility__single__title\">Monto del pr\u00e9stamo<\/span>\r\n\t\t\t\t\t\t\t\t\t\t\t<span class=\"loan-eligibility__single__count\">\u20ac90000<\/span>\r\n\t\t\t\t\t\t\t\t\t\t<\/div><!-- \/.loan-eligibility__single__top -->\r\n\t\t\t\t\t\t\t\t\t\t<div id=\"range-slider-loan-amount\" class=\"loan-eligibility__range-slider loan-range\" data-range-options='{\"start\": 45000,\"step\": 1000,\"suffix\": \"\u20ac\",\"range\": {\"min\": 2000,\"max\": 90000}}'>\r\n\t\t\t\t\t\t\t\t\t\t<\/div>\r\n\t\t\t\t\t\t\t\t\t<\/div><!-- \/.loan-eligibility__single -->\r\n\t\t\t\t\t\t\t\t\t\t\t\t\t\t\t\t\t\t\t\t\t\t\t\t\t<div class=\"loan-eligibility__single\">\r\n\t\t\t\t\t\t\t\t\t\t<div class=\"loan-eligibility__single__top\">\r\n\t\t\t\t\t\t\t\t\t\t\t<span class=\"loan-eligibility__single__title\">Ingresos brutos (mensuales)<\/span>\r\n\t\t\t\t\t\t\t\t\t\t\t<span class=\"loan-eligibility__single__count\">\u20ac6000<\/span>\r\n\t\t\t\t\t\t\t\t\t\t<\/div><!-- \/.loan-eligibility__single__top -->\r\n\t\t\t\t\t\t\t\t\t\t<div id=\"range-slider-gross-income\" class=\"loan-eligibility__range-slider loan-range\" data-range-options='{\"start\": 3000,\"step\": 100,\"suffix\": \"\u20ac\",\"range\": {\"min\": 100,\"max\": 6000}}'><\/div>\r\n\t\t\t\t\t\t\t\t\t<\/div><!-- \/.loan-eligibility__single -->\r\n\t\t\t\t\t\t\t\t\t\t\t\t\t\t\t\t\t\t\t\t\t\t\t\t\t<div class=\"loan-eligibility__single\">\r\n\t\t\t\t\t\t\t\t\t\t<div class=\"loan-eligibility__single__top\">\r\n\t\t\t\t\t\t\t\t\t\t\t<span class=\"loan-eligibility__single__title\">Duraci\u00f3n del pr\u00e9stamo (meses)<\/span>\r\n\t\t\t\t\t\t\t\t\t\t\t<span class=\"loan-eligibility__single__count\">120 meses<\/span>\r\n\t\t\t\t\t\t\t\t\t\t<\/div><!-- \/.loan-eligibility__single__top -->\r\n\t\t\t\t\t\t\t\t\t\t<div id=\"range-slider-tenure\" class=\"loan-eligibility__range-slider  loan-range\" data-range-options='{\"start\": 60,\"step\": 1,\"suffix\": \"Mois\",\"range\": {\"min\": 1,\"max\": 120}}'><\/div>\r\n\t\t\t\t\t\t\t\t\t<\/div><!-- \/.loan-eligibility__single -->\r\n\t\t\t\t\t\t\t\t\t\t\t\t\t\t\t\t\t\t\t\t\t\t\t\t\t<div class=\"loan-eligibility__single\">\r\n\t\t\t\t\t\t\t\t\t\t<div class=\"loan-eligibility__single__top\">\r\n\t\t\t\t\t\t\t\t\t\t\t<span class=\"loan-eligibility__single__title\">tipos de inter\u00e9s<\/span>\r\n\t\t\t\t\t\t\t\t\t\t\t<span class=\"loan-eligibility__single__count\">7%<\/span>\r\n\t\t\t\t\t\t\t\t\t\t<\/div><!-- \/.loan-eligibility__single__top -->\r\n\t\t\t\t\t\t\t\t\t\t<div id=\"range-slider-interest-rate\" class=\"loan-eligibility__range-slider loan-range\" data-range-options='{\"start\": 3,\"step\": 1,\"suffix\": \"%\",\"range\": {\"min\": 1,\"max\": 7}}'><\/div>\r\n\t\t\t\t\t\t\t\t\t<\/div><!-- \/.loan-eligibility__single -->\r\n\t\t\t\t\t\t\t\t\t\t\t\t\t\t\t\t\t\t\t\t\t\t\t<\/div><!-- \/.loan-eligibility__form__inner -->\r\n\t\t\t\t\t\t<\/div><!-- \/.loan-eligibility__form__left -->\r\n\t\t\t\t\t<\/div><!-- \/.col-lg-6 -->\r\n\t\t\t\t\t<div class=\"col-lg-6 wow fadeInUp\" data-wow-duration=\"1500ms\" data-wow-delay=\"100ms\">\r\n\t\t\t\t\t\t<div class=\"loan-eligibility__form__right\">\r\n\t\t\t\t\t\t\t\t\t\t\t\t\t\t<div class=\"loan-eligibility__content\">\r\n\t\t\t\t\t\t\t\t<div class=\"loan-eligibility__content__inner\">\r\n\t\t\t\t\t\t\t\t\t\t\t\t\t\t\t\t\t\t\t<div class=\"loan-eligibility__content__item\">\r\n\t\t\t\t\t\t\t\t\t\t\t\t\t\t\t\t\t\t\t\t\t\t\t<h2 class=\"loan-eligibility__content__title\">\r\n\t\t\t\t\t\t\t\t\t\t\t\t\tPago mensual\t\t\t\t\t\t\t\t\t\t\t\t<\/h2>\r\n\t\t\t\t\t\t\t\t\t\t\t\t\t\t\t\t\t\t\t\t\t\t\t\t\t\t\t\t\t\t\t\t\t\t<p class=\"loan-eligibility__content__amount\">\r\n\t\t\t\t\t\t\t\t\t\t\t\t\t\t\t\t\t\t\t\t\t\t\t\t\t\t915.49 \u20ac\t\t\t\t\t\t\t\t\t\t\t\t<\/p>\r\n\t\t\t\t\t\t\t\t\t\t\t\t\t\t\t\t\t\t\t\t\t\t\t\t\t\t\t\t\t\t\t\t<\/div><!-- \/.loan-eligibility__content__item -->\r\n\t\t\t\t\t\t\t\t\t\t\t\t\t\t\t\t\t<\/div><!-- \/.loan-eligibility__content__inner -->\r\n\t\t\t\t\t\t\t\t\t\t\t\t\t\t\t\t\t<button type=\"submit\" class=\"loan-eligibility__content__btn easilon-btn\">\r\n\t\t\t\t\t\t\t\t\t\t<span>Solicita un pr\u00e9stamo<\/span>\r\n\t\t\t\t\t\t\t\t\t\t\t\t\t\t\t\t\t\t\t\t\t<span class=\"easilon-btn__icon\">\r\n\t\t\t\t\t\t\t\t\t\t\t\t<i aria-hidden=\"true\" class=\"icon-right-arrow\"><\/i>\t\t\t\t\t\t\t\t\t\t\t<\/span>\r\n\t\t\t\t\t\t\t\t\t\t\t\t\t\t\t\t\t\t\t<\/button><!-- \/.loan-eligibility__content__btn -->\r\n\t\t\t\t\t\t\t\t\t\t\t\t\t\t\t<\/div><!-- \/.loan-eligibility__content -->\r\n\t\t\t\t\t\t<\/div><!-- \/.loan-eligibility__form__right -->\r\n\t\t\t\t\t<\/div><!-- \/.col-lg-6 -->\r\n\t\t\t\t<\/div><!-- \/.row gutter-y-40 -->\r\n\t\t\t<input type=\"hidden\" name=\"trp-form-language\" value=\"es\"\/><\/form><!-- \/.loan-eligibility__form -->\r\n\t\t<\/div><!-- \/.container -->\r\n\t<\/section><!-- \/.loan-eligibility section-space -->\r\n\t\t\t\t<\/div>\n\t\t\t\t<\/div>\n\t\t\t\t<\/div>\n\t\t\t\t<\/div>","protected":false},"excerpt":{"rendered":"<p>Rachat de Cr\u00e9dit Cr\u00e9dit Automobile Pr\u00eat Personnel water-sports-about-page-video-img Assurance pr\u00eat Cr\u00e9dit \u00e0 la Consommation Pr\u00eat Immobilier EN LIGNE 24H\/24 06 84 03 26 91 Prendre rendez-vous submit now Cr\u00e9dit auto : votre pr\u00eat en ligne avec les meilleurs taux \u23f1Votre cr\u00e9dit auto en quelques mots Votre financement auto sur mesure Vous souhaitez financer une voiture [&hellip;]<\/p>\n","protected":false},"author":1,"featured_media":0,"parent":0,"menu_order":0,"comment_status":"closed","ping_status":"closed","template":"elementor_header_footer","meta":{"footnotes":""},"class_list":["post-529","page","type-page","status-publish","hentry"],"_hostinger_reach_plugin_has_subscription_block":false,"_hostinger_reach_plugin_is_elementor":false,"_links":{"self":[{"href":"https:\/\/emprunty.com\/es\/wp-json\/wp\/v2\/pages\/529","targetHints":{"allow":["GET"]}}],"collection":[{"href":"https:\/\/emprunty.com\/es\/wp-json\/wp\/v2\/pages"}],"about":[{"href":"https:\/\/emprunty.com\/es\/wp-json\/wp\/v2\/types\/page"}],"author":[{"embeddable":true,"href":"https:\/\/emprunty.com\/es\/wp-json\/wp\/v2\/users\/1"}],"replies":[{"embeddable":true,"href":"https:\/\/emprunty.com\/es\/wp-json\/wp\/v2\/comments?post=529"}],"version-history":[{"count":14,"href":"https:\/\/emprunty.com\/es\/wp-json\/wp\/v2\/pages\/529\/revisions"}],"predecessor-version":[{"id":4151,"href":"https:\/\/emprunty.com\/es\/wp-json\/wp\/v2\/pages\/529\/revisions\/4151"}],"wp:attachment":[{"href":"https:\/\/emprunty.com\/es\/wp-json\/wp\/v2\/media?parent=529"}],"curies":[{"name":"wp","href":"https:\/\/api.w.org\/{rel}","templated":true}]}}