{"id":435,"date":"2024-06-12T07:08:23","date_gmt":"2024-06-12T07:08:23","guid":{"rendered":"http:\/\/bracketweb.com\/easilonwp\/?page_id=435"},"modified":"2026-03-22T12:14:42","modified_gmt":"2026-03-22T12:14:42","slug":"nos-services","status":"publish","type":"page","link":"https:\/\/emprunty.com\/es\/nos-services\/","title":{"rendered":"Nos Services"},"content":{"rendered":"<div data-elementor-type=\"wp-page\" data-elementor-id=\"435\" class=\"elementor elementor-435\" data-elementor-post-type=\"page\">\n\t\t\t\t<div class=\"elementor-element elementor-element-e495001 e-con-full e-flex e-con e-parent\" data-id=\"e495001\" data-element_type=\"container\" data-e-type=\"container\">\n\t\t\t\t<div class=\"elementor-element elementor-element-48e2dc5 elementor-widget elementor-widget-easilon-service\" data-id=\"48e2dc5\" data-element_type=\"widget\" data-e-type=\"widget\" data-widget_type=\"easilon-service.default\">\n\t\t\t\t<div class=\"elementor-widget-container\">\n\t\t\t\t\t\t<section class=\"services-page section-space\">\r\n\t\t<div class=\"container\">\r\n\t\t\t<div class=\"row gutter-y-30\">\r\n\t\t\t\t\t\t\t\t\t<div class=\"col-lg-4 col-md-6 wow fadeInUp\" data-wow-duration=\"1500ms\" data-wow-delay=\"00ms\">\r\n\t\t\t\t\t\t<div class=\"service-card\">\r\n\t\t\t\t\t\t\t\t\t\t\t\t\t\t\t<a href=\"https:\/\/emprunty.com\/es\/pret-personnel\/\" class=\"service-card__image\">\r\n\t\t\t\t\t\t\t\t\t<img decoding=\"async\" src=\"https:\/\/emprunty.com\/wp-content\/uploads\/2026\/03\/vitaly-gariev-yTwKKjDQiCY-unsplash-scaled-e1774180089995.jpg\" alt=\"vitaly-gariev-yTwKKjDQiCY-unsplash\" title=\"vitaly-gariev-yTwKKjDQiCY-unsplash\" >\t\t\t\t\t\t\t\t<\/a><!-- \/.service-card__image -->\r\n\t\t\t\t\t\t\t\t\t\t\t\t\t\t<div class=\"service-card__content\">\r\n\t\t\t\t\t\t\t\t\t\t\t\t\t\t\t\t\t<h3 class=\"service-card__title\">\r\n\t\t\t\t\t\t\t\t\t\t<a href=\"https:\/\/emprunty.com\/es\/pret-personnel\/\">\r\n\t\t\t\t\t\t\t\t\t\t\tPr\u00e9stamo personal\t\t\t\t\t\t\t\t\t\t<\/a>\r\n\t\t\t\t\t\t\t\t\t<\/h3><!-- \/.service-card__title -->\r\n\t\t\t\t\t\t\t\t\t\t\t\t\t\t\t\t\t\t\t\t\t\t\t\t\t\t<a href=\"https:\/\/emprunty.com\/es\/pret-personnel\/\"   class=\"service-card__btn easilon-btn\">\r\n\t\t\t\t\t\t\t\t\t\t\t<span class=\"easilon-btn__icon\">\r\n\t\t\t\t\t\t\t\t\t\t\t\t<i aria-hidden=\"true\" class=\"icon-right-arrow\"><\/i>\t\t\t\t\t\t\t\t\t\t\t<\/span>\r\n\t\t\t\t\t\t\t\t\t\t<\/a><!-- \/.service-card__btn -->\r\n\t\t\t\t\t\t\t\t\t\t\t\t\t\t\t<\/div><!-- \/.service-card__content -->\r\n\t\t\t\t\t\t<\/div><!-- \/.service-card -->\r\n\t\t\t\t\t<\/div><!-- \/.col-lg-4 col-md-6 -->\r\n\t\t\t\t\t\t\t\t\t<div class=\"col-lg-4 col-md-6 wow fadeInUp\" data-wow-duration=\"1500ms\" data-wow-delay=\"00ms\">\r\n\t\t\t\t\t\t<div class=\"service-card\">\r\n\t\t\t\t\t\t\t\t\t\t\t\t\t\t\t<a href=\"https:\/\/emprunty.com\/es\/pret-immobilier\/\" class=\"service-card__image\">\r\n\t\t\t\t\t\t\t\t\t<img decoding=\"async\" src=\"https:\/\/emprunty.com\/wp-content\/uploads\/2026\/03\/pexels-jakubzerdzicki-34023965-scaled-e1774180355914.jpg\" alt=\"pexels-jakubzerdzicki-34023965\" title=\"pexels-jakubzerdzicki-34023965\" >\t\t\t\t\t\t\t\t<\/a><!-- \/.service-card__image -->\r\n\t\t\t\t\t\t\t\t\t\t\t\t\t\t<div class=\"service-card__content\">\r\n\t\t\t\t\t\t\t\t\t\t\t\t\t\t\t\t\t<h3 class=\"service-card__title\">\r\n\t\t\t\t\t\t\t\t\t\t<a href=\"https:\/\/emprunty.com\/es\/pret-immobilier\/\">\r\n\t\t\t\t\t\t\t\t\t\t\tPr\u00e9stamo hipotecario\t\t\t\t\t\t\t\t\t\t<\/a>\r\n\t\t\t\t\t\t\t\t\t<\/h3><!-- \/.service-card__title -->\r\n\t\t\t\t\t\t\t\t\t\t\t\t\t\t\t\t\t\t\t\t\t\t\t\t\t\t<a href=\"https:\/\/emprunty.com\/es\/pret-immobilier\/\"   class=\"service-card__btn easilon-btn\">\r\n\t\t\t\t\t\t\t\t\t\t\t<span class=\"easilon-btn__icon\">\r\n\t\t\t\t\t\t\t\t\t\t\t\t<i aria-hidden=\"true\" class=\"icon-right-arrow\"><\/i>\t\t\t\t\t\t\t\t\t\t\t<\/span>\r\n\t\t\t\t\t\t\t\t\t\t<\/a><!-- \/.service-card__btn -->\r\n\t\t\t\t\t\t\t\t\t\t\t\t\t\t\t<\/div><!-- \/.service-card__content -->\r\n\t\t\t\t\t\t<\/div><!-- \/.service-card -->\r\n\t\t\t\t\t<\/div><!-- \/.col-lg-4 col-md-6 -->\r\n\t\t\t\t\t\t\t\t\t<div class=\"col-lg-4 col-md-6 wow fadeInUp\" data-wow-duration=\"1500ms\" data-wow-delay=\"00ms\">\r\n\t\t\t\t\t\t<div class=\"service-card\">\r\n\t\t\t\t\t\t\t\t\t\t\t\t\t\t\t<a href=\"https:\/\/emprunty.com\/es\/credit-a-la-consommation\/\" class=\"service-card__image\">\r\n\t\t\t\t\t\t\t\t\t<img decoding=\"async\" src=\"https:\/\/emprunty.com\/wp-content\/uploads\/2026\/03\/credit-a-la-con-e1774180881514.png\" alt=\"cr\u00e9dito est\u00fapido\" title=\"cr\u00e9dito est\u00fapido\" >\t\t\t\t\t\t\t\t<\/a><!-- \/.service-card__image -->\r\n\t\t\t\t\t\t\t\t\t\t\t\t\t\t<div class=\"service-card__content\">\r\n\t\t\t\t\t\t\t\t\t\t\t\t\t\t\t\t\t<h3 class=\"service-card__title\">\r\n\t\t\t\t\t\t\t\t\t\t<a href=\"https:\/\/emprunty.com\/es\/credit-a-la-consommation\/\">\r\n\t\t\t\t\t\t\t\t\t\t\tConsumo\t\t\t\t\t\t\t\t\t\t<\/a>\r\n\t\t\t\t\t\t\t\t\t<\/h3><!-- \/.service-card__title -->\r\n\t\t\t\t\t\t\t\t\t\t\t\t\t\t\t\t\t\t\t\t\t\t\t\t\t\t<a href=\"https:\/\/emprunty.com\/es\/credit-a-la-consommation\/\"   class=\"service-card__btn easilon-btn\">\r\n\t\t\t\t\t\t\t\t\t\t\t<span class=\"easilon-btn__icon\">\r\n\t\t\t\t\t\t\t\t\t\t\t\t<i aria-hidden=\"true\" class=\"icon-right-arrow\"><\/i>\t\t\t\t\t\t\t\t\t\t\t<\/span>\r\n\t\t\t\t\t\t\t\t\t\t<\/a><!-- \/.service-card__btn -->\r\n\t\t\t\t\t\t\t\t\t\t\t\t\t\t\t<\/div><!-- \/.service-card__content -->\r\n\t\t\t\t\t\t<\/div><!-- \/.service-card -->\r\n\t\t\t\t\t<\/div><!-- \/.col-lg-4 col-md-6 -->\r\n\t\t\t\t\t\t\t\t\t<div class=\"col-lg-4 col-md-6 wow fadeInUp\" data-wow-duration=\"1500ms\" data-wow-delay=\"00ms\">\r\n\t\t\t\t\t\t<div class=\"service-card\">\r\n\t\t\t\t\t\t\t\t\t\t\t\t\t\t\t<a href=\"https:\/\/emprunty.com\/es\/credit-automobile\/\" class=\"service-card__image\">\r\n\t\t\t\t\t\t\t\t\t<img decoding=\"async\" src=\"https:\/\/emprunty.com\/wp-content\/uploads\/2026\/03\/preform-auto-1-e1774181516538.png\" alt=\"preforma-auto\" title=\"preforma-auto\" >\t\t\t\t\t\t\t\t<\/a><!-- \/.service-card__image -->\r\n\t\t\t\t\t\t\t\t\t\t\t\t\t\t<div class=\"service-card__content\">\r\n\t\t\t\t\t\t\t\t\t\t\t\t\t\t\t\t\t<h3 class=\"service-card__title\">\r\n\t\t\t\t\t\t\t\t\t\t<a href=\"https:\/\/emprunty.com\/es\/credit-automobile\/\">\r\n\t\t\t\t\t\t\t\t\t\t\tPr\u00e9stamo para autom\u00f3vil\t\t\t\t\t\t\t\t\t\t<\/a>\r\n\t\t\t\t\t\t\t\t\t<\/h3><!-- \/.service-card__title -->\r\n\t\t\t\t\t\t\t\t\t\t\t\t\t\t\t\t\t\t\t\t\t\t\t\t\t\t<a href=\"https:\/\/emprunty.com\/es\/credit-automobile\/\"   class=\"service-card__btn easilon-btn\">\r\n\t\t\t\t\t\t\t\t\t\t\t<span class=\"easilon-btn__icon\">\r\n\t\t\t\t\t\t\t\t\t\t\t\t<i aria-hidden=\"true\" class=\"icon-right-arrow\"><\/i>\t\t\t\t\t\t\t\t\t\t\t<\/span>\r\n\t\t\t\t\t\t\t\t\t\t<\/a><!-- \/.service-card__btn -->\r\n\t\t\t\t\t\t\t\t\t\t\t\t\t\t\t<\/div><!-- \/.service-card__content -->\r\n\t\t\t\t\t\t<\/div><!-- \/.service-card -->\r\n\t\t\t\t\t<\/div><!-- \/.col-lg-4 col-md-6 -->\r\n\t\t\t\t\t\t\t\t\t<div class=\"col-lg-4 col-md-6 wow fadeInUp\" data-wow-duration=\"1500ms\" data-wow-delay=\"00ms\">\r\n\t\t\t\t\t\t<div class=\"service-card\">\r\n\t\t\t\t\t\t\t\t\t\t\t\t\t\t\t<a href=\"https:\/\/emprunty.com\/es\/rachat-de-credit\/\" class=\"service-card__image\">\r\n\t\t\t\t\t\t\t\t\t<img decoding=\"async\" src=\"https:\/\/emprunty.com\/wp-content\/uploads\/2024\/06\/service-2-5.jpg\" alt=\"servicio-2-5\" title=\"servicio-2-5\" >\t\t\t\t\t\t\t\t<\/a><!-- \/.service-card__image -->\r\n\t\t\t\t\t\t\t\t\t\t\t\t\t\t<div class=\"service-card__content\">\r\n\t\t\t\t\t\t\t\t\t\t\t\t\t\t\t\t\t<h3 class=\"service-card__title\">\r\n\t\t\t\t\t\t\t\t\t\t<a href=\"https:\/\/emprunty.com\/es\/rachat-de-credit\/\">\r\n\t\t\t\t\t\t\t\t\t\t\tconsolidaci\u00f3n de deudas\t\t\t\t\t\t\t\t\t\t<\/a>\r\n\t\t\t\t\t\t\t\t\t<\/h3><!-- \/.service-card__title -->\r\n\t\t\t\t\t\t\t\t\t\t\t\t\t\t\t\t\t\t\t\t\t\t\t\t\t\t<a href=\"https:\/\/emprunty.com\/es\/rachat-de-credit\/\"   class=\"service-card__btn easilon-btn\">\r\n\t\t\t\t\t\t\t\t\t\t\t<span class=\"easilon-btn__icon\">\r\n\t\t\t\t\t\t\t\t\t\t\t\t<i aria-hidden=\"true\" class=\"icon-right-arrow\"><\/i>\t\t\t\t\t\t\t\t\t\t\t<\/span>\r\n\t\t\t\t\t\t\t\t\t\t<\/a><!-- \/.service-card__btn -->\r\n\t\t\t\t\t\t\t\t\t\t\t\t\t\t\t<\/div><!-- \/.service-card__content -->\r\n\t\t\t\t\t\t<\/div><!-- \/.service-card -->\r\n\t\t\t\t\t<\/div><!-- \/.col-lg-4 col-md-6 -->\r\n\t\t\t\t\t\t\t\t\t<div class=\"col-lg-4 col-md-6 wow fadeInUp\" data-wow-duration=\"1500ms\" data-wow-delay=\"00ms\">\r\n\t\t\t\t\t\t<div class=\"service-card\">\r\n\t\t\t\t\t\t\t\t\t\t\t\t\t\t\t<a href=\"https:\/\/emprunty.com\/es\/assurance-pret\/\" class=\"service-card__image\">\r\n\t\t\t\t\t\t\t\t\t<img decoding=\"async\" src=\"https:\/\/emprunty.com\/wp-content\/uploads\/2026\/03\/credit-auto-credit-ballon.jpg-e1774181674125.webp\" alt=\"globo-de-cr\u00e9dito-autom\u00e1tico.jpg\" title=\"globo-de-cr\u00e9dito-autom\u00e1tico.jpg\" >\t\t\t\t\t\t\t\t<\/a><!-- \/.service-card__image -->\r\n\t\t\t\t\t\t\t\t\t\t\t\t\t\t<div class=\"service-card__content\">\r\n\t\t\t\t\t\t\t\t\t\t\t\t\t\t\t\t\t<h3 class=\"service-card__title\">\r\n\t\t\t\t\t\t\t\t\t\t<a href=\"https:\/\/emprunty.com\/es\/assurance-pret\/\">\r\n\t\t\t\t\t\t\t\t\t\t\tSeguro de cr\u00e9dito\t\t\t\t\t\t\t\t\t\t<\/a>\r\n\t\t\t\t\t\t\t\t\t<\/h3><!-- \/.service-card__title -->\r\n\t\t\t\t\t\t\t\t\t\t\t\t\t\t\t\t\t\t\t\t\t\t\t\t\t\t<a href=\"https:\/\/emprunty.com\/es\/assurance-pret\/\"   class=\"service-card__btn easilon-btn\">\r\n\t\t\t\t\t\t\t\t\t\t\t<span class=\"easilon-btn__icon\">\r\n\t\t\t\t\t\t\t\t\t\t\t\t<i aria-hidden=\"true\" class=\"icon-right-arrow\"><\/i>\t\t\t\t\t\t\t\t\t\t\t<\/span>\r\n\t\t\t\t\t\t\t\t\t\t<\/a><!-- \/.service-card__btn -->\r\n\t\t\t\t\t\t\t\t\t\t\t\t\t\t\t<\/div><!-- \/.service-card__content -->\r\n\t\t\t\t\t\t<\/div><!-- \/.service-card -->\r\n\t\t\t\t\t<\/div><!-- \/.col-lg-4 col-md-6 -->\r\n\t\t\t\t\t\t\t<\/div><!-- \/.row -->\r\n\t\t<\/div><!-- \/.container -->\r\n\t<\/section><!-- \/.services-page section-space -->\r\n\t\t\t\t<\/div>\n\t\t\t\t<\/div>\n\t\t\t\t<\/div>\n\t\t\t\t<\/div>","protected":false},"excerpt":{"rendered":"<p>Pr\u00eat personnel Cr\u00e9dit Immobilier Consommation Cr\u00e9dit Auto Rachat de cr\u00e9dit Assurance cr\u00e9dit<\/p>","protected":false},"author":1,"featured_media":0,"parent":0,"menu_order":0,"comment_status":"closed","ping_status":"closed","template":"elementor_header_footer","meta":{"footnotes":""},"class_list":["post-435","page","type-page","status-publish","hentry"],"_hostinger_reach_plugin_has_subscription_block":false,"_hostinger_reach_plugin_is_elementor":false,"_links":{"self":[{"href":"https:\/\/emprunty.com\/es\/wp-json\/wp\/v2\/pages\/435","targetHints":{"allow":["GET"]}}],"collection":[{"href":"https:\/\/emprunty.com\/es\/wp-json\/wp\/v2\/pages"}],"about":[{"href":"https:\/\/emprunty.com\/es\/wp-json\/wp\/v2\/types\/page"}],"author":[{"embeddable":true,"href":"https:\/\/emprunty.com\/es\/wp-json\/wp\/v2\/users\/1"}],"replies":[{"embeddable":true,"href":"https:\/\/emprunty.com\/es\/wp-json\/wp\/v2\/comments?post=435"}],"version-history":[{"count":5,"href":"https:\/\/emprunty.com\/es\/wp-json\/wp\/v2\/pages\/435\/revisions"}],"predecessor-version":[{"id":4012,"href":"https:\/\/emprunty.com\/es\/wp-json\/wp\/v2\/pages\/435\/revisions\/4012"}],"wp:attachment":[{"href":"https:\/\/emprunty.com\/es\/wp-json\/wp\/v2\/media?parent=435"}],"curies":[{"name":"wp","href":"https:\/\/api.w.org\/{rel}","templated":true}]}}