{"id":2643,"date":"2024-06-25T04:39:01","date_gmt":"2024-06-25T04:39:01","guid":{"rendered":"http:\/\/bracketweb.com\/easilonwp\/?page_id=2643"},"modified":"2026-03-23T17:49:48","modified_gmt":"2026-03-23T17:49:48","slug":"contact","status":"publish","type":"page","link":"https:\/\/emprunty.com\/es\/contact\/","title":{"rendered":"Contacto"},"content":{"rendered":"<div data-elementor-type=\"wp-page\" data-elementor-id=\"2643\" class=\"elementor elementor-2643\" data-elementor-post-type=\"page\">\n\t\t\t\t<div class=\"elementor-element elementor-element-10650e3e e-con-full e-flex e-con e-parent\" data-id=\"10650e3e\" data-element_type=\"container\" data-e-type=\"container\">\n\t\t\t\t<div class=\"elementor-element elementor-element-4911e5e2 elementor-widget elementor-widget-easilon-contact\" data-id=\"4911e5e2\" data-element_type=\"widget\" data-e-type=\"widget\" data-widget_type=\"easilon-contact.default\">\n\t\t\t\t<div class=\"elementor-widget-container\">\n\t\t\t\t\t    <section class=\"contact-one section-space\">\r\n        <div class=\"container\">\r\n            <div class=\"row gutter-y-50 align-items-center\">\r\n                <div class=\"col-lg-6\">\r\n                    <div class=\"contact-one__image wow fadeInLeft\" data-wow-duration=\"1500ms\">\r\n                        <div class=\"contact-one__info list-unstyled\">\r\n                            <div class=\"contact-one__info__shape\"><\/div><!-- \/.contact-one__info__shape -->\r\n                            <div class=\"contact-one__info__inner\">\r\n                                                                    <div class=\"contact-one__info__item\">\r\n                                                                                    <span class=\"contact-one__info__icon\">\r\n                                                <i aria-hidden=\"true\" class=\"icon-location\"><\/i>                                            <\/span><!-- \/.contact-one__info__icon -->\r\n                                                                                <div class=\"contact-one__info__content\">\r\n                                                                                            <h4 class=\"contact-one__info__title\">\r\n                                                    Direcci\u00f3n de envio                                                <\/h4><!-- \/.contact-one__info__title -->\r\n                                                                                                                                        <a href=\"https:\/\/maps.app.goo.gl\/wpr8sgirX4NK6VsU7\" class=\"contact-one__info__text\">\r\n                                                    13 rue du puits neuf 11510 TREILLES, FRANCIA                                                <\/a><!-- \/.contact-one__info__text -->\r\n                                                                                    <\/div><!-- \/.contact-one__info__content -->\r\n                                    <\/div><!-- \/.contact-one__info__item -->\r\n                                                                    <div class=\"contact-one__info__item\">\r\n                                                                                    <span class=\"contact-one__info__icon\">\r\n                                                <i aria-hidden=\"true\" class=\"icon-telephone\"><\/i>                                            <\/span><!-- \/.contact-one__info__icon -->\r\n                                                                                <div class=\"contact-one__info__content\">\r\n                                                                                            <h4 class=\"contact-one__info__title\">\r\n                                                    Tel\u00e9fono                                                <\/h4><!-- \/.contact-one__info__title -->\r\n                                                                                                                                        <a href=\"https:\/\/emprunty.com\/es\/\" class=\"contact-one__info__text\">\r\n                                                    06 84 03 26 91                                                <\/a><!-- \/.contact-one__info__text -->\r\n                                                                                    <\/div><!-- \/.contact-one__info__content -->\r\n                                    <\/div><!-- \/.contact-one__info__item -->\r\n                                                                    <div class=\"contact-one__info__item\">\r\n                                                                                    <span class=\"contact-one__info__icon\">\r\n                                                <i aria-hidden=\"true\" class=\"icon-mail\"><\/i>                                            <\/span><!-- \/.contact-one__info__icon -->\r\n                                                                                <div class=\"contact-one__info__content\">\r\n                                                                                            <h4 class=\"contact-one__info__title\">\r\n                                                    Correo electr\u00f3nico                                                 <\/h4><!-- \/.contact-one__info__title -->\r\n                                                                                                                                        <a href=\"mailto:contact@emprunty.com\" class=\"contact-one__info__text\">\r\n                                                    contact@emprunty.com                                                <\/a><!-- \/.contact-one__info__text -->\r\n                                                                                    <\/div><!-- \/.contact-one__info__content -->\r\n                                    <\/div><!-- \/.contact-one__info__item -->\r\n                                                            <\/div><!-- \/.contact-one__info__inner -->\r\n                        <\/div><!-- \/.contact-one__info -->\r\n                    <\/div><!-- \/.contact-one__image -->\r\n                <\/div><!-- \/.col-lg-6 -->\r\n                <div class=\"col-lg-6\">\r\n                    <div class=\"contact-one__form contact-form-validated form-one wow fadeInRight\" data-wow-duration=\"1500ms\">\r\n                        <h2 class=\"contact-one__form__title\">D\u00e9janos un mensaje<\/h2>                        <!-- \/.contact-one__form__title -->\r\n                                                    <div class=\"contact-one__form contact-form-validated form-one wow fadeInRight\" data-wow-duration=\"1500ms\">\r\n                                <div class=\"wpcf7 no-js\" id=\"wpcf7-f30-o1\" lang=\"en-US\" dir=\"ltr\" data-wpcf7-id=\"30\">\n<div class=\"screen-reader-response\"><p role=\"status\" aria-live=\"polite\" aria-atomic=\"true\"><\/p> <ul><\/ul><\/div>\n<form action=\"\/es\/wp-json\/wp\/v2\/pages\/2643#wpcf7-f30-o1\" method=\"post\" class=\"wpcf7-form init\" aria-label=\"Contact form\" novalidate=\"novalidate\" data-status=\"init\" data-trp-original-action=\"\/es\/wp-json\/wp\/v2\/pages\/2643#wpcf7-f30-o1\">\n<fieldset class=\"hidden-fields-container\"><input type=\"hidden\" name=\"_wpcf7\" value=\"30\" \/><input type=\"hidden\" name=\"_wpcf7_version\" value=\"6.1.5\" \/><input type=\"hidden\" name=\"_wpcf7_locale\" value=\"en_US\" \/><input type=\"hidden\" name=\"_wpcf7_unit_tag\" value=\"wpcf7-f30-o1\" \/><input type=\"hidden\" name=\"_wpcf7_container_post\" value=\"0\" \/><input type=\"hidden\" name=\"_wpcf7_posted_data_hash\" value=\"\" \/>\n<\/fieldset>\n<div class=\"form-one__group\">\n    <div class=\"form-one__control\">\n        <span class=\"wpcf7-form-control-wrap\" data-name=\"votre-nom\"><input size=\"40\" maxlength=\"400\" class=\"wpcf7-form-control wpcf7-text wpcf7-validates-as-required\" aria-required=\"true\" aria-invalid=\"false\" placeholder=\"Su nombre\" value=\"\" type=\"text\" name=\"votre-nom\" \/><\/span>\n    <\/div>\n    <div class=\"form-one__control\">\n        <span class=\"wpcf7-form-control-wrap\" data-name=\"votre-email\"><input size=\"40\" maxlength=\"400\" class=\"wpcf7-form-control wpcf7-email wpcf7-validates-as-required wpcf7-text wpcf7-validates-as-email\" aria-required=\"true\" aria-invalid=\"false\" placeholder=\"Correo electr\u00f3nico\" value=\"\" type=\"email\" name=\"votre-email\" \/><\/span>\n    <\/div>\n    <div class=\"form-one__control form-one__control--full\">\n        <div class=\"form-one__control__select\">\n            <span class=\"wpcf7-form-control-wrap\" data-name=\"your-subject\"><select class=\"wpcf7-form-control wpcf7-select wpcf7-validates-as-required selectpicker\" id=\"select-subject\" aria-required=\"true\" aria-invalid=\"false\" name=\"your-subject\"><option value=\"Objet du pr\u00eat\">Finalidad del pr\u00e9stamo<\/option><option value=\"Pr\u00eat Personnel\">Pr\u00e9stamo personal<\/option><option value=\"Cr\u00e9dit Immobilier\">Pr\u00e9stamo hipotecario<\/option><option value=\"Rachat de Cr\u00e9dit\">Consolidaci\u00f3n de deudas<\/option><option value=\"Pr\u00eat aux Entreprises\">Pr\u00e9stamos comerciales<\/option><option value=\"Cr\u00e9dit \u00e0 la Consommation\">Cr\u00e9dito al consumo<\/option><option value=\"Autres\">Otros<\/option><\/select><\/span>\n        <\/div>\n    <\/div>\n    <div class=\"form-one__control form-one__control--full\">\n        <span class=\"wpcf7-form-control-wrap\" data-name=\"votre-message\"><textarea cols=\"40\" rows=\"10\" maxlength=\"2000\" class=\"wpcf7-form-control wpcf7-textarea\" aria-invalid=\"false\" placeholder=\"Escribe un mensaje\" name=\"votre-message\"><\/textarea><\/span>\n    <\/div>\n    <div class=\"form-one__control form-one__control--full\">\n        <button type=\"submit\" class=\"contact-one__form__btn easilon-btn\"><span>enviar un mensaje<\/span><\/button>\n    <\/div>\n<\/div><div class=\"wpcf7-response-output\" aria-hidden=\"true\"><\/div>\n<input type=\"hidden\" name=\"trp-form-language\" value=\"es\"\/><\/form>\n<\/div>                            <\/div>\r\n                                            <\/div>\r\n                <\/div><!-- \/.col-lg-6 -->\r\n            <\/div><!-- \/.row gutter-y-50 -->\r\n        <\/div><!-- \/.container -->\r\n    <\/section><!-- \/.contact-one section-space -->\r\n\t\t\t\t<\/div>\n\t\t\t\t<\/div>\n\t\t\t\t<\/div>\n\t\t<div class=\"elementor-element elementor-element-595d2cd e-con-full e-flex e-con e-parent\" data-id=\"595d2cd\" data-element_type=\"container\" data-e-type=\"container\">\n\t\t\t\t<div class=\"elementor-element elementor-element-9bdbfb3 elementor-widget elementor-widget-easilon-google-map\" data-id=\"9bdbfb3\" data-element_type=\"widget\" data-e-type=\"widget\" data-widget_type=\"easilon-google-map.default\">\n\t\t\t\t<div class=\"elementor-widget-container\">\n\t\t\t\t\t\t\t<!--Google Map Two Start-->\r\n\t<section class=\"contact-map\">\r\n\t\t<div class=\"container-fluid\">\r\n\t\t\t<div class=\"google-map google-map__contact\">\r\n                <iframe title=\"13 rue du puits neuf 11510 TREILLES, FRANCIA\" src=\"https:\/\/maps.google.com\/maps?q=13%20rue%20du%20puits%20neuf%2011510%20TREILLES%2C%20FRANCE&#038;t=m&#038;z=10&#038;output=embed&#038;iwloc=near\" class=\"map__contact\" allowfullscreen><\/iframe>\r\n\r\n\t\t\t<\/div>\r\n\t\t<\/div>\r\n\t<\/section>\r\n\t<!--Google Map Two End-->\r\n\r\n\t\t\t\t<\/div>\n\t\t\t\t<\/div>\n\t\t\t\t<\/div>\n\t\t\t\t<\/div>","protected":false},"excerpt":{"rendered":"<p>Adresse postale 13 rue du puits neuf 11510 TREILLES, FRANCE T\u00e9l\u00e9phone 06 84 03 26 91 E-mail contact@emprunty.com Laissez-nous un message Objet du pr\u00eatPr\u00eat PersonnelCr\u00e9dit ImmobilierRachat de Cr\u00e9ditPr\u00eat aux EntreprisesCr\u00e9dit \u00e0 la ConsommationAutres envoyer un message<\/p>","protected":false},"author":1,"featured_media":0,"parent":0,"menu_order":0,"comment_status":"closed","ping_status":"closed","template":"elementor_header_footer","meta":{"footnotes":""},"class_list":["post-2643","page","type-page","status-publish","hentry"],"_hostinger_reach_plugin_has_subscription_block":false,"_hostinger_reach_plugin_is_elementor":false,"_links":{"self":[{"href":"https:\/\/emprunty.com\/es\/wp-json\/wp\/v2\/pages\/2643","targetHints":{"allow":["GET"]}}],"collection":[{"href":"https:\/\/emprunty.com\/es\/wp-json\/wp\/v2\/pages"}],"about":[{"href":"https:\/\/emprunty.com\/es\/wp-json\/wp\/v2\/types\/page"}],"author":[{"embeddable":true,"href":"https:\/\/emprunty.com\/es\/wp-json\/wp\/v2\/users\/1"}],"replies":[{"embeddable":true,"href":"https:\/\/emprunty.com\/es\/wp-json\/wp\/v2\/comments?post=2643"}],"version-history":[{"count":7,"href":"https:\/\/emprunty.com\/es\/wp-json\/wp\/v2\/pages\/2643\/revisions"}],"predecessor-version":[{"id":4145,"href":"https:\/\/emprunty.com\/es\/wp-json\/wp\/v2\/pages\/2643\/revisions\/4145"}],"wp:attachment":[{"href":"https:\/\/emprunty.com\/es\/wp-json\/wp\/v2\/media?parent=2643"}],"curies":[{"name":"wp","href":"https:\/\/api.w.org\/{rel}","templated":true}]}}