{"id":1302,"date":"2024-06-14T13:34:40","date_gmt":"2024-06-14T13:34:40","guid":{"rendered":"http:\/\/bracketweb.com\/easilonwp\/?page_id=1302"},"modified":"2026-03-23T18:04:29","modified_gmt":"2026-03-23T18:04:29","slug":"notre-faq","status":"publish","type":"page","link":"https:\/\/emprunty.com\/es\/notre-faq\/","title":{"rendered":"Notre FAQ"},"content":{"rendered":"<div data-elementor-type=\"wp-page\" data-elementor-id=\"1302\" class=\"elementor elementor-1302\" data-elementor-post-type=\"page\">\n\t\t\t\t<div class=\"elementor-element elementor-element-f1d33fb e-con-full e-flex e-con e-parent\" data-id=\"f1d33fb\" data-element_type=\"container\" data-e-type=\"container\">\n\t\t\t\t<div class=\"elementor-element elementor-element-92578c9 elementor-widget elementor-widget-easilon-search-box\" data-id=\"92578c9\" data-element_type=\"widget\" data-e-type=\"widget\" data-widget_type=\"easilon-search-box.default\">\n\t\t\t\t<div class=\"elementor-widget-container\">\n\t\t\t\t\t\t<section class=\"faq-page-search section-space-bottom\">\r\n\t\t<div class=\"container\">\r\n\t\t\t<div class=\"faq-page-search__content wow fadeInUp\" data-wow-duration=\"1500ms\">\r\n\t\t\t\t<h2 class=\"faq-page-search__title\">Recherchez vos questions<br> Ici<\/h2>\t\t\t\t<!-- \/.faq-page-search__title -->\r\n\t\t\t\t<form action=\"https:\/\/emprunty.com\/es\/\" method=\"post\" class=\"faq-page-search__form\" data-trp-original-action=\"https:\/\/emprunty.com\/\">\r\n\t\t\t\t\t<input type=\"text\" id=\"error-search\" name=\"s\" placeholder=\"Rechercher ici\" \/>\r\n\t\t\t\t\t<button type=\"submit\" class=\"faq-page-search__form__btn\" aria-label=\"buscar enviar\">\r\n\t\t\t\t\t\t\t\t\t\t\t\t\t<i aria-hidden=\"true\" class=\"icon-search\"><\/i>\t\t\t\t\t\t\t\t\t\t\t<\/button>\r\n\t\t\t\t<input type=\"hidden\" name=\"trp-form-language\" value=\"es\"\/><\/form><!-- \/.faq-page-search__form -->\r\n\t\t\t<\/div><!-- \/.faq-page-search__content -->\r\n\t\t<\/div><!-- \/.container -->\r\n\t<\/section><!-- \/.faq-page-search section-space-bottom -->\r\n\t\t\t\t<\/div>\n\t\t\t\t<\/div>\n\t\t\t\t<\/div>\n\t\t<div class=\"elementor-element elementor-element-3acf968e e-con-full e-flex e-con e-parent\" data-id=\"3acf968e\" data-element_type=\"container\" data-e-type=\"container\">\n\t\t\t\t<div class=\"elementor-element elementor-element-37f1278 elementor-widget elementor-widget-easilon-faq\" data-id=\"37f1278\" data-element_type=\"widget\" data-e-type=\"widget\" data-widget_type=\"easilon-faq.default\">\n\t\t\t\t<div class=\"elementor-widget-container\">\n\t\t\t\t\t\t<section class=\"faq-one section-space\">\r\n\t\t<div class=\"container\">\r\n\t\t\t<div class=\"row gutter-y-50 align-items-center\">\r\n\t\t\t\t<div class=\"col-lg-6 wow fadeInUp\" data-wow-duration=\"1500ms\" data-wow-delay=\"00ms\">\r\n\t\t\t\t\t<div class=\"faq-one__image\">\r\n\t\t\t\t\t\t<div class=\"faq-one__image__inner\">\r\n\t\t\t\t\t\t\t<img decoding=\"async\" src=\"https:\/\/emprunty.com\/wp-content\/uploads\/2026\/03\/9088d72b-b28a-4c94-989b-1d59377b45f5-scaled.jpg\" alt=\"S\u00edmbolo de interrogaci\u00f3n con burbuja de chat para pedir ayuda y soluciones (vector)\" title=\"pidiendo ayuda y soluciones s\u00edmbolo de interrogaci\u00f3n con chat burbuja\" >\t\t\t\t\t\t<\/div><!-- \/.faq-one__image__inner -->\r\n\t\t\t\t\t\t\t\t\t\t\t<\/div><!-- \/.faq-one__image -->\r\n\t\t\t\t<\/div><!-- \/.col-lg-6 -->\r\n\t\t\t\t<div class=\"col-lg-6\">\r\n\t\t\t\t\t<div class=\"faq-one__content\">\r\n\t\t\t\t\t\t<div class=\"sec-title\">\r\n\t\t\t\t\t\t\t\t\t\t\t\t\t\t\t<div class=\"sec-title__top\">\r\n                                    <div class=\"sec-title__shape\">\r\n                                        <div class=\"sec-title__shape__one\"><\/div><!-- \/.sec-title__shape__one -->\r\n                                        <div class=\"sec-title__shape__two\"><\/div><!-- \/.sec-title__shape__one -->\r\n                                    <\/div><!-- \/.sec-title__shape -->\r\n\t\t\t\t\t\t\t\t\t<h6 class=\"sec-title__tagline\">Preguntas frecuentes<\/h6><!-- \/.sec-title__tagline -->\r\n                                <\/div><!-- \/.sec-title__top -->\r\n\t\t\t\t\t\t\t<h3 class=\"sec-title__title\">\u00bfPreguntas frecuentes?<\/h3><!-- \/.sec-title__title -->\r\n\t\t\t\t\t\t<\/div><!-- \/.sec-title -->\r\n\t\t\t\t\t\t<div class=\"faq-one__accordion\">\r\n\t\t\t\t\t\t\t<div class=\"faq-accordion easilon-accrodion\" data-grp-name=\"easilon-accrodion\">\r\n\t\t\t\t\t\t\t\t\t\t\t\t\t\t\t\t\t<div class=\"accrodion accordion active wow fadeInUp\" data-wow-duration=\"1500ms\" data-wow-delay=\"00ms\">\r\n\t\t\t\t\t\t\t\t\t\t<div class=\"accrodion-title accordion-title\">\r\n\t\t\t\t\t\t\t\t\t\t\t<h4>1. \u00bfC\u00f3mo solicito un cr\u00e9dito?\n\n\t\t\t\t\t\t\t\t\t\t\t\t<span class=\"accordion-title__icon\"><\/span><!-- \/.accordion-title__icon -->\r\n\t\t\t\t\t\t\t\t\t\t\t<\/h4>\r\n\t\t\t\t\t\t\t\t\t\t<\/div><!-- \/.accordian-title -->\r\n\t\t\t\t\t\t\t\t\t\t<div class=\"accrodion-content accordion-content\">\r\n\t\t\t\t\t\t\t\t\t\t\t<div class=\"inner\">\r\n\t\t\t\t\t\t\t\t\t\t\t\t<p>\r\n\t\t\t\t\t\t\t\t\t\t\t\t\tPuede presentar su solicitud directamente en l\u00ednea rellenando el formulario habilitado para tal efecto y adjuntando los documentos requeridos.\t\t\t\t\t\t\t\t\t\t\t\t<\/p>\r\n\t\t\t\t\t\t\t\t\t\t\t<\/div><!-- \/.accordian-content -->\r\n\t\t\t\t\t\t\t\t\t\t<\/div>\r\n\t\t\t\t\t\t\t\t\t<\/div><!-- \/.accordian-item -->\r\n\t\t\t\t\t\t\t\t\t\t\t\t\t\t\t\t\t<div class=\"accrodion accordion  wow fadeInUp\" data-wow-duration=\"1500ms\" data-wow-delay=\"00ms\">\r\n\t\t\t\t\t\t\t\t\t\t<div class=\"accrodion-title accordion-title\">\r\n\t\t\t\t\t\t\t\t\t\t\t<h4>2. \u00bfQu\u00e9 documentos se necesitan?\n\t\t\t\t\t\t\t\t\t\t\t\t<span class=\"accordion-title__icon\"><\/span><!-- \/.accordion-title__icon -->\r\n\t\t\t\t\t\t\t\t\t\t\t<\/h4>\r\n\t\t\t\t\t\t\t\t\t\t<\/div><!-- \/.accordian-title -->\r\n\t\t\t\t\t\t\t\t\t\t<div class=\"accrodion-content accordion-content\">\r\n\t\t\t\t\t\t\t\t\t\t\t<div class=\"inner\">\r\n\t\t\t\t\t\t\t\t\t\t\t\t<p>\r\n\t\t\t\t\t\t\t\t\t\t\t\t\t\nLos documentos que se suelen requerir son: un documento de identidad v\u00e1lido, un comprobante de ingresos y un extracto bancario.\t\t\t\t\t\t\t\t\t\t\t\t<\/p>\r\n\t\t\t\t\t\t\t\t\t\t\t<\/div><!-- \/.accordian-content -->\r\n\t\t\t\t\t\t\t\t\t\t<\/div>\r\n\t\t\t\t\t\t\t\t\t<\/div><!-- \/.accordian-item -->\r\n\t\t\t\t\t\t\t\t\t\t\t\t\t\t\t\t\t<div class=\"accrodion accordion  wow fadeInUp\" data-wow-duration=\"1500ms\" data-wow-delay=\"00ms\">\r\n\t\t\t\t\t\t\t\t\t\t<div class=\"accrodion-title accordion-title\">\r\n\t\t\t\t\t\t\t\t\t\t\t<h4>3. \u00bfCu\u00e1nto tiempo tarda en procesarse mi solicitud?\n\t\t\t\t\t\t\t\t\t\t\t\t<span class=\"accordion-title__icon\"><\/span><!-- \/.accordion-title__icon -->\r\n\t\t\t\t\t\t\t\t\t\t\t<\/h4>\r\n\t\t\t\t\t\t\t\t\t\t<\/div><!-- \/.accordian-title -->\r\n\t\t\t\t\t\t\t\t\t\t<div class=\"accrodion-content accordion-content\">\r\n\t\t\t\t\t\t\t\t\t\t\t<div class=\"inner\">\r\n\t\t\t\t\t\t\t\t\t\t\t\t<p>\r\n\t\t\t\t\t\t\t\t\t\t\t\t\t\nSu caso se tramitar\u00e1 con rapidez, en un plazo m\u00e1ximo de 24 horas. Recibir\u00e1 una respuesta lo antes posible tras el an\u00e1lisis.\t\t\t\t\t\t\t\t\t\t\t\t<\/p>\r\n\t\t\t\t\t\t\t\t\t\t\t<\/div><!-- \/.accordian-content -->\r\n\t\t\t\t\t\t\t\t\t\t<\/div>\r\n\t\t\t\t\t\t\t\t\t<\/div><!-- \/.accordian-item -->\r\n\t\t\t\t\t\t\t\t\t\t\t\t\t\t\t\t\t<div class=\"accrodion accordion  wow fadeInUp\" data-wow-duration=\"1500ms\" data-wow-delay=\"00ms\">\r\n\t\t\t\t\t\t\t\t\t\t<div class=\"accrodion-title accordion-title\">\r\n\t\t\t\t\t\t\t\t\t\t\t<h4>4. \u00bfC\u00f3mo sabr\u00e9 si mi solicitud ha sido aprobada?\t\t\t\t\t\t\t\t\t\t\t\t<span class=\"accordion-title__icon\"><\/span><!-- \/.accordion-title__icon -->\r\n\t\t\t\t\t\t\t\t\t\t\t<\/h4>\r\n\t\t\t\t\t\t\t\t\t\t<\/div><!-- \/.accordian-title -->\r\n\t\t\t\t\t\t\t\t\t\t<div class=\"accrodion-content accordion-content\">\r\n\t\t\t\t\t\t\t\t\t\t\t<div class=\"inner\">\r\n\t\t\t\t\t\t\t\t\t\t\t\t<p>\r\n\t\t\t\t\t\t\t\t\t\t\t\t\tSe le notificar\u00e1 (por correo electr\u00f3nico) tan pronto como se tome una decisi\u00f3n sobre su solicitud.\t\t\t\t\t\t\t\t\t\t\t\t<\/p>\r\n\t\t\t\t\t\t\t\t\t\t\t<\/div><!-- \/.accordian-content -->\r\n\t\t\t\t\t\t\t\t\t\t<\/div>\r\n\t\t\t\t\t\t\t\t\t<\/div><!-- \/.accordian-item -->\r\n\t\t\t\t\t\t\t\t\t\t\t\t\t\t\t\t\t<div class=\"accrodion accordion  wow fadeInUp\" data-wow-duration=\"1500ms\" data-wow-delay=\"00ms\">\r\n\t\t\t\t\t\t\t\t\t\t<div class=\"accrodion-title accordion-title\">\r\n\t\t\t\t\t\t\t\t\t\t\t<h4>5. \u00bfCu\u00e1ndo recibir\u00e9 los fondos?\t\t\t\t\t\t\t\t\t\t\t\t<span class=\"accordion-title__icon\"><\/span><!-- \/.accordion-title__icon -->\r\n\t\t\t\t\t\t\t\t\t\t\t<\/h4>\r\n\t\t\t\t\t\t\t\t\t\t<\/div><!-- \/.accordian-title -->\r\n\t\t\t\t\t\t\t\t\t\t<div class=\"accrodion-content accordion-content\">\r\n\t\t\t\t\t\t\t\t\t\t\t<div class=\"inner\">\r\n\t\t\t\t\t\t\t\t\t\t\t\t<p>\r\n\t\t\t\t\t\t\t\t\t\t\t\t\t\n\nUna vez aprobada su solicitud y finalizados los tr\u00e1mites, se realizar\u00e1 el pago seg\u00fan los t\u00e9rminos acordados.\t\t\t\t\t\t\t\t\t\t\t\t<\/p>\r\n\t\t\t\t\t\t\t\t\t\t\t<\/div><!-- \/.accordian-content -->\r\n\t\t\t\t\t\t\t\t\t\t<\/div>\r\n\t\t\t\t\t\t\t\t\t<\/div><!-- \/.accordian-item -->\r\n\t\t\t\t\t\t\t\t\t\t\t\t\t\t\t\t\t<div class=\"accrodion accordion  wow fadeInUp\" data-wow-duration=\"1500ms\" data-wow-delay=\"00ms\">\r\n\t\t\t\t\t\t\t\t\t\t<div class=\"accrodion-title accordion-title\">\r\n\t\t\t\t\t\t\t\t\t\t\t<h4>6. \u00bfMi informaci\u00f3n est\u00e1 segura?\n\n\t\t\t\t\t\t\t\t\t\t\t\t<span class=\"accordion-title__icon\"><\/span><!-- \/.accordion-title__icon -->\r\n\t\t\t\t\t\t\t\t\t\t\t<\/h4>\r\n\t\t\t\t\t\t\t\t\t\t<\/div><!-- \/.accordian-title -->\r\n\t\t\t\t\t\t\t\t\t\t<div class=\"accrodion-content accordion-content\">\r\n\t\t\t\t\t\t\t\t\t\t\t<div class=\"inner\">\r\n\t\t\t\t\t\t\t\t\t\t\t\t<p>\r\n\t\t\t\t\t\t\t\t\t\t\t\t\tS\u00ed, todos los datos personales se procesan de forma estrictamente confidencial y segura.\t\t\t\t\t\t\t\t\t\t\t\t<\/p>\r\n\t\t\t\t\t\t\t\t\t\t\t<\/div><!-- \/.accordian-content -->\r\n\t\t\t\t\t\t\t\t\t\t<\/div>\r\n\t\t\t\t\t\t\t\t\t<\/div><!-- \/.accordian-item -->\r\n\t\t\t\t\t\t\t\t\t\t\t\t\t\t\t\t\t<div class=\"accrodion accordion  wow fadeInUp\" data-wow-duration=\"1500ms\" data-wow-delay=\"00ms\">\r\n\t\t\t\t\t\t\t\t\t\t<div class=\"accrodion-title accordion-title\">\r\n\t\t\t\t\t\t\t\t\t\t\t<h4>7. \u00bfPuedo hacer una solicitud sin garant\u00eda?\n\t\t\t\t\t\t\t\t\t\t\t\t<span class=\"accordion-title__icon\"><\/span><!-- \/.accordion-title__icon -->\r\n\t\t\t\t\t\t\t\t\t\t\t<\/h4>\r\n\t\t\t\t\t\t\t\t\t\t<\/div><!-- \/.accordian-title -->\r\n\t\t\t\t\t\t\t\t\t\t<div class=\"accrodion-content accordion-content\">\r\n\t\t\t\t\t\t\t\t\t\t\t<div class=\"inner\">\r\n\t\t\t\t\t\t\t\t\t\t\t\t<p>\r\n\t\t\t\t\t\t\t\t\t\t\t\t\t\nDepende del tipo de pr\u00e9stamo solicitado. Algunas ofertas pueden estar disponibles sin garant\u00eda, sujetas a ciertas condiciones.\t\t\t\t\t\t\t\t\t\t\t\t<\/p>\r\n\t\t\t\t\t\t\t\t\t\t\t<\/div><!-- \/.accordian-content -->\r\n\t\t\t\t\t\t\t\t\t\t<\/div>\r\n\t\t\t\t\t\t\t\t\t<\/div><!-- \/.accordian-item -->\r\n\t\t\t\t\t\t\t\t\t\t\t\t\t\t\t\t\t<div class=\"accrodion accordion  wow fadeInUp\" data-wow-duration=\"1500ms\" data-wow-delay=\"00ms\">\r\n\t\t\t\t\t\t\t\t\t\t<div class=\"accrodion-title accordion-title\">\r\n\t\t\t\t\t\t\t\t\t\t\t<h4>8. \u00bfPuedo amortizar mi pr\u00e9stamo anticipadamente?\t\t\t\t\t\t\t\t\t\t\t\t<span class=\"accordion-title__icon\"><\/span><!-- \/.accordion-title__icon -->\r\n\t\t\t\t\t\t\t\t\t\t\t<\/h4>\r\n\t\t\t\t\t\t\t\t\t\t<\/div><!-- \/.accordian-title -->\r\n\t\t\t\t\t\t\t\t\t\t<div class=\"accrodion-content accordion-content\">\r\n\t\t\t\t\t\t\t\t\t\t\t<div class=\"inner\">\r\n\t\t\t\t\t\t\t\t\t\t\t\t<p>\r\n\t\t\t\t\t\t\t\t\t\t\t\t\t\n\nS\u00ed, es posible el reembolso anticipado seg\u00fan las condiciones estipuladas en su contrato.\t\t\t\t\t\t\t\t\t\t\t\t<\/p>\r\n\t\t\t\t\t\t\t\t\t\t\t<\/div><!-- \/.accordian-content -->\r\n\t\t\t\t\t\t\t\t\t\t<\/div>\r\n\t\t\t\t\t\t\t\t\t<\/div><!-- \/.accordian-item -->\r\n\t\t\t\t\t\t\t\t\t\t\t\t\t\t\t\t\t<div class=\"accrodion accordion  wow fadeInUp\" data-wow-duration=\"1500ms\" data-wow-delay=\"00ms\">\r\n\t\t\t\t\t\t\t\t\t\t<div class=\"accrodion-title accordion-title\">\r\n\t\t\t\t\t\t\t\t\t\t\t<h4>9. \u00bfQu\u00e9 ocurre si mi solicitud es rechazada?\n\t\t\t\t\t\t\t\t\t\t\t\t<span class=\"accordion-title__icon\"><\/span><!-- \/.accordion-title__icon -->\r\n\t\t\t\t\t\t\t\t\t\t\t<\/h4>\r\n\t\t\t\t\t\t\t\t\t\t<\/div><!-- \/.accordian-title -->\r\n\t\t\t\t\t\t\t\t\t\t<div class=\"accrodion-content accordion-content\">\r\n\t\t\t\t\t\t\t\t\t\t\t<div class=\"inner\">\r\n\t\t\t\t\t\t\t\t\t\t\t\t<p>\r\n\t\t\t\t\t\t\t\t\t\t\t\t\t\nPuede ponerse en contacto con nuestro servicio de atenci\u00f3n al cliente para obtener m\u00e1s informaci\u00f3n o enviar una nueva solicitud una vez que su caso haya mejorado.\t\t\t\t\t\t\t\t\t\t\t\t<\/p>\r\n\t\t\t\t\t\t\t\t\t\t\t<\/div><!-- \/.accordian-content -->\r\n\t\t\t\t\t\t\t\t\t\t<\/div>\r\n\t\t\t\t\t\t\t\t\t<\/div><!-- \/.accordian-item -->\r\n\t\t\t\t\t\t\t\t\t\t\t\t\t\t\t\t\t<div class=\"accrodion accordion  wow fadeInUp\" data-wow-duration=\"1500ms\" data-wow-delay=\"00ms\">\r\n\t\t\t\t\t\t\t\t\t\t<div class=\"accrodion-title accordion-title\">\r\n\t\t\t\t\t\t\t\t\t\t\t<h4>10. \u00bfC\u00f3mo puedo ponerme en contacto con usted?\t\t\t\t\t\t\t\t\t\t\t\t<span class=\"accordion-title__icon\"><\/span><!-- \/.accordion-title__icon -->\r\n\t\t\t\t\t\t\t\t\t\t\t<\/h4>\r\n\t\t\t\t\t\t\t\t\t\t<\/div><!-- \/.accordian-title -->\r\n\t\t\t\t\t\t\t\t\t\t<div class=\"accrodion-content accordion-content\">\r\n\t\t\t\t\t\t\t\t\t\t\t<div class=\"inner\">\r\n\t\t\t\t\t\t\t\t\t\t\t\t<p>\r\n\t\t\t\t\t\t\t\t\t\t\t\t\t\n\nNuestro equipo est\u00e1 disponible para responder a todas sus preguntas a trav\u00e9s de nuestros diversos canales de contacto (correo electr\u00f3nico, tel\u00e9fono, formulario en l\u00ednea).\t\t\t\t\t\t\t\t\t\t\t\t<\/p>\r\n\t\t\t\t\t\t\t\t\t\t\t<\/div><!-- \/.accordian-content -->\r\n\t\t\t\t\t\t\t\t\t\t<\/div>\r\n\t\t\t\t\t\t\t\t\t<\/div><!-- \/.accordian-item -->\r\n\t\t\t\t\t\t\t\t\t\t\t\t\t\t\t<\/div>\r\n\t\t\t\t\t\t<\/div><!-- \/.faq-one__accordion -->\r\n\t\t\t\t\t<\/div><!-- \/.faq-one__content -->\r\n\t\t\t\t<\/div><!-- \/.col-lg-6 -->\r\n\t\t\t<\/div><!-- \/.row gutter-y-50 -->\r\n\t\t<\/div><!-- \/.container -->\r\n\t\t\t<\/section><!-- \/.faq-one section-space -->\r\n\t\t\t\t<\/div>\n\t\t\t\t<\/div>\n\t\t\t\t<\/div>\n\t\t\t\t<\/div>","protected":false},"excerpt":{"rendered":"<p>Recherchez vos questions Ici Faq Foire aux questions ? 1. Comment faire une demande de cr\u00e9dit ? Vous pouvez soumettre votre demande directement en ligne en remplissant le formulaire pr\u00e9vu \u00e0 cet effet et en joignant les documents requis. 2. Quels documents sont n\u00e9cessaires ? Les documents g\u00e9n\u00e9ralement demand\u00e9s sont : Une pi\u00e8ce d\u2019identit\u00e9 valide [&hellip;]<\/p>\n","protected":false},"author":1,"featured_media":0,"parent":0,"menu_order":0,"comment_status":"closed","ping_status":"closed","template":"elementor_header_footer","meta":{"footnotes":""},"class_list":["post-1302","page","type-page","status-publish","hentry"],"_hostinger_reach_plugin_has_subscription_block":false,"_hostinger_reach_plugin_is_elementor":false,"_links":{"self":[{"href":"https:\/\/emprunty.com\/es\/wp-json\/wp\/v2\/pages\/1302","targetHints":{"allow":["GET"]}}],"collection":[{"href":"https:\/\/emprunty.com\/es\/wp-json\/wp\/v2\/pages"}],"about":[{"href":"https:\/\/emprunty.com\/es\/wp-json\/wp\/v2\/types\/page"}],"author":[{"embeddable":true,"href":"https:\/\/emprunty.com\/es\/wp-json\/wp\/v2\/users\/1"}],"replies":[{"embeddable":true,"href":"https:\/\/emprunty.com\/es\/wp-json\/wp\/v2\/comments?post=1302"}],"version-history":[{"count":11,"href":"https:\/\/emprunty.com\/es\/wp-json\/wp\/v2\/pages\/1302\/revisions"}],"predecessor-version":[{"id":4163,"href":"https:\/\/emprunty.com\/es\/wp-json\/wp\/v2\/pages\/1302\/revisions\/4163"}],"wp:attachment":[{"href":"https:\/\/emprunty.com\/es\/wp-json\/wp\/v2\/media?parent=1302"}],"curies":[{"name":"wp","href":"https:\/\/api.w.org\/{rel}","templated":true}]}}