{"id":1177,"date":"2024-06-14T10:00:05","date_gmt":"2024-06-14T10:00:05","guid":{"rendered":"http:\/\/bracketweb.com\/easilonwp\/?page_id=1177"},"modified":"2026-03-23T18:06:12","modified_gmt":"2026-03-23T18:06:12","slug":"notre-histoire","status":"publish","type":"page","link":"https:\/\/emprunty.com\/es\/notre-histoire\/","title":{"rendered":"Nuestra historia"},"content":{"rendered":"<div data-elementor-type=\"wp-page\" data-elementor-id=\"1177\" class=\"elementor elementor-1177\" data-elementor-post-type=\"page\">\n\t\t\t\t<div class=\"elementor-element elementor-element-7375a76f e-con-full e-flex e-con e-parent\" data-id=\"7375a76f\" data-element_type=\"container\" data-e-type=\"container\">\n\t\t\t\t<div class=\"elementor-element elementor-element-42407578 elementor-widget elementor-widget-easilon-about\" data-id=\"42407578\" data-element_type=\"widget\" data-e-type=\"widget\" data-widget_type=\"easilon-about.default\">\n\t\t\t\t<div class=\"elementor-widget-container\">\n\t\t\t\t\t\t<section class=\"about-three section-space\">\r\n\t\t<div class=\"container\">\r\n\t\t\t<div class=\"row gutter-y-50 align-items-center\">\r\n\t\t\t\t<div class=\"col-lg-6 wow fadeInLeft\" data-wow-duration=\"1500ms\">\r\n\t\t\t\t\t<div class=\"about-three__image\">\r\n\t\t\t\t\t\t<img decoding=\"async\" src=\"https:\/\/emprunty.com\/wp-content\/uploads\/2024\/06\/about-3-1.jpg\" alt=\"aproximadamente-3-1\" title=\"aproximadamente-3-1\" class=\"about-three__image__one\" >\t\t\t\t\t\t\t\t\t\t\t\t<div class=\"about-three__experience\">\r\n\t\t\t\t\t\t\t\t\t\t\t\t\t\t\t<div class=\"about-three__experience__bg\"><\/div>\r\n\t\t\t\t\t\t\t\t<!-- \/.about-three__experience__bg -->\r\n\t\t\t\t\t\t\t\t\t\t\t\t\t\t<div class=\"about-three__experience__content\">\r\n\t\t\t\t\t\t\t\t\t\t\t\t\t\t\t\t\t<div class=\"about-three__experience__text\">\r\n\t\t\t\t\t\t\t\t\t\t<h4 class=\"about-three__experience__title\">\r\n\t\t\t\t\t\t\t\t\t\t\tEl 99% de nuestros clientes son  <br>satisfecho\t\r\n\t\t\t\t\t\t\t\t\t\t<\/h4><!-- \/.about-three__experience__title -->\r\n\t\t\t\t\t\t\t\t\t<\/div><!-- \/.about-three__experience__text -->\r\n\t\t\t\t\t\t\t\t\t\t\t\t\t\t\t\t\t\t\t\t\t\t\t<\/div><!-- \/.about-three__experience__content -->\r\n\t\t\t\t\t\t<\/div><!-- \/.about-three__experience -->\r\n\t\t\t\t\t<\/div>\r\n\t\t\t\t<\/div><!-- \/.col-lg-6 -->\r\n\t\t\t\t<div class=\"col-lg-6\">\r\n\t\t\t\t\t<div class=\"about-three__content\">\r\n\t\t\t\t\t\t<div class=\"sec-title\">\r\n\t\t\t\t\t\t\t\t\t\t\t\t\t\t\t<div class=\"sec-title__top\">\r\n\t\t\t\t\t\t\t\t\t<div class=\"sec-title__shape\">\r\n\t\t\t\t\t\t\t\t\t\t<div class=\"sec-title__shape__one\"><\/div><!-- \/.sec-title__shape__one -->\r\n\t\t\t\t\t\t\t\t\t\t<div class=\"sec-title__shape__two\"><\/div><!-- \/.sec-title__shape__one -->\r\n\t\t\t\t\t\t\t\t\t<\/div><!-- \/.sec-title__shape -->\r\n\t\t\t\t\t\t\t\t\t<h6 class=\"sec-title__tagline\">Bienvenido a EMPRUNTY<\/h6>\t\t\t\t\t\t\t\t<\/div><!-- \/.sec-title__top -->\r\n\t\t\t\t\t\t\t\t\t\t\t\t\t\t<h3 class=\"sec-title__title\">Una de las empresas l\u00edderes entre las mejores compa\u00f1\u00edas de cr\u00e9dito.<\/h3>\t\t\t\t\t\t\t<!-- \/.sec-title__title -->\r\n\t\t\t\t\t\t<\/div><!-- \/.sec-title -->\r\n\t\t\t\t\t\t\t\t\t\t\t\t\t<div class=\"about-three__text-box wow fadeInUp\" data-wow-duration=\"1500ms\">\r\n\t\t\t\t\t\t\t\t<p class=\"about-three__text\">Todo comenz\u00f3 con una convicci\u00f3n simple: hacer que la financiaci\u00f3n fuera accesible para todos. Ante las dificultades que muchas empresas y particulares encuentran para obtener cr\u00e9dito r\u00e1pido, transparente y adecuado, decidimos crear una soluci\u00f3n moderna, accesible y eficiente. Nuestra misi\u00f3n se basa en esta premisa: la financiaci\u00f3n no debe ser un obst\u00e1culo, sino un motor de crecimiento.<\/p>\t\t\t\t\t\t\t\t<!-- \/.about-three__text -->\r\n\t\t\t\t\t\t\t<\/div><!-- \/.about-three__text-box -->\r\n\t\t\t\t\t\t\t\t\t\t\t\t<div class=\"about-three__inner\">\r\n\t\t\t\t\t\t\t<div class=\"about-three__inner__item wow fadeInUp\" data-wow-duration=\"1500ms\" data-wow-delay=\"00ms\">\r\n\t\t\t\t\t\t\t\t\t\t\t\t\t\t\t\t\t<span class=\"about-three__inner__icon\">\r\n\t\t\t\t\t\t\t\t\t\t<span aria-hidden=\"true\" class=\"icon-loan-1\"><\/span>\t\t\t\t\t\t\t\t\t<\/span><!-- \/.about-three__inner__icon -->\r\n\t\t\t\t\t\t\t\t\t\t\t\t\t\t\t\t<div class=\"about-three__inner__content\">\r\n\t\t\t\t\t\t\t\t\t\t\t\t\t\t\t\t\t\t\t<h4 class=\"about-three__inner__title\">\r\n\t\t\t\t\t\t\t\t\t\t\tR\u00e1pido y f\u00e1cil\t\r\n\t\t\t\t\t\t\t\t\t\t<\/h4>\r\n\t\t\t\t\t\t\t\t\t\t<!-- \/.about-three__inner__title -->\r\n\t\t\t\t\t\t\t\t\t\t\t\t\t\t\t\t\t\t\t\t\t\t\t\t\t\t\t\t<p class=\"about-three__inner__text\">\r\n\t\t\t\t\t\t\t\t\t\t\tHoy, nuestra misi\u00f3n es m\u00e1s fuerte que nunca: ayudarte a realizar tus proyectos, desarrollar tu negocio y alcanzar tus objetivos financieros con total tranquilidad.\t\r\n\t\t\t\t\t\t\t\t\t\t<\/p>\r\n\t\t\t\t\t\t\t\t\t\t<!-- \/.about-three__inner__text -->\r\n\t\t\t\t\t\t\t\t\t\t\t\t\t\t\t\t\t<\/div><!-- \/.about-three__inner__content -->\r\n\t\t\t\t\t\t\t<\/div>\r\n\t\t\t\t\t\t\t\t\t\t\t\t\t\t\t<div class=\"about-three__inner__image wow fadeInUp\" data-wow-duration=\"1500ms\" data-wow-delay=\"100ms\">\r\n\t\t\t\t\t\t\t\t\t<img decoding=\"async\" src=\"https:\/\/emprunty.com\/wp-content\/uploads\/2024\/06\/about-3-3.jpg\" alt=\"aproximadamente-3-3\" title=\"aproximadamente-3-3\" >\t\t\t\t\t\t\t\t<\/div><!-- \/.about-three__inner__image -->\r\n\t\t\t\t\t\t\t\t\t\t\t\t\t<\/div><!-- \/.about-three__inner -->\r\n\t\t\t\t\t\t<div class=\"about-three__bottom\">\r\n\t\t\t\t\t\t\t\t\t\t\t\t\t\t\t<div class=\"about-three__button wow fadeInUp\" data-wow-duration=\"1500ms\" data-wow-delay=\"00ms\">\r\n\t\t\t\t\t\t\t\t\t<a href=\"https:\/\/emprunty.com\/es\/a-propos-de-nous\/\"   class=\"easilon-btn\">\r\n\t\t\t\t\t\t\t\t\t\t<span>Sobre nosotros<\/span>\r\n\t\t\t\t\t\t\t\t\t\t\t\t\t\t\t\t\t\t\t\t\t<span class=\"easilon-btn__icon\">\r\n\t\t\t\t\t\t\t\t\t\t\t\t<i aria-hidden=\"true\" class=\"icon-double-right-arrow\"><\/i>\t\t\t\t\t\t\t\t\t\t\t<\/span>\r\n\t\t\t\t\t\t\t\t\t\t\t\t\t\t\t\t\t\t\t<\/a><!-- \/.easilon-btn -->\r\n\t\t\t\t\t\t\t\t<\/div><!-- \/.about-three__button -->\r\n\t\t\t\t\t\t\t\t\t\t\t\t\t\t<div class=\"about-three__director wow fadeInUp\" data-wow-duration=\"1500ms\" data-wow-delay=\"100ms\">\r\n\t\t\t\t\t\t\t\t<div class=\"about-three__director__info\">\r\n\t\t\t\t\t\t\t\t\t\t\t\t\t\t\t\t\t\t<div class=\"about-three__director__content\">\r\n\t\t\t\t\t\t\t\t\t\t\t\t\t\t\t\t\t\t\t\t\t\t\t\t\t\t\t\t\t<\/div><!-- \/.about-three__director__content -->\r\n\t\t\t\t\t\t\t\t<\/div><!-- \/.about-three__director__info -->\r\n\t\t\t\t\t\t\t\t\t\t\t\t\t\t\t<\/div><!-- \/.about-three__director -->\r\n\t\t\t\t\t\t<\/div><!-- \/.about-three__bottom -->\r\n\t\t\t\t\t<\/div><!-- \/.about-three__content -->\r\n\t\t\t\t<\/div><!-- \/.col-lg-6 -->\r\n\t\t\t<\/div><!-- \/.row gutter-y-50 -->\r\n\t\t<\/div><!-- \/.container -->\r\n\t\t\t\t\t<\/section><!-- \/.about-three section-space -->\r\n\t\t\t\t<\/div>\n\t\t\t\t<\/div>\n\t\t\t\t<\/div>\n\t\t<div class=\"elementor-element elementor-element-52c41633 e-con-full e-flex e-con e-parent\" data-id=\"52c41633\" data-element_type=\"container\" data-e-type=\"container\">\n\t\t\t\t<div class=\"elementor-element elementor-element-799249ad elementor-widget elementor-widget-easilon-history\" data-id=\"799249ad\" data-element_type=\"widget\" data-e-type=\"widget\" data-widget_type=\"easilon-history.default\">\n\t\t\t\t<div class=\"elementor-widget-container\">\n\t\t\t\t\t\t<section class=\"history-one section-space\">\r\n\t\t<div class=\"container\">\r\n\t\t\t<div class=\"sec-title sec-title--center\">\r\n\t\t\t\t\t\t\t\t\t<div class=\"sec-title__top\">\r\n\t\t\t\t\t\t<div class=\"sec-title__shape\">\r\n\t\t\t\t\t\t\t<div class=\"sec-title__shape__one\"><\/div><!-- \/.sec-title__shape__one -->\r\n\t\t\t\t\t\t\t<div class=\"sec-title__shape__two\"><\/div><!-- \/.sec-title__shape__one -->\r\n\t\t\t\t\t\t<\/div><!-- \/.sec-title__shape -->\r\n\t\t\t\t\t\t<h6 class=\"sec-title__tagline\">Nuestra historia<\/h6>\t\t\t\t\t\t<div class=\"sec-title__shape\">\r\n\t\t\t\t\t\t\t<div class=\"sec-title__shape__one\"><\/div><!-- \/.sec-title__shape__one -->\r\n\t\t\t\t\t\t\t<div class=\"sec-title__shape__two\"><\/div><!-- \/.sec-title__shape__one -->\r\n\t\t\t\t\t\t<\/div><!-- \/.sec-title__shape -->\r\n\t\t\t\t\t<\/div><!-- \/.sec-title__top -->\r\n\t\t\t\t\t\t\t\t<h3 class=\"sec-title__title\">C\u00f3mo todo para <br> para empezar<\/h3>\t\t\t\t<!-- \/.sec-title__title -->\r\n\t\t\t<\/div><!-- \/.sec-title -->\r\n\t\t\t\t\t\t\t<div class=\"history-one__inner wow fadeInUp\" data-wow-duration=\"1500ms\">\t\t\t\t\t\r\n\t\t\t\t\t<div class=\"row gutter-y-40 align-items-center\">\r\n\t\t\t\t\t\t\t\t\t\t\t\t\t<div class=\"col-lg-6\">\r\n\t\t\t\t\t\t\t\t<div class=\"history-one__image\">\r\n\t\t\t\t\t\t\t\t\t<img decoding=\"async\" src=\"https:\/\/emprunty.com\/wp-content\/uploads\/2024\/06\/history-1-1.jpg\" alt=\"historia-1-1\" title=\"historia-1-1\" >\t\t\t\t\t\t\t\t<\/div><!-- \/.history-one__image -->\r\n\t\t\t\t\t\t\t<\/div><!-- \/.col-lg-6 -->\r\n\t\t\t\t\t\t\t\t\t\t\t\t<div class=\"col-lg-6\">\r\n\t\t\t\t\t\t\t<div class=\"history-one__content\">\r\n\t\t\t\t\t\t\t\t\t\t\t\t\t\t\t\t\t\t\t\t\t\t\t\t\t<h3 class=\"history-one__title\">\r\n\t\t\t\t\t\t\t\t\t\tUna visi\u00f3n de futuro\t\t\t\t\t\t\t\t\t<\/h3><!-- \/.history-one__title -->\r\n\t\t\t\t\t\t\t\t\t\t\t\t\t\t\t\t\t\t\t\t\t\t\t\t\t<p class=\"history-one__text\">\r\n\t\t\t\t\t\t\t\t\t\tDesde el principio, nuestro objetivo fue claro: reinventar la experiencia crediticia mediante la tecnolog\u00eda digital. Hemos implementado herramientas innovadoras que permiten a todos: simular su pr\u00e9stamo en l\u00ednea en segundos; obtener una respuesta r\u00e1pida y confiable; acceder a ofertas personalizadas; y beneficiarse de una asistencia a medida. Nuestro enfoque se basa en la simplicidad, la transparencia y la rapidez.\t\t\t\t\t\t\t\t<\/p><!-- \/.history-one__text -->\r\n\t\t\t\t\t\t\t\t\t\t\t\t\t\t\t<\/div><!-- \/.history-one__content -->\r\n\t\t\t\t\t\t<\/div><!-- \/.col-lg-6 -->\r\n\t\t\t\t\t<\/div><!-- \/.row gutter-y-60 -->\r\n\t\t\t\t<\/div><!-- \/.history-one__inner -->\r\n\t\t\t\t\t\t\t<div class=\"history-one__inner wow fadeInUp\" data-wow-duration=\"1500ms\">\t\t\t\t\t\r\n\t\t\t\t\t<div class=\"history-one__reverse row gutter-y-40 align-items-center\">\r\n\t\t\t\t\t\t\t\t\t\t\t\t\t<div class=\"history-one__reverse__image col-lg-6\">\r\n\t\t\t\t\t\t\t\t<div class=\"history-one__image\">\r\n\t\t\t\t\t\t\t\t\t<img decoding=\"async\" src=\"https:\/\/emprunty.com\/wp-content\/uploads\/2024\/06\/history-1-2.jpg\" alt=\"Historia-1-2\" title=\"Historia-1-2\" >\t\t\t\t\t\t\t\t<\/div><!-- \/.history-one__image -->\r\n\t\t\t\t\t\t\t<\/div><!-- \/.col-lg-6 -->\r\n\t\t\t\t\t\t\t\t\t\t\t\t<div class=\"history-one__reverse__content col-lg-6\">\r\n\t\t\t\t\t\t\t<div class=\"history-one__content\">\r\n\t\t\t\t\t\t\t\t\t\t\t\t\t\t\t\t\t\t\t\t\t\t\t\t\t<h3 class=\"history-one__title\">\r\n\t\t\t\t\t\t\t\t\t\tExperiencia al servicio de sus proyectos\t\t\t\t\t\t\t\t\t<\/h3><!-- \/.history-one__title -->\r\n\t\t\t\t\t\t\t\t\t\t\t\t\t\t\t\t\t\t\t\t\t\t\t\t\t<p class=\"history-one__text\">\r\n\t\t\t\t\t\t\t\t\t\tCon el tiempo, hemos desarrollado una s\u00f3lida experiencia en varias \u00e1reas: pr\u00e9stamos comerciales, pr\u00e9stamos personales, financiaci\u00f3n de proyectos y soluciones de flujo de caja. Hoy apoyamos a una amplia variedad de clientes: emprendedores, pymes, aut\u00f3nomos y particulares.\t\t\t\t\t\t\t\t<\/p><!-- \/.history-one__text -->\r\n\t\t\t\t\t\t\t\t\t\t\t\t\t\t\t<\/div><!-- \/.history-one__content -->\r\n\t\t\t\t\t\t<\/div><!-- \/.col-lg-6 -->\r\n\t\t\t\t\t<\/div><!-- \/.row gutter-y-60 -->\r\n\t\t\t\t<\/div><!-- \/.history-one__inner -->\r\n\t\t\t\t\t\t\t<div class=\"history-one__inner wow fadeInUp\" data-wow-duration=\"1500ms\">\t\t\t\t\t\r\n\t\t\t\t\t<div class=\"row gutter-y-40 align-items-center\">\r\n\t\t\t\t\t\t\t\t\t\t\t\t\t<div class=\"col-lg-6\">\r\n\t\t\t\t\t\t\t\t<div class=\"history-one__image\">\r\n\t\t\t\t\t\t\t\t\t<img decoding=\"async\" src=\"https:\/\/emprunty.com\/wp-content\/uploads\/2024\/06\/history-1-3.jpg\" alt=\"historia-1-3\" title=\"historia-1-3\" >\t\t\t\t\t\t\t\t<\/div><!-- \/.history-one__image -->\r\n\t\t\t\t\t\t\t<\/div><!-- \/.col-lg-6 -->\r\n\t\t\t\t\t\t\t\t\t\t\t\t<div class=\"col-lg-6\">\r\n\t\t\t\t\t\t\t<div class=\"history-one__content\">\r\n\t\t\t\t\t\t\t\t\t\t\t\t\t\t\t\t\t\t\t\t\t\t\t\t\t<h3 class=\"history-one__title\">\r\n\t\t\t\t\t\t\t\t\t\tUna relaci\u00f3n de confianza\t\t\t\t\t\t\t\t\t<\/h3><!-- \/.history-one__title -->\r\n\t\t\t\t\t\t\t\t\t\t\t\t\t\t\t\t\t\t\t\t\t\t\t\t\t<p class=\"history-one__text\">\r\n\t\t\t\t\t\t\t\t\t\tCreemos que la financiaci\u00f3n se basa, ante todo, en una relaci\u00f3n de confianza. Por eso nos comprometemos a: Ofrecer condiciones claras y transparentes; Proporcionar soluciones adaptadas a cada persona; Garantizar la confidencialidad y seguridad de los datos; Estar disponibles en cada etapa de su proyecto.\t\t\t\t\t\t\t\t<\/p><!-- \/.history-one__text -->\r\n\t\t\t\t\t\t\t\t\t\t\t\t\t\t\t<\/div><!-- \/.history-one__content -->\r\n\t\t\t\t\t\t<\/div><!-- \/.col-lg-6 -->\r\n\t\t\t\t\t<\/div><!-- \/.row gutter-y-60 -->\r\n\t\t\t\t<\/div><!-- \/.history-one__inner -->\r\n\t\t\t\t\t<\/div><!-- \/.container -->\r\n\t<\/section><!-- \/.history-one section-space -->\r\n\t\t\t\t<\/div>\n\t\t\t\t<\/div>\n\t\t\t\t<\/div>\n\t\t\t\t<\/div>","protected":false},"excerpt":{"rendered":"<p>99 % de nos clients sont satisfaits Bienvenue chez EMPRUNTY Leader parmi les meilleures soci\u00e9t\u00e9s de cr\u00e9dit Tout a commenc\u00e9 avec une conviction simple : faciliter l\u2019acc\u00e8s au financement pour tous. Face aux difficult\u00e9s rencontr\u00e9es par de nombreuses entreprises et particuliers pour obtenir un cr\u00e9dit rapide, transparent et adapt\u00e9, nous avons d\u00e9cid\u00e9 de cr\u00e9er une [&hellip;]<\/p>\n","protected":false},"author":1,"featured_media":0,"parent":0,"menu_order":0,"comment_status":"closed","ping_status":"closed","template":"elementor_header_footer","meta":{"footnotes":""},"class_list":["post-1177","page","type-page","status-publish","hentry"],"_hostinger_reach_plugin_has_subscription_block":false,"_hostinger_reach_plugin_is_elementor":false,"_links":{"self":[{"href":"https:\/\/emprunty.com\/es\/wp-json\/wp\/v2\/pages\/1177","targetHints":{"allow":["GET"]}}],"collection":[{"href":"https:\/\/emprunty.com\/es\/wp-json\/wp\/v2\/pages"}],"about":[{"href":"https:\/\/emprunty.com\/es\/wp-json\/wp\/v2\/types\/page"}],"author":[{"embeddable":true,"href":"https:\/\/emprunty.com\/es\/wp-json\/wp\/v2\/users\/1"}],"replies":[{"embeddable":true,"href":"https:\/\/emprunty.com\/es\/wp-json\/wp\/v2\/comments?post=1177"}],"version-history":[{"count":8,"href":"https:\/\/emprunty.com\/es\/wp-json\/wp\/v2\/pages\/1177\/revisions"}],"predecessor-version":[{"id":4166,"href":"https:\/\/emprunty.com\/es\/wp-json\/wp\/v2\/pages\/1177\/revisions\/4166"}],"wp:attachment":[{"href":"https:\/\/emprunty.com\/es\/wp-json\/wp\/v2\/media?parent=1177"}],"curies":[{"name":"wp","href":"https:\/\/api.w.org\/{rel}","templated":true}]}}