{"id":513,"date":"2024-06-12T10:49:53","date_gmt":"2024-06-12T10:49:53","guid":{"rendered":"http:\/\/bracketweb.com\/easilonwp\/?page_id=513"},"modified":"2026-03-23T18:12:59","modified_gmt":"2026-03-23T18:12:59","slug":"rachat-de-credit","status":"publish","type":"page","link":"https:\/\/emprunty.com\/de\/rachat-de-credit\/","title":{"rendered":"Schuldenkonsolidierung"},"content":{"rendered":"<div data-elementor-type=\"wp-page\" data-elementor-id=\"513\" class=\"elementor elementor-513\" data-elementor-post-type=\"page\">\n\t\t\t\t<div class=\"elementor-element elementor-element-dac9ce6 service-details section-space e-flex e-con-boxed e-con e-parent\" data-id=\"dac9ce6\" data-element_type=\"container\" data-e-type=\"container\">\n\t\t\t\t\t<div class=\"e-con-inner\">\n\t\t<div class=\"elementor-element elementor-element-4600fef e-con-full e-flex e-con e-child\" data-id=\"4600fef\" data-element_type=\"container\" data-e-type=\"container\">\n\t\t\t\t<div class=\"elementor-element elementor-element-a1ecb7f elementor-widget elementor-widget-sidebar-nav\" data-id=\"a1ecb7f\" data-element_type=\"widget\" data-e-type=\"widget\" data-widget_type=\"sidebar-nav.default\">\n\t\t\t\t<div class=\"elementor-widget-container\">\n\t\t\t\t\t\t<div class=\"service-sidebar__info service-sidebar__single wow fadeInLeft\" data-wow-duration=\"1500ms\">\r\n\t\t<div class=\"menu-service-list-menu-container\"><ul id=\"menu-service-list-menu\" class=\"list-unstyled service-sidebar__nav\"><li id=\"menu-item-568\" class=\"menu-item menu-item-type-post_type menu-item-object-page menu-item-568\"><a href=\"https:\/\/emprunty.com\/de\/rachat-de-credit\/\">Schuldenkonsolidierung<\/a><\/li>\n<li id=\"menu-item-567\" class=\"menu-item menu-item-type-post_type menu-item-object-page menu-item-567\"><a href=\"https:\/\/emprunty.com\/de\/credit-automobile\/\">Autokredit<\/a><\/li>\n<li id=\"menu-item-566\" class=\"menu-item menu-item-type-post_type menu-item-object-page menu-item-566\"><a href=\"https:\/\/emprunty.com\/de\/pret-personnel\/\">Privatkredit<\/a><\/li>\n<li id=\"menu-item-564\" class=\"menu-item menu-item-type-post_type menu-item-object-page menu-item-564\"><a href=\"https:\/\/emprunty.com\/de\/assurance-pret\/\">Kreditversicherung<\/a><\/li>\n<li id=\"menu-item-563\" class=\"menu-item menu-item-type-post_type menu-item-object-page menu-item-563\"><a href=\"https:\/\/emprunty.com\/de\/credit-a-la-consommation\/\">Verbraucherkredit<\/a><\/li>\n<li id=\"menu-item-562\" class=\"menu-item menu-item-type-post_type menu-item-object-page menu-item-562\"><a href=\"https:\/\/emprunty.com\/de\/pret-immobilier\/\">Hypothekendarlehen<\/a><\/li>\n<\/ul><\/div>\t<\/div><!-- \/.service-sidebar__info service-sidebar__single -->\r\n\t\t\t\t<\/div>\n\t\t\t\t<\/div>\n\t\t\t\t<div class=\"elementor-element elementor-element-d959651 elementor-widget elementor-widget-easilon-sidebar-call-to-action\" data-id=\"d959651\" data-element_type=\"widget\" data-e-type=\"widget\" data-widget_type=\"easilon-sidebar-call-to-action.default\">\n\t\t\t\t<div class=\"elementor-widget-container\">\n\t\t\t\t\t\t<div class=\"service-sidebar__single\">\r\n\t\t<div class=\"service-sidebar__contact wow fadeInLeft\" data-wow-duration=\"1500ms\" data-wow-delay=\"100ms\">\r\n\t\t\t<div class=\"service-sidebar__contact__bg\">\r\n\t\t\t\t<div class=\"service-sidebar__contact__bg__inner\"><\/div><!-- \/.service-sidebar__contact__bg__inner -->\r\n\t\t\t<\/div><!-- \/.service-sidebar__contact__bg -->\r\n\t\t\t<div class=\"service-sidebar__contact__inner\">\r\n\t\t\t\t\t\t\t\t\t<div class=\"service-sidebar__contact__icon\">\r\n\t\t\t\t\t\t<i aria-hidden=\"true\" class=\"icon-telephone\"><\/i>\t\t\t\t\t<\/div><!-- \/.service-sidebar__contact__icon -->\r\n\t\t\t\t\t\t\t\t<div class=\"service-sidebar__contact__content\">\r\n\t\t\t\t\t\t\t\t\t\t\t<h4 class=\"service-sidebar__contact__time\">\r\n\t\t\t\t\t\t\tONLINE RUND UM DIE UHR\t\t\t\t\t\t<\/h4><!-- \/.service-sidebar__contact__time -->\r\n\t\t\t\t\t\t\t\t\t\t\t\t\t\t\t\t<h4 class=\"service-sidebar__contact__number\">\r\n\t\t\t\t\t\t\t<a href=\"tel:0684032691\" >\r\n\t\t\t\t\t\t\t\t06 84 03 26 91\t\t\t\t\t\t\t<\/a>\r\n\t\t\t\t\t\t<\/h4><!-- \/.service-sidebar__contact__number -->\r\n\t\t\t\t\t\t\t\t\t<\/div><!-- \/.service-sidebar__contact__content -->\r\n\t\t\t<\/div><!-- \/.service-sidebar__contact__inner -->\r\n\t\t<\/div><!-- \/.service-sidebar__contact -->\r\n\t<\/div><!-- \/.service-sidebar__single -->\r\n\t\t\t\t<\/div>\n\t\t\t\t<\/div>\n\t\t\t\t<div class=\"elementor-element elementor-element-4f1e15e elementor-widget elementor-widget-easilon-book-appointment\" data-id=\"4f1e15e\" data-element_type=\"widget\" data-e-type=\"widget\" data-widget_type=\"easilon-book-appointment.default\">\n\t\t\t\t<div class=\"elementor-widget-container\">\n\t\t\t\t\t    <div class=\"service-sidebar__single wow fadeInLeft\" data-wow-duration=\"1500ms\" data-wow-delay=\"200ms\">\r\n        <div class=\"service-sidebar__appointment\">\r\n            <h3 class=\"service-sidebar__appointment__title\">Vereinbaren Sie einen Termin<\/h3>            <!-- \/.service-sidebar__appointment__title -->\r\n                            <div class=\"service-sidebar__appointment__form form-one contact-form-validated\">\r\n                    <div class=\"wpcf7 no-js\" id=\"wpcf7-f620-o1\" lang=\"en-US\" dir=\"ltr\" data-wpcf7-id=\"620\">\n<div class=\"screen-reader-response\"><p role=\"status\" aria-live=\"polite\" aria-atomic=\"true\"><\/p> <ul><\/ul><\/div>\n<form action=\"\/de\/wp-json\/wp\/v2\/pages\/513#wpcf7-f620-o1\" method=\"post\" class=\"wpcf7-form init\" aria-label=\"Contact form\" novalidate=\"novalidate\" data-status=\"init\" data-trp-original-action=\"\/de\/wp-json\/wp\/v2\/pages\/513#wpcf7-f620-o1\">\n<fieldset class=\"hidden-fields-container\"><input type=\"hidden\" name=\"_wpcf7\" value=\"620\" \/><input type=\"hidden\" name=\"_wpcf7_version\" value=\"6.1.5\" \/><input type=\"hidden\" name=\"_wpcf7_locale\" value=\"en_US\" \/><input type=\"hidden\" name=\"_wpcf7_unit_tag\" value=\"wpcf7-f620-o1\" \/><input type=\"hidden\" name=\"_wpcf7_container_post\" value=\"0\" \/><input type=\"hidden\" name=\"_wpcf7_posted_data_hash\" value=\"\" \/>\n<\/fieldset>\n<div class=\"form-one__group\">\n    <div class=\"form-one__control form-one__control--full\">\n        <span class=\"wpcf7-form-control-wrap\" data-name=\"fname\"><input size=\"40\" maxlength=\"400\" class=\"wpcf7-form-control wpcf7-text wpcf7-validates-as-required\" aria-required=\"true\" aria-invalid=\"false\" placeholder=\"Name\" value=\"\" type=\"text\" name=\"fname\" \/><\/span>\n    <\/div>\n    <div class=\"form-one__control form-one__control--full\">\n        <span class=\"wpcf7-form-control-wrap\" data-name=\"email\"><input size=\"40\" maxlength=\"400\" class=\"wpcf7-form-control wpcf7-email wpcf7-validates-as-required wpcf7-text wpcf7-validates-as-email\" aria-required=\"true\" aria-invalid=\"false\" placeholder=\"E-Mail\" value=\"\" type=\"email\" name=\"email\" \/><\/span>\n    <\/div>\n    <div class=\"form-one__control form-one__control--full\">\n        <span class=\"wpcf7-form-control-wrap\" data-name=\"phone-no\"><input size=\"40\" maxlength=\"400\" class=\"wpcf7-form-control wpcf7-tel wpcf7-text wpcf7-validates-as-tel\" aria-invalid=\"false\" placeholder=\"Telefonnummer\" value=\"\" type=\"tel\" name=\"phone-no\" \/><\/span>\n    <\/div>\n    <div class=\"form-one__control form-one__control--full\">\n        <button type=\"submit\" class=\"service-sidebar__appointment__form__btn easilon-btn\">\n            <span>Jetzt senden<\/span>\n            <span class=\"easilon-btn__icon\">\n                <i class=\"icon-double-right-arrow\"><\/i>\n            <\/span>\n        <\/button>\n    <\/div>\n<\/div><div class=\"wpcf7-response-output\" aria-hidden=\"true\"><\/div>\n<input type=\"hidden\" name=\"trp-form-language\" value=\"de\"\/><\/form>\n<\/div>                <\/div>\r\n                    <\/div><!-- \/.service-sidebar__company -->\r\n    <\/div><!-- \/.service-sidebar__single -->\r\n\t\t\t\t<\/div>\n\t\t\t\t<\/div>\n\t\t\t\t<\/div>\n\t\t<div class=\"elementor-element elementor-element-a5b91e7 e-flex e-con-boxed e-con e-child\" data-id=\"a5b91e7\" data-element_type=\"container\" data-e-type=\"container\">\n\t\t\t\t\t<div class=\"e-con-inner\">\n\t\t\t\t<div class=\"elementor-element elementor-element-1f23252 service-details__thumbnail elementor-widget elementor-widget-image\" data-id=\"1f23252\" data-element_type=\"widget\" data-e-type=\"widget\" data-widget_type=\"image.default\">\n\t\t\t\t\t\t\t\t\t\t\t\t\t\t\t<img fetchpriority=\"high\" decoding=\"async\" width=\"598\" height=\"400\" src=\"https:\/\/emprunty.com\/wp-content\/uploads\/2026\/03\/credit-express.webp\" class=\"attachment-large size-large wp-image-3933\" alt=\"\" srcset=\"https:\/\/emprunty.com\/wp-content\/uploads\/2026\/03\/credit-express.webp 598w, https:\/\/emprunty.com\/wp-content\/uploads\/2026\/03\/credit-express-300x201.webp 300w, https:\/\/emprunty.com\/wp-content\/uploads\/2026\/03\/credit-express-18x12.webp 18w, https:\/\/emprunty.com\/wp-content\/uploads\/2026\/03\/credit-express-570x381.webp 570w\" sizes=\"(max-width: 598px) 100vw, 598px\" \/>\t\t\t\t\t\t\t\t\t\t\t\t\t\t\t<\/div>\n\t\t\t\t<div class=\"elementor-element elementor-element-b7a94e1 elementor-widget elementor-widget-easilon-heading\" data-id=\"b7a94e1\" data-element_type=\"widget\" data-e-type=\"widget\" data-widget_type=\"easilon-heading.default\">\n\t\t\t\t<div class=\"elementor-widget-container\">\n\t\t\t\t\t            <h3 class=\"easilon_heading__title\">Konsolidieren Sie Ihre Kredite: Bis zu 60 % Rabatt* auf Ihre monatlichen Raten<\/h3>    \t\t\t\t<\/div>\n\t\t\t\t<\/div>\n\t\t\t\t<div class=\"elementor-element elementor-element-a08b0f4 elementor-widget elementor-widget-text-editor\" data-id=\"a08b0f4\" data-element_type=\"widget\" data-e-type=\"widget\" data-widget_type=\"text-editor.default\">\n\t\t\t\t\t\t\t\t\t<h1 class=\"titre\">Schuldenkonsolidierung<\/h1><p class=\"description-txt\">Mit Emprunty finden Sie eine L\u00f6sung f\u00fcr Ihre Schuldenkonsolidierung, die auf Ihre Situation und Ihr Budget zugeschnitten ist. Profitieren Sie von den besten Konditionen unserer Partnerbanken und passen Sie die Laufzeit Ihres Kredits flexibel an.<\/p>\t\t\t\t\t\t\t\t<\/div>\n\t\t\t\t<div class=\"elementor-element elementor-element-d10ac68 elementor-widget elementor-widget-easilon-heading\" data-id=\"d10ac68\" data-element_type=\"widget\" data-e-type=\"widget\" data-widget_type=\"easilon-heading.default\">\n\t\t\t\t<div class=\"elementor-widget-container\">\n\t\t\t\t\t            <h3 class=\"easilon_heading__title\">Was ist eine Schuldenkonsolidierung oder -umschuldung?<\/h3>    \t\t\t\t<\/div>\n\t\t\t\t<\/div>\n\t\t\t\t<div class=\"elementor-element elementor-element-241f29e elementor-widget elementor-widget-text-editor\" data-id=\"241f29e\" data-element_type=\"widget\" data-e-type=\"widget\" data-widget_type=\"text-editor.default\">\n\t\t\t\t\t\t\t\t\t<h2>\u00a0<\/h2><p>Durch eine Schuldenkonsolidierung k\u00f6nnen Sie Ihre verschiedenen Kredite zu einem einzigen Kredit zusammenfassen, um Ihre monatlichen Raten zu senken oder ein neues Projekt zu finanzieren. Es gibt verschiedene M\u00f6glichkeiten:<\/p><ul><li><strong>R\u00fcckkauf von Verbraucherkrediten<\/strong>\u00a0(einschlie\u00dflich Verbraucherkredite, sonstiger Schulden und Hypothekendarlehen, sofern diese weniger als 60 % der Gesamtsumme der zu konsolidierenden Schulden ausmachen);<\/li><li><strong>Hypothekenrefinanzierung\u00a0<\/strong>(einschlie\u00dflich Verbraucherkredite und Hypotheken, sofern diese mehr als 60 % des gesamten zu konsolidierenden Betrags ausmachen).<\/li><\/ul><p>\u00a0<\/p>\t\t\t\t\t\t\t\t<\/div>\n\t\t\t\t<div class=\"elementor-element elementor-element-bd5ab63 elementor-widget elementor-widget-easilon-service-info\" data-id=\"bd5ab63\" data-element_type=\"widget\" data-e-type=\"widget\" data-widget_type=\"easilon-service-info.default\">\n\t\t\t\t<div class=\"elementor-widget-container\">\n\t\t\t\t\t\t<div class=\"service-details__info wow fadeInUp\" data-wow-duration=\"1500ms\" data-wow-delay=\"00ms\">\r\n        <ul class=\"list-unstyled service-details__list\">\r\n                            <li>\r\n                                            <span class=\"service-details__list__icon\">\r\n                            <i aria-hidden=\"true\" class=\"icon-check\"><\/i>                        <\/span>\r\n                                        Kostenlose Simulation                <\/li>\r\n                            <li>\r\n                                            <span class=\"service-details__list__icon\">\r\n                            <i aria-hidden=\"true\" class=\"icon-check\"><\/i>                        <\/span>\r\n                                        Antwort innerhalb von 24 Stunden                <\/li>\r\n                            <li>\r\n                                            <span class=\"service-details__list__icon\">\r\n                            <i aria-hidden=\"true\" class=\"icon-check\"><\/i>                        <\/span>\r\n                                        Personalisierte Nachverfolgung                <\/li>\r\n                            <li>\r\n                                            <span class=\"service-details__list__icon\">\r\n                            <i aria-hidden=\"true\" class=\"icon-check\"><\/i>                        <\/span>\r\n                                        100% garantierte Sicherheit                <\/li>\r\n                    <\/ul><!-- \/.list-unstyled team-details__list -->\r\n        <img decoding=\"async\" src=\"https:\/\/emprunty.com\/wp-content\/uploads\/2024\/06\/service-d-list-1.jpg\" alt=\"Portfolio-1\" title=\"Portfolio-1\" class=\"service-details__info__image\" >    <\/div><!-- \/.service-details__info -->\r\n\t\t\t\t<\/div>\n\t\t\t\t<\/div>\n\t\t\t\t<div class=\"elementor-element elementor-element-dd01ad9 elementor-widget elementor-widget-text-editor\" data-id=\"dd01ad9\" data-element_type=\"widget\" data-e-type=\"widget\" data-widget_type=\"text-editor.default\">\n\t\t\t\t\t\t\t\t\t<h4>\u00a0<\/h4><h2>Wie funktioniert eine Schuldenkonsolidierung?<\/h2><p>Um Ihre Schulden zusammenzufassen, stellen Sie einfach einen Antrag bei einer Bank oder einem Kreditvermittler. Sie erhalten dann eine erste R\u00fcckmeldung und vervollst\u00e4ndigen anschlie\u00dfend Ihren Antrag mit den erforderlichen Unterlagen (Identit\u00e4tsnachweis, Einkommensnachweis, Kontoausz\u00fcge, Tilgungspl\u00e4ne etc.). Sie erhalten dann ein Angebot, das Sie unterschreiben und innerhalb der vorgegebenen Frist zur\u00fccksenden m\u00fcssen. Das Kreditinstitut begleicht anschlie\u00dfend Ihre verschiedenen Schulden bei Ihren Gl\u00e4ubigern.<\/p><p>Sie haben dann nur noch einen Kredit zur\u00fcckzuzahlen, mit einem einzigen Zinssatz, einer einzigen monatlichen Rate und einer einzigen Laufzeit.<\/p><h3>Die Vorteile der Schuldenkonsolidierung<\/h3><p>Eine Schuldenkonsolidierung kann in verschiedenen Situationen von Vorteil sein: Reduzierung der monatlichen Zahlungen, Vereinfachung der Budgetplanung oder Finanzierung eines neuen Projekts bei gleichzeitiger Senkung der Schuldenquote.<\/p><h3>Reduzieren Sie Ihre monatlichen Zahlungen<\/h3><p>Der gr\u00f6\u00dfte Vorteil einer Schuldenkonsolidierung liegt in der Senkung Ihrer monatlichen Raten. Wenn Sie beispielsweise mehrere laufende Kredite haben, k\u00f6nnen die Gesamtraten Ihr Budget belasten und Ihr verf\u00fcgbares Einkommen schm\u00e4lern. Durch eine Schuldenkonsolidierung k\u00f6nnen Sie Ihre monatlichen Raten reduzieren, indem Sie alle Ihre Kredite zu einem einzigen Kredit mit einem einheitlichen Zinssatz und einer niedrigeren monatlichen Rate zusammenfassen. Dies f\u00fchrt zu einem angenehmeren Lebensstandard.<\/p><p>\u00a0<\/p><h3>Finanzierung eines neuen Projekts<\/h3><p>Zweites Szenario: Sie tilgen mehrere Kredite, Ihr verf\u00fcgbares Einkommen ist nicht gef\u00e4hrdet und Ihr Budget ist ausgeglichen. Sie planen jedoch ein neues Projekt, beispielsweise den Kauf einer Immobilie. Bei einer Schuldenquote von \u00fcber 35 % (einschlie\u00dflich der Versicherung f\u00fcr Ihre neue Hypothek) kann die Bank Ihr Projekt nicht finanzieren. In diesem Fall erm\u00f6glicht Ihnen eine Schuldenkonsolidierung, Ihre Schuldenquote zu senken und so die Voraussetzungen f\u00fcr eine zuk\u00fcnftige Hypothek zu schaffen.<\/p><p>\u00a0<\/p><h3>Eine Barreserve einbeziehen<\/h3><p>Ein Umschuldungskredit kann auch ein neues Projekt umfassen. Wenn Sie beispielsweise Ihre Kredite zusammenfassen, um Ihre Schuldenquote zu senken und eine neue K\u00fcche zu finanzieren, kann diese Finanzierung direkt in Ihren Umschuldungskredit \u00fcber einen Vorschuss integriert werden. F\u00fcr alle Ihre bestehenden Kredite und diesen Vorschuss haben Sie dann nur noch eine monatliche Rate.<\/p><p>\u00a0<\/p>\t\t\t\t\t\t\t\t<\/div>\n\t\t\t\t\t<\/div>\n\t\t\t\t<\/div>\n\t\t\t\t\t<\/div>\n\t\t\t\t<\/div>\n\t\t<div class=\"elementor-element elementor-element-31dd91a0 e-con-full e-flex e-con e-parent\" data-id=\"31dd91a0\" data-element_type=\"container\" data-e-type=\"container\">\n\t\t\t\t<div class=\"elementor-element elementor-element-3178b99 elementor-widget elementor-widget-easilon-loan\" data-id=\"3178b99\" data-element_type=\"widget\" data-e-type=\"widget\" data-widget_type=\"easilon-loan.default\">\n\t\t\t\t<div class=\"elementor-widget-container\">\n\t\t\t\t\t\t<section class=\"loan-eligibility section-space\">\r\n\t\t<div class=\"container\">\r\n\t\t\t<form action=\"#\" class=\"loan-eligibility__form\" data-trp-original-action=\"#\">\r\n\t\t\t\t<div class=\"row gutter-y-40\">\r\n\t\t\t\t\t<div class=\"col-lg-6 wow fadeInUp\" data-wow-duration=\"1500ms\" data-wow-delay=\"00ms\">\r\n\t\t\t\t\t\t<div class=\"loan-eligibility__form__left\">\r\n\t\t\t\t\t\t\t<h3 class=\"loan-eligibility__form__title\">Kreditsimulator<\/h3>\t\t\t\t\t\t\t<!-- \/.loan-eligibility__form__title -->\r\n\t\t\t\t\t\t\t<div class=\"loan-eligibility__form__inner\">\r\n\t\t\t\t\t\t\t\t\t\t\t\t\t\t\t\t\t<div class=\"loan-eligibility__single\">\r\n\t\t\t\t\t\t\t\t\t\t<div class=\"loan-eligibility__single__top\">\r\n\t\t\t\t\t\t\t\t\t\t\t<span class=\"loan-eligibility__single__title\">Darlehensbetrag<\/span>\r\n\t\t\t\t\t\t\t\t\t\t\t<span class=\"loan-eligibility__single__count\">\u20ac90000<\/span>\r\n\t\t\t\t\t\t\t\t\t\t<\/div><!-- \/.loan-eligibility__single__top -->\r\n\t\t\t\t\t\t\t\t\t\t<div id=\"range-slider-loan-amount\" class=\"loan-eligibility__range-slider loan-range\" data-range-options='{\"start\": 45000,\"step\": 1000,\"suffix\": \"\u20ac\",\"range\": {\"min\": 2000,\"max\": 90000}}'>\r\n\t\t\t\t\t\t\t\t\t\t<\/div>\r\n\t\t\t\t\t\t\t\t\t<\/div><!-- \/.loan-eligibility__single -->\r\n\t\t\t\t\t\t\t\t\t\t\t\t\t\t\t\t\t\t\t\t\t\t\t\t\t<div class=\"loan-eligibility__single\">\r\n\t\t\t\t\t\t\t\t\t\t<div class=\"loan-eligibility__single__top\">\r\n\t\t\t\t\t\t\t\t\t\t\t<span class=\"loan-eligibility__single__title\">Bruttoeinkommen (monatlich)<\/span>\r\n\t\t\t\t\t\t\t\t\t\t\t<span class=\"loan-eligibility__single__count\">\u20ac6000<\/span>\r\n\t\t\t\t\t\t\t\t\t\t<\/div><!-- \/.loan-eligibility__single__top -->\r\n\t\t\t\t\t\t\t\t\t\t<div id=\"range-slider-gross-income\" class=\"loan-eligibility__range-slider loan-range\" data-range-options='{\"start\": 3000,\"step\": 100,\"suffix\": \"\u20ac\",\"range\": {\"min\": 100,\"max\": 6000}}'><\/div>\r\n\t\t\t\t\t\t\t\t\t<\/div><!-- \/.loan-eligibility__single -->\r\n\t\t\t\t\t\t\t\t\t\t\t\t\t\t\t\t\t\t\t\t\t\t\t\t\t<div class=\"loan-eligibility__single\">\r\n\t\t\t\t\t\t\t\t\t\t<div class=\"loan-eligibility__single__top\">\r\n\t\t\t\t\t\t\t\t\t\t\t<span class=\"loan-eligibility__single__title\">Kreditlaufzeit (Monate)<\/span>\r\n\t\t\t\t\t\t\t\t\t\t\t<span class=\"loan-eligibility__single__count\">120 Monate<\/span>\r\n\t\t\t\t\t\t\t\t\t\t<\/div><!-- \/.loan-eligibility__single__top -->\r\n\t\t\t\t\t\t\t\t\t\t<div id=\"range-slider-tenure\" class=\"loan-eligibility__range-slider  loan-range\" data-range-options='{\"start\": 60,\"step\": 1,\"suffix\": \"Mois\",\"range\": {\"min\": 1,\"max\": 120}}'><\/div>\r\n\t\t\t\t\t\t\t\t\t<\/div><!-- \/.loan-eligibility__single -->\r\n\t\t\t\t\t\t\t\t\t\t\t\t\t\t\t\t\t\t\t\t\t\t\t\t\t<div class=\"loan-eligibility__single\">\r\n\t\t\t\t\t\t\t\t\t\t<div class=\"loan-eligibility__single__top\">\r\n\t\t\t\t\t\t\t\t\t\t\t<span class=\"loan-eligibility__single__title\">Zinss\u00e4tze<\/span>\r\n\t\t\t\t\t\t\t\t\t\t\t<span class=\"loan-eligibility__single__count\">7%<\/span>\r\n\t\t\t\t\t\t\t\t\t\t<\/div><!-- \/.loan-eligibility__single__top -->\r\n\t\t\t\t\t\t\t\t\t\t<div id=\"range-slider-interest-rate\" class=\"loan-eligibility__range-slider loan-range\" data-range-options='{\"start\": 3,\"step\": 1,\"suffix\": \"%\",\"range\": {\"min\": 1,\"max\": 7}}'><\/div>\r\n\t\t\t\t\t\t\t\t\t<\/div><!-- \/.loan-eligibility__single -->\r\n\t\t\t\t\t\t\t\t\t\t\t\t\t\t\t\t\t\t\t\t\t\t\t<\/div><!-- \/.loan-eligibility__form__inner -->\r\n\t\t\t\t\t\t<\/div><!-- \/.loan-eligibility__form__left -->\r\n\t\t\t\t\t<\/div><!-- \/.col-lg-6 -->\r\n\t\t\t\t\t<div class=\"col-lg-6 wow fadeInUp\" data-wow-duration=\"1500ms\" data-wow-delay=\"100ms\">\r\n\t\t\t\t\t\t<div class=\"loan-eligibility__form__right\">\r\n\t\t\t\t\t\t\t\t\t\t\t\t\t\t<div class=\"loan-eligibility__content\">\r\n\t\t\t\t\t\t\t\t<div class=\"loan-eligibility__content__inner\">\r\n\t\t\t\t\t\t\t\t\t\t\t\t\t\t\t\t\t\t\t<div class=\"loan-eligibility__content__item\">\r\n\t\t\t\t\t\t\t\t\t\t\t\t\t\t\t\t\t\t\t\t\t\t\t<h2 class=\"loan-eligibility__content__title\">\r\n\t\t\t\t\t\t\t\t\t\t\t\t\tMonatliche Zahlung\t\t\t\t\t\t\t\t\t\t\t\t<\/h2>\r\n\t\t\t\t\t\t\t\t\t\t\t\t\t\t\t\t\t\t\t\t\t\t\t\t\t\t\t\t\t\t\t\t\t\t<p class=\"loan-eligibility__content__amount\">\r\n\t\t\t\t\t\t\t\t\t\t\t\t\t\t\t\t\t\t\t\t\t\t\t\t\t\t915.49 \u20ac\t\t\t\t\t\t\t\t\t\t\t\t<\/p>\r\n\t\t\t\t\t\t\t\t\t\t\t\t\t\t\t\t\t\t\t\t\t\t\t\t\t\t\t\t\t\t\t\t<\/div><!-- \/.loan-eligibility__content__item -->\r\n\t\t\t\t\t\t\t\t\t\t\t\t\t\t\t\t\t<\/div><!-- \/.loan-eligibility__content__inner -->\r\n\t\t\t\t\t\t\t\t\t\t\t\t\t\t\t\t\t<button type=\"submit\" class=\"loan-eligibility__content__btn easilon-btn\">\r\n\t\t\t\t\t\t\t\t\t\t<span>Beantragen Sie einen Kredit<\/span>\r\n\t\t\t\t\t\t\t\t\t\t\t\t\t\t\t\t\t\t\t\t\t<span class=\"easilon-btn__icon\">\r\n\t\t\t\t\t\t\t\t\t\t\t\t<i aria-hidden=\"true\" class=\"icon-right-arrow\"><\/i>\t\t\t\t\t\t\t\t\t\t\t<\/span>\r\n\t\t\t\t\t\t\t\t\t\t\t\t\t\t\t\t\t\t\t<\/button><!-- \/.loan-eligibility__content__btn -->\r\n\t\t\t\t\t\t\t\t\t\t\t\t\t\t\t<\/div><!-- \/.loan-eligibility__content -->\r\n\t\t\t\t\t\t<\/div><!-- \/.loan-eligibility__form__right -->\r\n\t\t\t\t\t<\/div><!-- \/.col-lg-6 -->\r\n\t\t\t\t<\/div><!-- \/.row gutter-y-40 -->\r\n\t\t\t<input type=\"hidden\" name=\"trp-form-language\" value=\"de\"\/><\/form><!-- \/.loan-eligibility__form -->\r\n\t\t<\/div><!-- \/.container -->\r\n\t<\/section><!-- \/.loan-eligibility section-space -->\r\n\t\t\t\t<\/div>\n\t\t\t\t<\/div>\n\t\t\t\t<\/div>\n\t\t\t\t<\/div>","protected":false},"excerpt":{"rendered":"<p>Rachat de Cr\u00e9dit Cr\u00e9dit Automobile Pr\u00eat Personnel water-sports-about-page-video-img Assurance pr\u00eat Cr\u00e9dit \u00e0 la Consommation Pr\u00eat Immobilier EN LIGNE 24H\/24 06 84 03 26 91 Prendre rendez-vous submit now Regroupez vos cr\u00e9dits : jusqu&rsquo;\u00e0 -60%* sur vos mensualit\u00e9s Rachat de cr\u00e9dit Avec Emprunty, trouvez une solution pour votre projet de rachat de cr\u00e9dits, adapt\u00e9e \u00e0 votre [&hellip;]<\/p>\n","protected":false},"author":1,"featured_media":0,"parent":0,"menu_order":0,"comment_status":"closed","ping_status":"closed","template":"elementor_header_footer","meta":{"footnotes":""},"class_list":["post-513","page","type-page","status-publish","hentry"],"_hostinger_reach_plugin_has_subscription_block":false,"_hostinger_reach_plugin_is_elementor":false,"_links":{"self":[{"href":"https:\/\/emprunty.com\/de\/wp-json\/wp\/v2\/pages\/513","targetHints":{"allow":["GET"]}}],"collection":[{"href":"https:\/\/emprunty.com\/de\/wp-json\/wp\/v2\/pages"}],"about":[{"href":"https:\/\/emprunty.com\/de\/wp-json\/wp\/v2\/types\/page"}],"author":[{"embeddable":true,"href":"https:\/\/emprunty.com\/de\/wp-json\/wp\/v2\/users\/1"}],"replies":[{"embeddable":true,"href":"https:\/\/emprunty.com\/de\/wp-json\/wp\/v2\/comments?post=513"}],"version-history":[{"count":12,"href":"https:\/\/emprunty.com\/de\/wp-json\/wp\/v2\/pages\/513\/revisions"}],"predecessor-version":[{"id":4175,"href":"https:\/\/emprunty.com\/de\/wp-json\/wp\/v2\/pages\/513\/revisions\/4175"}],"wp:attachment":[{"href":"https:\/\/emprunty.com\/de\/wp-json\/wp\/v2\/media?parent=513"}],"curies":[{"name":"wp","href":"https:\/\/api.w.org\/{rel}","templated":true}]}}