{"id":1302,"date":"2024-06-14T13:34:40","date_gmt":"2024-06-14T13:34:40","guid":{"rendered":"http:\/\/bracketweb.com\/easilonwp\/?page_id=1302"},"modified":"2026-03-23T18:04:29","modified_gmt":"2026-03-23T18:04:29","slug":"notre-faq","status":"publish","type":"page","link":"https:\/\/emprunty.com\/de\/notre-faq\/","title":{"rendered":"Notre FAQ"},"content":{"rendered":"<div data-elementor-type=\"wp-page\" data-elementor-id=\"1302\" class=\"elementor elementor-1302\" data-elementor-post-type=\"page\">\n\t\t\t\t<div class=\"elementor-element elementor-element-f1d33fb e-con-full e-flex e-con e-parent\" data-id=\"f1d33fb\" data-element_type=\"container\" data-e-type=\"container\">\n\t\t\t\t<div class=\"elementor-element elementor-element-92578c9 elementor-widget elementor-widget-easilon-search-box\" data-id=\"92578c9\" data-element_type=\"widget\" data-e-type=\"widget\" data-widget_type=\"easilon-search-box.default\">\n\t\t\t\t<div class=\"elementor-widget-container\">\n\t\t\t\t\t\t<section class=\"faq-page-search section-space-bottom\">\r\n\t\t<div class=\"container\">\r\n\t\t\t<div class=\"faq-page-search__content wow fadeInUp\" data-wow-duration=\"1500ms\">\r\n\t\t\t\t<h2 class=\"faq-page-search__title\">Recherchez vos questions<br> Ici<\/h2>\t\t\t\t<!-- \/.faq-page-search__title -->\r\n\t\t\t\t<form action=\"https:\/\/emprunty.com\/de\/\" method=\"post\" class=\"faq-page-search__form\" data-trp-original-action=\"https:\/\/emprunty.com\/\">\r\n\t\t\t\t\t<input type=\"text\" id=\"error-search\" name=\"s\" placeholder=\"Rechercher ici\" \/>\r\n\t\t\t\t\t<button type=\"submit\" class=\"faq-page-search__form__btn\" aria-label=\"Suchanfrage absenden\">\r\n\t\t\t\t\t\t\t\t\t\t\t\t\t<i aria-hidden=\"true\" class=\"icon-search\"><\/i>\t\t\t\t\t\t\t\t\t\t\t<\/button>\r\n\t\t\t\t<input type=\"hidden\" name=\"trp-form-language\" value=\"de\"\/><\/form><!-- \/.faq-page-search__form -->\r\n\t\t\t<\/div><!-- \/.faq-page-search__content -->\r\n\t\t<\/div><!-- \/.container -->\r\n\t<\/section><!-- \/.faq-page-search section-space-bottom -->\r\n\t\t\t\t<\/div>\n\t\t\t\t<\/div>\n\t\t\t\t<\/div>\n\t\t<div class=\"elementor-element elementor-element-3acf968e e-con-full e-flex e-con e-parent\" data-id=\"3acf968e\" data-element_type=\"container\" data-e-type=\"container\">\n\t\t\t\t<div class=\"elementor-element elementor-element-37f1278 elementor-widget elementor-widget-easilon-faq\" data-id=\"37f1278\" data-element_type=\"widget\" data-e-type=\"widget\" data-widget_type=\"easilon-faq.default\">\n\t\t\t\t<div class=\"elementor-widget-container\">\n\t\t\t\t\t\t<section class=\"faq-one section-space\">\r\n\t\t<div class=\"container\">\r\n\t\t\t<div class=\"row gutter-y-50 align-items-center\">\r\n\t\t\t\t<div class=\"col-lg-6 wow fadeInUp\" data-wow-duration=\"1500ms\" data-wow-delay=\"00ms\">\r\n\t\t\t\t\t<div class=\"faq-one__image\">\r\n\t\t\t\t\t\t<div class=\"faq-one__image__inner\">\r\n\t\t\t\t\t\t\t<img decoding=\"async\" src=\"https:\/\/emprunty.com\/wp-content\/uploads\/2026\/03\/9088d72b-b28a-4c94-989b-1d59377b45f5-scaled.jpg\" alt=\"Fragezeichen-Symbol mit Sprechblase (Vektor) \u2013 Bitte um Hilfe und L\u00f6sungen\" title=\"Fragezeichen-Symbol mit Chat-Funktion bittet um Hilfe und L\u00f6sungen\" >\t\t\t\t\t\t<\/div><!-- \/.faq-one__image__inner -->\r\n\t\t\t\t\t\t\t\t\t\t\t<\/div><!-- \/.faq-one__image -->\r\n\t\t\t\t<\/div><!-- \/.col-lg-6 -->\r\n\t\t\t\t<div class=\"col-lg-6\">\r\n\t\t\t\t\t<div class=\"faq-one__content\">\r\n\t\t\t\t\t\t<div class=\"sec-title\">\r\n\t\t\t\t\t\t\t\t\t\t\t\t\t\t\t<div class=\"sec-title__top\">\r\n                                    <div class=\"sec-title__shape\">\r\n                                        <div class=\"sec-title__shape__one\"><\/div><!-- \/.sec-title__shape__one -->\r\n                                        <div class=\"sec-title__shape__two\"><\/div><!-- \/.sec-title__shape__one -->\r\n                                    <\/div><!-- \/.sec-title__shape -->\r\n\t\t\t\t\t\t\t\t\t<h6 class=\"sec-title__tagline\">FAQ<\/h6><!-- \/.sec-title__tagline -->\r\n                                <\/div><!-- \/.sec-title__top -->\r\n\t\t\t\t\t\t\t<h3 class=\"sec-title__title\">H\u00e4ufig gestellte Fragen?<\/h3><!-- \/.sec-title__title -->\r\n\t\t\t\t\t\t<\/div><!-- \/.sec-title -->\r\n\t\t\t\t\t\t<div class=\"faq-one__accordion\">\r\n\t\t\t\t\t\t\t<div class=\"faq-accordion easilon-accrodion\" data-grp-name=\"easilon-accrodion\">\r\n\t\t\t\t\t\t\t\t\t\t\t\t\t\t\t\t\t<div class=\"accrodion accordion active wow fadeInUp\" data-wow-duration=\"1500ms\" data-wow-delay=\"00ms\">\r\n\t\t\t\t\t\t\t\t\t\t<div class=\"accrodion-title accordion-title\">\r\n\t\t\t\t\t\t\t\t\t\t\t<h4>1. Wie beantrage ich einen Kredit?\n\n\t\t\t\t\t\t\t\t\t\t\t\t<span class=\"accordion-title__icon\"><\/span><!-- \/.accordion-title__icon -->\r\n\t\t\t\t\t\t\t\t\t\t\t<\/h4>\r\n\t\t\t\t\t\t\t\t\t\t<\/div><!-- \/.accordian-title -->\r\n\t\t\t\t\t\t\t\t\t\t<div class=\"accrodion-content accordion-content\">\r\n\t\t\t\t\t\t\t\t\t\t\t<div class=\"inner\">\r\n\t\t\t\t\t\t\t\t\t\t\t\t<p>\r\n\t\t\t\t\t\t\t\t\t\t\t\t\tSie k\u00f6nnen Ihren Antrag direkt online einreichen, indem Sie das hierf\u00fcr bereitgestellte Formular ausf\u00fcllen und die erforderlichen Dokumente beif\u00fcgen.\t\t\t\t\t\t\t\t\t\t\t\t<\/p>\r\n\t\t\t\t\t\t\t\t\t\t\t<\/div><!-- \/.accordian-content -->\r\n\t\t\t\t\t\t\t\t\t\t<\/div>\r\n\t\t\t\t\t\t\t\t\t<\/div><!-- \/.accordian-item -->\r\n\t\t\t\t\t\t\t\t\t\t\t\t\t\t\t\t\t<div class=\"accrodion accordion  wow fadeInUp\" data-wow-duration=\"1500ms\" data-wow-delay=\"00ms\">\r\n\t\t\t\t\t\t\t\t\t\t<div class=\"accrodion-title accordion-title\">\r\n\t\t\t\t\t\t\t\t\t\t\t<h4>2. Welche Dokumente werden ben\u00f6tigt?\n\t\t\t\t\t\t\t\t\t\t\t\t<span class=\"accordion-title__icon\"><\/span><!-- \/.accordion-title__icon -->\r\n\t\t\t\t\t\t\t\t\t\t\t<\/h4>\r\n\t\t\t\t\t\t\t\t\t\t<\/div><!-- \/.accordian-title -->\r\n\t\t\t\t\t\t\t\t\t\t<div class=\"accrodion-content accordion-content\">\r\n\t\t\t\t\t\t\t\t\t\t\t<div class=\"inner\">\r\n\t\t\t\t\t\t\t\t\t\t\t\t<p>\r\n\t\t\t\t\t\t\t\t\t\t\t\t\t\n\u00dcblicherweise werden folgende Dokumente ben\u00f6tigt: Ein g\u00fcltiger Personalausweis, ein Einkommensnachweis und ein Kontoauszug.\t\t\t\t\t\t\t\t\t\t\t\t<\/p>\r\n\t\t\t\t\t\t\t\t\t\t\t<\/div><!-- \/.accordian-content -->\r\n\t\t\t\t\t\t\t\t\t\t<\/div>\r\n\t\t\t\t\t\t\t\t\t<\/div><!-- \/.accordian-item -->\r\n\t\t\t\t\t\t\t\t\t\t\t\t\t\t\t\t\t<div class=\"accrodion accordion  wow fadeInUp\" data-wow-duration=\"1500ms\" data-wow-delay=\"00ms\">\r\n\t\t\t\t\t\t\t\t\t\t<div class=\"accrodion-title accordion-title\">\r\n\t\t\t\t\t\t\t\t\t\t\t<h4>3. Wie lange dauert die Bearbeitung meiner Anfrage?\n\t\t\t\t\t\t\t\t\t\t\t\t<span class=\"accordion-title__icon\"><\/span><!-- \/.accordion-title__icon -->\r\n\t\t\t\t\t\t\t\t\t\t\t<\/h4>\r\n\t\t\t\t\t\t\t\t\t\t<\/div><!-- \/.accordian-title -->\r\n\t\t\t\t\t\t\t\t\t\t<div class=\"accrodion-content accordion-content\">\r\n\t\t\t\t\t\t\t\t\t\t\t<div class=\"inner\">\r\n\t\t\t\t\t\t\t\t\t\t\t\t<p>\r\n\t\t\t\t\t\t\t\t\t\t\t\t\t\nIhr Fall wird in der Regel schnell bearbeitet, innerhalb von maximal 24 Stunden. Sie erhalten nach der Analyse schnellstm\u00f6glich eine Antwort.\t\t\t\t\t\t\t\t\t\t\t\t<\/p>\r\n\t\t\t\t\t\t\t\t\t\t\t<\/div><!-- \/.accordian-content -->\r\n\t\t\t\t\t\t\t\t\t\t<\/div>\r\n\t\t\t\t\t\t\t\t\t<\/div><!-- \/.accordian-item -->\r\n\t\t\t\t\t\t\t\t\t\t\t\t\t\t\t\t\t<div class=\"accrodion accordion  wow fadeInUp\" data-wow-duration=\"1500ms\" data-wow-delay=\"00ms\">\r\n\t\t\t\t\t\t\t\t\t\t<div class=\"accrodion-title accordion-title\">\r\n\t\t\t\t\t\t\t\t\t\t\t<h4>4. Wie erfahre ich, ob mein Antrag genehmigt wurde?\t\t\t\t\t\t\t\t\t\t\t\t<span class=\"accordion-title__icon\"><\/span><!-- \/.accordion-title__icon -->\r\n\t\t\t\t\t\t\t\t\t\t\t<\/h4>\r\n\t\t\t\t\t\t\t\t\t\t<\/div><!-- \/.accordian-title -->\r\n\t\t\t\t\t\t\t\t\t\t<div class=\"accrodion-content accordion-content\">\r\n\t\t\t\t\t\t\t\t\t\t\t<div class=\"inner\">\r\n\t\t\t\t\t\t\t\t\t\t\t\t<p>\r\n\t\t\t\t\t\t\t\t\t\t\t\t\tSie werden (per E-Mail) benachrichtigt, sobald eine Entscheidung bez\u00fcglich Ihrer Anfrage getroffen wurde.\t\t\t\t\t\t\t\t\t\t\t\t<\/p>\r\n\t\t\t\t\t\t\t\t\t\t\t<\/div><!-- \/.accordian-content -->\r\n\t\t\t\t\t\t\t\t\t\t<\/div>\r\n\t\t\t\t\t\t\t\t\t<\/div><!-- \/.accordian-item -->\r\n\t\t\t\t\t\t\t\t\t\t\t\t\t\t\t\t\t<div class=\"accrodion accordion  wow fadeInUp\" data-wow-duration=\"1500ms\" data-wow-delay=\"00ms\">\r\n\t\t\t\t\t\t\t\t\t\t<div class=\"accrodion-title accordion-title\">\r\n\t\t\t\t\t\t\t\t\t\t\t<h4>5. Wann erhalte ich das Geld?\t\t\t\t\t\t\t\t\t\t\t\t<span class=\"accordion-title__icon\"><\/span><!-- \/.accordion-title__icon -->\r\n\t\t\t\t\t\t\t\t\t\t\t<\/h4>\r\n\t\t\t\t\t\t\t\t\t\t<\/div><!-- \/.accordian-title -->\r\n\t\t\t\t\t\t\t\t\t\t<div class=\"accrodion-content accordion-content\">\r\n\t\t\t\t\t\t\t\t\t\t\t<div class=\"inner\">\r\n\t\t\t\t\t\t\t\t\t\t\t\t<p>\r\n\t\t\t\t\t\t\t\t\t\t\t\t\t\n\nSobald Ihr Antrag genehmigt und die Formalit\u00e4ten abgeschlossen sind, erfolgt die Zahlung gem\u00e4\u00df den vereinbarten Bedingungen.\t\t\t\t\t\t\t\t\t\t\t\t<\/p>\r\n\t\t\t\t\t\t\t\t\t\t\t<\/div><!-- \/.accordian-content -->\r\n\t\t\t\t\t\t\t\t\t\t<\/div>\r\n\t\t\t\t\t\t\t\t\t<\/div><!-- \/.accordian-item -->\r\n\t\t\t\t\t\t\t\t\t\t\t\t\t\t\t\t\t<div class=\"accrodion accordion  wow fadeInUp\" data-wow-duration=\"1500ms\" data-wow-delay=\"00ms\">\r\n\t\t\t\t\t\t\t\t\t\t<div class=\"accrodion-title accordion-title\">\r\n\t\t\t\t\t\t\t\t\t\t\t<h4>6. Sind meine Daten sicher?\n\n\t\t\t\t\t\t\t\t\t\t\t\t<span class=\"accordion-title__icon\"><\/span><!-- \/.accordion-title__icon -->\r\n\t\t\t\t\t\t\t\t\t\t\t<\/h4>\r\n\t\t\t\t\t\t\t\t\t\t<\/div><!-- \/.accordian-title -->\r\n\t\t\t\t\t\t\t\t\t\t<div class=\"accrodion-content accordion-content\">\r\n\t\t\t\t\t\t\t\t\t\t\t<div class=\"inner\">\r\n\t\t\t\t\t\t\t\t\t\t\t\t<p>\r\n\t\t\t\t\t\t\t\t\t\t\t\t\tJa, alle personenbezogenen Daten werden streng vertraulich und sicher verarbeitet.\t\t\t\t\t\t\t\t\t\t\t\t<\/p>\r\n\t\t\t\t\t\t\t\t\t\t\t<\/div><!-- \/.accordian-content -->\r\n\t\t\t\t\t\t\t\t\t\t<\/div>\r\n\t\t\t\t\t\t\t\t\t<\/div><!-- \/.accordian-item -->\r\n\t\t\t\t\t\t\t\t\t\t\t\t\t\t\t\t\t<div class=\"accrodion accordion  wow fadeInUp\" data-wow-duration=\"1500ms\" data-wow-delay=\"00ms\">\r\n\t\t\t\t\t\t\t\t\t\t<div class=\"accrodion-title accordion-title\">\r\n\t\t\t\t\t\t\t\t\t\t\t<h4>7. Kann ich eine Anfrage ohne Garantie stellen?\n\t\t\t\t\t\t\t\t\t\t\t\t<span class=\"accordion-title__icon\"><\/span><!-- \/.accordion-title__icon -->\r\n\t\t\t\t\t\t\t\t\t\t\t<\/h4>\r\n\t\t\t\t\t\t\t\t\t\t<\/div><!-- \/.accordian-title -->\r\n\t\t\t\t\t\t\t\t\t\t<div class=\"accrodion-content accordion-content\">\r\n\t\t\t\t\t\t\t\t\t\t\t<div class=\"inner\">\r\n\t\t\t\t\t\t\t\t\t\t\t\t<p>\r\n\t\t\t\t\t\t\t\t\t\t\t\t\t\nDas h\u00e4ngt von der Art des beantragten Kredits ab. Einige Angebote sind unter bestimmten Bedingungen auch ohne Sicherheiten erh\u00e4ltlich.\t\t\t\t\t\t\t\t\t\t\t\t<\/p>\r\n\t\t\t\t\t\t\t\t\t\t\t<\/div><!-- \/.accordian-content -->\r\n\t\t\t\t\t\t\t\t\t\t<\/div>\r\n\t\t\t\t\t\t\t\t\t<\/div><!-- \/.accordian-item -->\r\n\t\t\t\t\t\t\t\t\t\t\t\t\t\t\t\t\t<div class=\"accrodion accordion  wow fadeInUp\" data-wow-duration=\"1500ms\" data-wow-delay=\"00ms\">\r\n\t\t\t\t\t\t\t\t\t\t<div class=\"accrodion-title accordion-title\">\r\n\t\t\t\t\t\t\t\t\t\t\t<h4>8. Kann ich meinen Kredit vorzeitig zur\u00fcckzahlen?\t\t\t\t\t\t\t\t\t\t\t\t<span class=\"accordion-title__icon\"><\/span><!-- \/.accordion-title__icon -->\r\n\t\t\t\t\t\t\t\t\t\t\t<\/h4>\r\n\t\t\t\t\t\t\t\t\t\t<\/div><!-- \/.accordian-title -->\r\n\t\t\t\t\t\t\t\t\t\t<div class=\"accrodion-content accordion-content\">\r\n\t\t\t\t\t\t\t\t\t\t\t<div class=\"inner\">\r\n\t\t\t\t\t\t\t\t\t\t\t\t<p>\r\n\t\t\t\t\t\t\t\t\t\t\t\t\t\n\nJa, eine vorzeitige R\u00fcckzahlung ist gem\u00e4\u00df den in Ihrem Vertrag festgelegten Bedingungen m\u00f6glich.\t\t\t\t\t\t\t\t\t\t\t\t<\/p>\r\n\t\t\t\t\t\t\t\t\t\t\t<\/div><!-- \/.accordian-content -->\r\n\t\t\t\t\t\t\t\t\t\t<\/div>\r\n\t\t\t\t\t\t\t\t\t<\/div><!-- \/.accordian-item -->\r\n\t\t\t\t\t\t\t\t\t\t\t\t\t\t\t\t\t<div class=\"accrodion accordion  wow fadeInUp\" data-wow-duration=\"1500ms\" data-wow-delay=\"00ms\">\r\n\t\t\t\t\t\t\t\t\t\t<div class=\"accrodion-title accordion-title\">\r\n\t\t\t\t\t\t\t\t\t\t\t<h4>9. Was passiert, wenn mein Antrag abgelehnt wird?\n\t\t\t\t\t\t\t\t\t\t\t\t<span class=\"accordion-title__icon\"><\/span><!-- \/.accordion-title__icon -->\r\n\t\t\t\t\t\t\t\t\t\t\t<\/h4>\r\n\t\t\t\t\t\t\t\t\t\t<\/div><!-- \/.accordian-title -->\r\n\t\t\t\t\t\t\t\t\t\t<div class=\"accrodion-content accordion-content\">\r\n\t\t\t\t\t\t\t\t\t\t\t<div class=\"inner\">\r\n\t\t\t\t\t\t\t\t\t\t\t\t<p>\r\n\t\t\t\t\t\t\t\t\t\t\t\t\t\nF\u00fcr weitere Informationen oder um eine neue Anfrage zu stellen, nachdem Ihr Fall bearbeitet wurde, k\u00f6nnen Sie sich an unseren Kundenservice wenden.\t\t\t\t\t\t\t\t\t\t\t\t<\/p>\r\n\t\t\t\t\t\t\t\t\t\t\t<\/div><!-- \/.accordian-content -->\r\n\t\t\t\t\t\t\t\t\t\t<\/div>\r\n\t\t\t\t\t\t\t\t\t<\/div><!-- \/.accordian-item -->\r\n\t\t\t\t\t\t\t\t\t\t\t\t\t\t\t\t\t<div class=\"accrodion accordion  wow fadeInUp\" data-wow-duration=\"1500ms\" data-wow-delay=\"00ms\">\r\n\t\t\t\t\t\t\t\t\t\t<div class=\"accrodion-title accordion-title\">\r\n\t\t\t\t\t\t\t\t\t\t\t<h4>10. Wie kann ich Sie kontaktieren?\t\t\t\t\t\t\t\t\t\t\t\t<span class=\"accordion-title__icon\"><\/span><!-- \/.accordion-title__icon -->\r\n\t\t\t\t\t\t\t\t\t\t\t<\/h4>\r\n\t\t\t\t\t\t\t\t\t\t<\/div><!-- \/.accordian-title -->\r\n\t\t\t\t\t\t\t\t\t\t<div class=\"accrodion-content accordion-content\">\r\n\t\t\t\t\t\t\t\t\t\t\t<div class=\"inner\">\r\n\t\t\t\t\t\t\t\t\t\t\t\t<p>\r\n\t\t\t\t\t\t\t\t\t\t\t\t\t\n\nUnser Team steht Ihnen \u00fcber unsere verschiedenen Kontaktkan\u00e4le (E-Mail, Telefon, Online-Formular) f\u00fcr die Beantwortung all Ihrer Fragen zur Verf\u00fcgung.\t\t\t\t\t\t\t\t\t\t\t\t<\/p>\r\n\t\t\t\t\t\t\t\t\t\t\t<\/div><!-- \/.accordian-content -->\r\n\t\t\t\t\t\t\t\t\t\t<\/div>\r\n\t\t\t\t\t\t\t\t\t<\/div><!-- \/.accordian-item -->\r\n\t\t\t\t\t\t\t\t\t\t\t\t\t\t\t<\/div>\r\n\t\t\t\t\t\t<\/div><!-- \/.faq-one__accordion -->\r\n\t\t\t\t\t<\/div><!-- \/.faq-one__content -->\r\n\t\t\t\t<\/div><!-- \/.col-lg-6 -->\r\n\t\t\t<\/div><!-- \/.row gutter-y-50 -->\r\n\t\t<\/div><!-- \/.container -->\r\n\t\t\t<\/section><!-- \/.faq-one section-space -->\r\n\t\t\t\t<\/div>\n\t\t\t\t<\/div>\n\t\t\t\t<\/div>\n\t\t\t\t<\/div>","protected":false},"excerpt":{"rendered":"<p>Recherchez vos questions Ici Faq Foire aux questions ? 1. Comment faire une demande de cr\u00e9dit ? Vous pouvez soumettre votre demande directement en ligne en remplissant le formulaire pr\u00e9vu \u00e0 cet effet et en joignant les documents requis. 2. Quels documents sont n\u00e9cessaires ? Les documents g\u00e9n\u00e9ralement demand\u00e9s sont : Une pi\u00e8ce d\u2019identit\u00e9 valide [&hellip;]<\/p>\n","protected":false},"author":1,"featured_media":0,"parent":0,"menu_order":0,"comment_status":"closed","ping_status":"closed","template":"elementor_header_footer","meta":{"footnotes":""},"class_list":["post-1302","page","type-page","status-publish","hentry"],"_hostinger_reach_plugin_has_subscription_block":false,"_hostinger_reach_plugin_is_elementor":false,"_links":{"self":[{"href":"https:\/\/emprunty.com\/de\/wp-json\/wp\/v2\/pages\/1302","targetHints":{"allow":["GET"]}}],"collection":[{"href":"https:\/\/emprunty.com\/de\/wp-json\/wp\/v2\/pages"}],"about":[{"href":"https:\/\/emprunty.com\/de\/wp-json\/wp\/v2\/types\/page"}],"author":[{"embeddable":true,"href":"https:\/\/emprunty.com\/de\/wp-json\/wp\/v2\/users\/1"}],"replies":[{"embeddable":true,"href":"https:\/\/emprunty.com\/de\/wp-json\/wp\/v2\/comments?post=1302"}],"version-history":[{"count":11,"href":"https:\/\/emprunty.com\/de\/wp-json\/wp\/v2\/pages\/1302\/revisions"}],"predecessor-version":[{"id":4163,"href":"https:\/\/emprunty.com\/de\/wp-json\/wp\/v2\/pages\/1302\/revisions\/4163"}],"wp:attachment":[{"href":"https:\/\/emprunty.com\/de\/wp-json\/wp\/v2\/media?parent=1302"}],"curies":[{"name":"wp","href":"https:\/\/api.w.org\/{rel}","templated":true}]}}